{"id":797,"date":"2024-03-21T15:15:02","date_gmt":"2024-03-21T12:15:02","guid":{"rendered":"https:\/\/www.legelaw.com\/?page_id=797"},"modified":"2024-08-14T01:02:48","modified_gmt":"2024-08-13T22:02:48","slug":"serra-koc-ozgecmis","status":"publish","type":"page","link":"https:\/\/www.legelaw.com\/tr\/ekibimiz\/serra-koc-ozgecmis\/","title":{"rendered":"Serra Ko\u00e7 \u00d6zge\u00e7mi\u015f"},"content":{"rendered":"<div class=\"fusion-fullwidth fullwidth-box fusion-builder-row-1 fusion-flex-container has-pattern-background has-mask-background nonhundred-percent-fullwidth non-hundred-percent-height-scrolling\" style=\"--link_hover_color: #278b77;--link_color: #278b77;--awb-background-position:right top;--awb-background-blend-mode:overlay;--awb-border-color:#ffffff;--awb-border-radius-top-left:0px;--awb-border-radius-top-right:0px;--awb-border-radius-bottom-right:0px;--awb-border-radius-bottom-left:0px;--awb-padding-top:80px;--awb-padding-bottom:80px;--awb-padding-top-medium:90px;--awb-padding-bottom-medium:90px;--awb-padding-top-small:80px;--awb-padding-bottom-small:80px;--awb-margin-bottom-medium:0px;--awb-background-color:#ffffff;--awb-flex-wrap:wrap;\" id=\"who\" ><div class=\"awb-background-mask\" style=\"background-image:  url(data:image\/svg+xml;utf8,%3Csvg%20width%3D%221920%22%20height%3D%22954%22%20fill%3D%22none%22%20xmlns%3D%22http%3A%2F%2Fwww.w3.org%2F2000%2Fsvg%22%3E%3Cg%20clip-path%3D%22url%28%23prefix__clip0_75_23031%29%22%20fill%3D%22rgba%280%2C90%2C140%2C0.65%29%22%3E%3Cpath%20d%3D%22M1321.57%20538C1357.08%20287.516%201273.7%2089.91%201127-.418L1374.18-6c65.77%20100.68-15.89%20431.512-52.61%20544zM312%20955c432.242%200%20746.77-180.667%20850-271-90.34%20157.09-176.766%20246.121-208.688%20271H312z%22%20fill%3D%22rgba%2839%2C155%2C72%2C0.37%29%22%20fill-opacity%3D%22.25%22%2F%3E%3Cpath%20d%3D%22M1344.5%20427c0-252.4-212.67-390.833-319-428.5H1373c70%2082.4%2010.17%20320-28.5%20428.5z%22%20fill%3D%22rgba%2839%2C155%2C72%2C0.37%29%22%20fill-opacity%3D%22.1%22%2F%3E%3Cpath%20fill-rule%3D%22evenodd%22%20clip-rule%3D%22evenodd%22%20d%3D%22M839.644%20954C1138.37%20793.549%201337%20508.902%201337%20184.5c0-63.218-7.54-124.926-21.9-184.5H1920v954H839.644zm0%200C676.842%201041.44%20484.311%201092%20278%201092c-584.87%200-1059-406.302-1059-907.5S-306.87-723%20278-723c511.098%200%20937.63%20310.269%201037.1%20723H0v954h839.644z%22%20fill%3D%22rgba%2839%2C155%2C72%2C0.37%29%22%20fill-opacity%3D%22.5%22%2F%3E%3Cpath%20fill-rule%3D%22evenodd%22%20clip-rule%3D%22evenodd%22%20d%3D%22M1011.55%20954C1221.42%20793.95%201353%20564.007%201353%20308.5c0-108.584-23.76-212.552-67.2-308.5H1920v954h-908.45zm0%200c-187.291%20142.83-436.933%20230-711.05%20230C-280.78%201184-752%20792.025-752%20308.5S-280.78-567%20300.5-567c450.743%200%20835.31%20235.692%20985.3%20567H0v954h1011.55z%22%2F%3E%3C%2Fg%3E%3Cdefs%3E%3CclipPath%20id%3D%22prefix__clip0_75_23031%22%3E%3Cpath%20fill%3D%22%23fff%22%20d%3D%22M0%200h1920v954H0z%22%2F%3E%3C%2FclipPath%3E%3C%2Fdefs%3E%3C%2Fsvg%3E);opacity: 1 ;transform: scale(-1, -1);mix-blend-mode:normal;\"><\/div><div class=\"fusion-builder-row fusion-row fusion-flex-align-items-center fusion-flex-content-wrap\" style=\"max-width:1248px;margin-left: calc(-4% \/ 2 );margin-right: calc(-4% \/ 2 );\"><div class=\"fusion-layout-column fusion_builder_column fusion-builder-column-0 fusion_builder_column_1_3 1_3 fusion-flex-column fusion-animated\" style=\"--awb-bg-size:cover;--awb-width-large:33.333333333333%;--awb-margin-top-large:0px;--awb-spacing-right-large:72px;--awb-margin-bottom-large:0px;--awb-spacing-left-large:5.76%;--awb-width-medium:50%;--awb-order-medium:0;--awb-spacing-right-medium:70px;--awb-spacing-left-medium:3.84%;--awb-width-small:100%;--awb-order-small:0;--awb-spacing-right-small:1.92%;--awb-spacing-left-small:1.92%;\" data-animationType=\"fadeInUp\" data-animationDuration=\"0.8\" data-animationOffset=\"top-into-view\" data-scroll-devices=\"small-visibility,medium-visibility,large-visibility\"><div class=\"fusion-column-wrapper fusion-column-has-shadow fusion-flex-justify-content-flex-start fusion-content-layout-column\"><div class=\"fusion-image-element \" style=\"--awb-bottom-shadow-color:var(--awb-color7);--awb-aspect-ratio: 100 \/ 119;--awb-margin-bottom-small:50px;--awb-caption-title-font-family:var(--h2_typography-font-family);--awb-caption-title-font-weight:var(--h2_typography-font-weight);--awb-caption-title-font-style:var(--h2_typography-font-style);--awb-caption-title-size:var(--h2_typography-font-size);--awb-caption-title-transform:var(--h2_typography-text-transform);--awb-caption-title-line-height:var(--h2_typography-line-height);--awb-caption-title-letter-spacing:var(--h2_typography-letter-spacing);\"><div class=\"awb-image-frame awb-image-frame-1 awb-bottomshadow\"><span class=\" fusion-imageframe imageframe-bottomshadow imageframe-1 hover-type-none has-aspect-ratio\"><img decoding=\"async\" width=\"300\" height=\"300\" title=\"Photograph Straw Hat Collection Instagram Post -3\" src=\"https:\/\/www.legelaw.com\/wp-content\/uploads\/2024\/08\/Photograph-Straw-Hat-Collection-Instagram-Post-3-300x300.png\" class=\"img-responsive wp-image-2080 img-with-aspect-ratio\" data-parent-fit=\"cover\" data-parent-container=\".fusion-image-element\" alt srcset=\"https:\/\/www.legelaw.com\/wp-content\/uploads\/2024\/08\/Photograph-Straw-Hat-Collection-Instagram-Post-3-200x200.png 200w, https:\/\/www.legelaw.com\/wp-content\/uploads\/2024\/08\/Photograph-Straw-Hat-Collection-Instagram-Post-3-400x400.png 400w, https:\/\/www.legelaw.com\/wp-content\/uploads\/2024\/08\/Photograph-Straw-Hat-Collection-Instagram-Post-3-600x600.png 600w, https:\/\/www.legelaw.com\/wp-content\/uploads\/2024\/08\/Photograph-Straw-Hat-Collection-Instagram-Post-3-800x800.png 800w, https:\/\/www.legelaw.com\/wp-content\/uploads\/2024\/08\/Photograph-Straw-Hat-Collection-Instagram-Post-3.png 1080w\" sizes=\"(max-width: 640px) 100vw, 400px\" \/><\/span><svg xmlns=\"http:\/\/www.w3.org\/2000\/svg\" version=\"1.1\" width=\"100%\" viewBox=\"0 0 600 28\" preserveAspectRatio=\"none\"><g clip-path=\"url(#a)\"><mask id=\"b\" style=\"mask-type:luminance\" maskUnits=\"userSpaceOnUse\" x=\"0\" y=\"0\" width=\"600\" height=\"28\"><path d=\"M0 0h600v28H0V0Z\" fill=\"#fff\"\/><\/mask><g filter=\"url(#c)\" mask=\"url(#b)\"><path d=\"M16.439-18.667h567.123v30.8S438.961-8.4 300-8.4C161.04-8.4 16.438 12.133 16.438 12.133v-30.8Z\" fill=\"#000\"\/><\/g><\/g><defs><clipPath id=\"a\"><path fill=\"#fff\" d=\"M0 0h600v28H0z\"\/><\/clipPath><filter id=\"c\" x=\"5.438\" y=\"-29.667\" width=\"589.123\" height=\"52.8\" filterUnits=\"userSpaceOnUse\" color-interpolation-filters=\"sRGB\"><feFlood flood-opacity=\"0\" result=\"BackgroundImageFix\"\/><feBlend in=\"SourceGraphic\" in2=\"BackgroundImageFix\" result=\"shape\"\/><feGaussianBlur stdDeviation=\"5.5\" result=\"effect1_foregroundBlur_3983_183\"\/><\/filter><\/defs><\/svg><\/div><\/div><\/div><\/div><div class=\"fusion-layout-column fusion_builder_column fusion-builder-column-1 fusion_builder_column_2_3 2_3 fusion-flex-column fusion-animated\" style=\"--awb-padding-bottom-medium:0px;--awb-bg-size:cover;--awb-width-large:66.666666666667%;--awb-margin-top-large:0px;--awb-spacing-right-large:2.88%;--awb-margin-bottom-large:0px;--awb-spacing-left-large:55px;--awb-width-medium:50%;--awb-order-medium:0;--awb-spacing-right-medium:3.84%;--awb-spacing-left-medium:20px;--awb-width-small:100%;--awb-order-small:0;--awb-spacing-right-small:1.92%;--awb-spacing-left-small:20px;\" data-animationType=\"fadeInRight\" data-animationDuration=\"1.3\" data-animationOffset=\"top-into-view\" data-scroll-devices=\"small-visibility,medium-visibility,large-visibility\"><div class=\"fusion-column-wrapper fusion-column-has-shadow fusion-flex-justify-content-flex-start fusion-content-layout-column\"><div class=\"fusion-title title fusion-title-1 fusion-sep-none fusion-title-text fusion-title-size-two\" style=\"--awb-font-size:30px;\"><h2 class=\"fusion-title-heading title-heading-left\" style=\"margin:0;font-size:1em;\">Serra Ko\u00e7<\/h2><\/div><div class=\"fusion-text fusion-text-1 fusion-text-no-margin\" style=\"--awb-text-color:#091b18;--awb-margin-bottom:10px;\"><p>\u00d6\u011fretim G\u00f6revlisi<\/p>\n<\/div><div class=\"fusion-separator fusion-full-width-sep\" style=\"align-self: center;margin-left: auto;margin-right: auto;margin-top:10px;margin-bottom:30px;width:100%;\"><div class=\"fusion-separator-border sep-shadow\" style=\"--awb-height:20px;--awb-amount:20px;background:radial-gradient(ellipse at 50% -50% , var(--awb-color3) 0px, rgba(255, 255, 255, 0) 80%) repeat scroll 0 0 rgba(0, 0, 0, 0);background:-webkit-radial-gradient(ellipse at 50% -50% , var(--awb-color3) 0px, rgba(255, 255, 255, 0) 80%) repeat scroll 0 0 rgba(0, 0, 0, 0);background:-moz-radial-gradient(ellipse at 50% -50% , var(--awb-color3) 0px, rgba(255, 255, 255, 0) 80%) repeat scroll 0 0 rgba(0, 0, 0, 0);background:-o-radial-gradient(ellipse at 50% -50% , var(--awb-color3) 0px, rgba(255, 255, 255, 0) 80%) repeat scroll 0 0 rgba(0, 0, 0, 0);\"><\/div><\/div><div class=\"fusion-text fusion-text-2\" style=\"--awb-font-size:14px;\"><p>\u00c7apa Anadolu \u00d6\u011fretmen Lisesi\u2019nden mezun olmu\u015f, ard\u0131ndan Marmara \u00dcniversitesi Hukuk Fak\u00fcltesi\u2019nde lisans e\u011fitimini tamamlam\u0131\u015ft\u0131r. Devam\u0131nda \u0130stanbul \u00dcniversitesi Sosyal Bilimler Enstit\u00fcs\u00fc kapsam\u0131nda \u00f6zel hukuk alan\u0131nda \u201c\u00c7ok Uluslu \u015eirketlerin \u0130nsan Haklar\u0131 Uyu\u015fmazl\u0131klar\u0131n\u0131n \u00c7\u00f6z\u00fcm\u00fcnde Tahkim Ve \u0130\u015f D\u00fcnyas\u0131 \u0130\u00e7in \u0130nsan Haklar\u0131 Tahkimine \u0130li\u015fkin Lahey Kurallar\u0131\u201d konulu y\u00fcksek lisans tezini yazmakta ve \u00e7ok iyi derecede \u0130ngilizce bilmektedir.<\/p>\n<p>Milletleraras\u0131 \u00d6zel Hukuk k\u00fcrs\u00fcs\u00fcnde ara\u015ft\u0131rma g\u00f6revlisi olan Serra Ko\u00e7, ISTAC taraf\u0131ndan verilen Tahkim\u2019de Taraf Vekilli\u011fi e\u011fitimini tamamlam\u0131\u015f, bir\u00e7ok tahkim dosyas\u0131nda sekretarya g\u00f6revini y\u00fcr\u00fctm\u00fc\u015ft\u00fcr. Tahkim ve \u0130\u015f D\u00fcnyas\u0131 i\u00e7in \u0130nsan Haklar\u0131 konusunda akademik \u00e7al\u0131\u015fmalar\u0131n\u0131n yan\u0131nda ofisimize de bu konularda dan\u0131\u015fmanl\u0131k yapmaktad\u0131r. \u00d6zellikle ofisimizin uyumluluk projelerinde, BHR ve Alman Tedarik Zinciri Yasas\u0131 konular\u0131nda e\u011fitimlerle destek vermektedir.<\/p>\n<\/div><\/div><\/div><\/div><\/div>\n","protected":false},"excerpt":{"rendered":"","protected":false},"author":1,"featured_media":0,"parent":441,"menu_order":0,"comment_status":"closed","ping_status":"closed","template":"100-width.php","meta":{"footnotes":""},"class_list":["post-797","page","type-page","status-publish","hentry"],"yoast_head":"<!-- This site is optimized with the Yoast SEO plugin v27.5 - https:\/\/yoast.com\/product\/yoast-seo-wordpress\/ -->\n<title>Serra Ko\u00e7 \u00d6zge\u00e7mi\u015f - Lege Law<\/title>\n<meta name=\"description\" content=\"\u00c7apa Anadolu \u00d6\u011fretmen Lisesi\u2019nden mezun olmu\u015f, ard\u0131ndan Marmara \u00dcniversitesi Hukuk Fak\u00fcltesi\u2019nde lisans e\u011fitimini tamamlam\u0131\u015ft\u0131r..\" \/>\n<meta name=\"robots\" content=\"index, follow, max-snippet:-1, max-image-preview:large, max-video-preview:-1\" \/>\n<link rel=\"canonical\" href=\"https:\/\/www.legelaw.com\/tr\/ekibimiz\/serra-koc-ozgecmis\/\" \/>\n<meta property=\"og:locale\" content=\"tr_TR\" \/>\n<meta property=\"og:type\" content=\"article\" \/>\n<meta property=\"og:title\" content=\"Serra Ko\u00e7 \u00d6zge\u00e7mi\u015f - Lege Law\" \/>\n<meta property=\"og:description\" content=\"\u00c7apa Anadolu \u00d6\u011fretmen Lisesi\u2019nden mezun olmu\u015f, ard\u0131ndan Marmara \u00dcniversitesi Hukuk Fak\u00fcltesi\u2019nde lisans e\u011fitimini tamamlam\u0131\u015ft\u0131r..\" \/>\n<meta property=\"og:url\" content=\"https:\/\/www.legelaw.com\/tr\/ekibimiz\/serra-koc-ozgecmis\/\" \/>\n<meta property=\"og:site_name\" content=\"Lege Law\" \/>\n<meta property=\"article:modified_time\" content=\"2024-08-13T22:02:48+00:00\" \/>\n<meta name=\"twitter:card\" content=\"summary_large_image\" \/>\n<meta name=\"twitter:label1\" content=\"Tahmini okuma s\u00fcresi\" \/>\n\t<meta name=\"twitter:data1\" content=\"1 dakika\" \/>\n<script type=\"application\/ld+json\" class=\"yoast-schema-graph\">{\"@context\":\"https:\\\/\\\/schema.org\",\"@graph\":[{\"@type\":\"WebPage\",\"@id\":\"https:\\\/\\\/www.legelaw.com\\\/tr\\\/ekibimiz\\\/serra-koc-ozgecmis\\\/\",\"url\":\"https:\\\/\\\/www.legelaw.com\\\/tr\\\/ekibimiz\\\/serra-koc-ozgecmis\\\/\",\"name\":\"Serra Ko\u00e7 \u00d6zge\u00e7mi\u015f - Lege Law\",\"isPartOf\":{\"@id\":\"https:\\\/\\\/www.legelaw.com\\\/tr\\\/#website\"},\"datePublished\":\"2024-03-21T12:15:02+00:00\",\"dateModified\":\"2024-08-13T22:02:48+00:00\",\"description\":\"\u00c7apa Anadolu \u00d6\u011fretmen Lisesi\u2019nden mezun olmu\u015f, ard\u0131ndan Marmara \u00dcniversitesi Hukuk Fak\u00fcltesi\u2019nde lisans e\u011fitimini tamamlam\u0131\u015ft\u0131r..\",\"breadcrumb\":{\"@id\":\"https:\\\/\\\/www.legelaw.com\\\/tr\\\/ekibimiz\\\/serra-koc-ozgecmis\\\/#breadcrumb\"},\"inLanguage\":\"tr\",\"potentialAction\":[{\"@type\":\"ReadAction\",\"target\":[\"https:\\\/\\\/www.legelaw.com\\\/tr\\\/ekibimiz\\\/serra-koc-ozgecmis\\\/\"]}]},{\"@type\":\"BreadcrumbList\",\"@id\":\"https:\\\/\\\/www.legelaw.com\\\/tr\\\/ekibimiz\\\/serra-koc-ozgecmis\\\/#breadcrumb\",\"itemListElement\":[{\"@type\":\"ListItem\",\"position\":1,\"name\":\"Home\",\"item\":\"https:\\\/\\\/www.legelaw.com\\\/tr\\\/\"},{\"@type\":\"ListItem\",\"position\":2,\"name\":\"Ekibimiz\",\"item\":\"https:\\\/\\\/www.legelaw.com\\\/tr\\\/ekibimiz\\\/\"},{\"@type\":\"ListItem\",\"position\":3,\"name\":\"Serra Ko\u00e7 \u00d6zge\u00e7mi\u015f\"}]},{\"@type\":\"WebSite\",\"@id\":\"https:\\\/\\\/www.legelaw.com\\\/tr\\\/#website\",\"url\":\"https:\\\/\\\/www.legelaw.com\\\/tr\\\/\",\"name\":\"Lege Law\",\"description\":\"Attorneys at law\",\"potentialAction\":[{\"@type\":\"SearchAction\",\"target\":{\"@type\":\"EntryPoint\",\"urlTemplate\":\"https:\\\/\\\/www.legelaw.com\\\/tr\\\/?s={search_term_string}\"},\"query-input\":{\"@type\":\"PropertyValueSpecification\",\"valueRequired\":true,\"valueName\":\"search_term_string\"}}],\"inLanguage\":\"tr\"}]}<\/script>\n<!-- \/ Yoast SEO plugin. -->","yoast_head_json":{"title":"Serra Ko\u00e7 \u00d6zge\u00e7mi\u015f - Lege Law","description":"\u00c7apa Anadolu \u00d6\u011fretmen Lisesi\u2019nden mezun olmu\u015f, ard\u0131ndan Marmara \u00dcniversitesi Hukuk Fak\u00fcltesi\u2019nde lisans e\u011fitimini tamamlam\u0131\u015ft\u0131r..","robots":{"index":"index","follow":"follow","max-snippet":"max-snippet:-1","max-image-preview":"max-image-preview:large","max-video-preview":"max-video-preview:-1"},"canonical":"https:\/\/www.legelaw.com\/tr\/ekibimiz\/serra-koc-ozgecmis\/","og_locale":"tr_TR","og_type":"article","og_title":"Serra Ko\u00e7 \u00d6zge\u00e7mi\u015f - Lege Law","og_description":"\u00c7apa Anadolu \u00d6\u011fretmen Lisesi\u2019nden mezun olmu\u015f, ard\u0131ndan Marmara \u00dcniversitesi Hukuk Fak\u00fcltesi\u2019nde lisans e\u011fitimini tamamlam\u0131\u015ft\u0131r..","og_url":"https:\/\/www.legelaw.com\/tr\/ekibimiz\/serra-koc-ozgecmis\/","og_site_name":"Lege Law","article_modified_time":"2024-08-13T22:02:48+00:00","twitter_card":"summary_large_image","twitter_misc":{"Tahmini okuma s\u00fcresi":"1 dakika"},"schema":{"@context":"https:\/\/schema.org","@graph":[{"@type":"WebPage","@id":"https:\/\/www.legelaw.com\/tr\/ekibimiz\/serra-koc-ozgecmis\/","url":"https:\/\/www.legelaw.com\/tr\/ekibimiz\/serra-koc-ozgecmis\/","name":"Serra Ko\u00e7 \u00d6zge\u00e7mi\u015f - Lege Law","isPartOf":{"@id":"https:\/\/www.legelaw.com\/tr\/#website"},"datePublished":"2024-03-21T12:15:02+00:00","dateModified":"2024-08-13T22:02:48+00:00","description":"\u00c7apa Anadolu \u00d6\u011fretmen Lisesi\u2019nden mezun olmu\u015f, ard\u0131ndan Marmara \u00dcniversitesi Hukuk Fak\u00fcltesi\u2019nde lisans e\u011fitimini tamamlam\u0131\u015ft\u0131r..","breadcrumb":{"@id":"https:\/\/www.legelaw.com\/tr\/ekibimiz\/serra-koc-ozgecmis\/#breadcrumb"},"inLanguage":"tr","potentialAction":[{"@type":"ReadAction","target":["https:\/\/www.legelaw.com\/tr\/ekibimiz\/serra-koc-ozgecmis\/"]}]},{"@type":"BreadcrumbList","@id":"https:\/\/www.legelaw.com\/tr\/ekibimiz\/serra-koc-ozgecmis\/#breadcrumb","itemListElement":[{"@type":"ListItem","position":1,"name":"Home","item":"https:\/\/www.legelaw.com\/tr\/"},{"@type":"ListItem","position":2,"name":"Ekibimiz","item":"https:\/\/www.legelaw.com\/tr\/ekibimiz\/"},{"@type":"ListItem","position":3,"name":"Serra Ko\u00e7 \u00d6zge\u00e7mi\u015f"}]},{"@type":"WebSite","@id":"https:\/\/www.legelaw.com\/tr\/#website","url":"https:\/\/www.legelaw.com\/tr\/","name":"Lege Law","description":"Attorneys at law","potentialAction":[{"@type":"SearchAction","target":{"@type":"EntryPoint","urlTemplate":"https:\/\/www.legelaw.com\/tr\/?s={search_term_string}"},"query-input":{"@type":"PropertyValueSpecification","valueRequired":true,"valueName":"search_term_string"}}],"inLanguage":"tr"}]}},"_links":{"self":[{"href":"https:\/\/www.legelaw.com\/tr\/wp-json\/wp\/v2\/pages\/797","targetHints":{"allow":["GET"]}}],"collection":[{"href":"https:\/\/www.legelaw.com\/tr\/wp-json\/wp\/v2\/pages"}],"about":[{"href":"https:\/\/www.legelaw.com\/tr\/wp-json\/wp\/v2\/types\/page"}],"author":[{"embeddable":true,"href":"https:\/\/www.legelaw.com\/tr\/wp-json\/wp\/v2\/users\/1"}],"replies":[{"embeddable":true,"href":"https:\/\/www.legelaw.com\/tr\/wp-json\/wp\/v2\/comments?post=797"}],"version-history":[{"count":3,"href":"https:\/\/www.legelaw.com\/tr\/wp-json\/wp\/v2\/pages\/797\/revisions"}],"predecessor-version":[{"id":2086,"href":"https:\/\/www.legelaw.com\/tr\/wp-json\/wp\/v2\/pages\/797\/revisions\/2086"}],"up":[{"embeddable":true,"href":"https:\/\/www.legelaw.com\/tr\/wp-json\/wp\/v2\/pages\/441"}],"wp:attachment":[{"href":"https:\/\/www.legelaw.com\/tr\/wp-json\/wp\/v2\/media?parent=797"}],"curies":[{"name":"wp","href":"https:\/\/api.w.org\/{rel}","templated":true}]}}