{"id":676,"date":"2024-02-09T03:14:10","date_gmt":"2024-02-09T00:14:10","guid":{"rendered":"https:\/\/www.legelaw.com\/calisma-alanlarimiz\/telecommunications-media-and-technology\/"},"modified":"2024-03-12T19:56:23","modified_gmt":"2024-03-12T16:56:23","slug":"telekominikasyon-medya-teknoloji","status":"publish","type":"page","link":"https:\/\/www.legelaw.com\/tr\/calisma-alanlarimiz\/telekominikasyon-medya-teknoloji\/","title":{"rendered":"Telekom\u00fcnikasyon, Medya ve Teknoloji"},"content":{"rendered":"<div class=\"fusion-fullwidth fullwidth-box fusion-builder-row-1 fusion-flex-container has-pattern-background has-mask-background nonhundred-percent-fullwidth non-hundred-percent-height-scrolling\" style=\"--awb-border-radius-top-left:0px;--awb-border-radius-top-right:0px;--awb-border-radius-bottom-right:0px;--awb-border-radius-bottom-left:0px;--awb-padding-top:100px;--awb-padding-bottom:100px;--awb-flex-wrap:wrap;\" ><div class=\"awb-background-mask\" style=\"background-image:  url(data:image\/svg+xml;utf8,%3Csvg%20width%3D%221920%22%20height%3D%22954%22%20fill%3D%22none%22%20xmlns%3D%22http%3A%2F%2Fwww.w3.org%2F2000%2Fsvg%22%3E%3Cg%20clip-path%3D%22url%28%23prefix__clip0_75_23031%29%22%20fill%3D%22rgba%2839%2C155%2C72%2C0.15%29%22%3E%3Cpath%20d%3D%22M1321.57%20538C1357.08%20287.516%201273.7%2089.91%201127-.418L1374.18-6c65.77%20100.68-15.89%20431.512-52.61%20544zM312%20955c432.242%200%20746.77-180.667%20850-271-90.34%20157.09-176.766%20246.121-208.688%20271H312z%22%20fill%3D%22rgba%2839%2C155%2C72%2C0.1%29%22%20fill-opacity%3D%22.25%22%2F%3E%3Cpath%20d%3D%22M1344.5%20427c0-252.4-212.67-390.833-319-428.5H1373c70%2082.4%2010.17%20320-28.5%20428.5z%22%20fill%3D%22rgba%2839%2C155%2C72%2C0.1%29%22%20fill-opacity%3D%22.1%22%2F%3E%3Cpath%20fill-rule%3D%22evenodd%22%20clip-rule%3D%22evenodd%22%20d%3D%22M839.644%20954C1138.37%20793.549%201337%20508.902%201337%20184.5c0-63.218-7.54-124.926-21.9-184.5H1920v954H839.644zm0%200C676.842%201041.44%20484.311%201092%20278%201092c-584.87%200-1059-406.302-1059-907.5S-306.87-723%20278-723c511.098%200%20937.63%20310.269%201037.1%20723H0v954h839.644z%22%20fill%3D%22rgba%2839%2C155%2C72%2C0.1%29%22%20fill-opacity%3D%22.5%22%2F%3E%3Cpath%20fill-rule%3D%22evenodd%22%20clip-rule%3D%22evenodd%22%20d%3D%22M1011.55%20954C1221.42%20793.95%201353%20564.007%201353%20308.5c0-108.584-23.76-212.552-67.2-308.5H1920v954h-908.45zm0%200c-187.291%20142.83-436.933%20230-711.05%20230C-280.78%201184-752%20792.025-752%20308.5S-280.78-567%20300.5-567c450.743%200%20835.31%20235.692%20985.3%20567H0v954h1011.55z%22%2F%3E%3C%2Fg%3E%3Cdefs%3E%3CclipPath%20id%3D%22prefix__clip0_75_23031%22%3E%3Cpath%20fill%3D%22%23fff%22%20d%3D%22M0%200h1920v954H0z%22%2F%3E%3C%2FclipPath%3E%3C%2Fdefs%3E%3C%2Fsvg%3E);opacity: 1 ;transform: scale(1, 1);mix-blend-mode:normal;\"><\/div><div class=\"fusion-builder-row fusion-row fusion-flex-align-items-flex-start fusion-flex-content-wrap\" style=\"max-width:1248px;margin-left: calc(-4% \/ 2 );margin-right: calc(-4% \/ 2 );\"><div class=\"fusion-layout-column fusion_builder_column fusion-builder-column-0 fusion_builder_column_1_1 1_1 fusion-flex-column\" style=\"--awb-padding-bottom:60px;--awb-bg-size:cover;--awb-width-large:100%;--awb-margin-top-large:0px;--awb-spacing-right-large:1.92%;--awb-margin-bottom-large:0px;--awb-spacing-left-large:1.92%;--awb-width-medium:100%;--awb-order-medium:0;--awb-spacing-right-medium:1.92%;--awb-spacing-left-medium:1.92%;--awb-width-small:100%;--awb-order-small:0;--awb-spacing-right-small:1.92%;--awb-spacing-left-small:1.92%;\"><div class=\"fusion-column-wrapper fusion-column-has-shadow fusion-flex-justify-content-flex-start fusion-content-layout-column\"><div class=\"fusion-title title fusion-title-1 fusion-sep-none fusion-title-text fusion-title-size-one\" style=\"--awb-margin-top:0px;--awb-margin-bottom:40px;--awb-margin-bottom-small:20px;--awb-font-size:40px;\"><h1 class=\"fusion-title-heading title-heading-left\" style=\"margin:0;font-size:1em;\">Telekom\u00fcnikasyon, Medya ve Teknoloji<\/h1><\/div><div class=\"fusion-separator\" style=\"align-self: flex-start;margin-right:auto;width:100%;max-width:10%;\"><div class=\"fusion-separator-border sep-shadow\" style=\"--awb-height:20px;--awb-amount:20px;--awb-sep-color:var(--awb-color5);background:radial-gradient(ellipse at 50% -50% , var(--awb-color5) 0px, rgba(255, 255, 255, 0) 80%) repeat scroll 0 0 rgba(0, 0, 0, 0);background:-webkit-radial-gradient(ellipse at 50% -50% , var(--awb-color5) 0px, rgba(255, 255, 255, 0) 80%) repeat scroll 0 0 rgba(0, 0, 0, 0);background:-moz-radial-gradient(ellipse at 50% -50% , var(--awb-color5) 0px, rgba(255, 255, 255, 0) 80%) repeat scroll 0 0 rgba(0, 0, 0, 0);background:-o-radial-gradient(ellipse at 50% -50% , var(--awb-color5) 0px, rgba(255, 255, 255, 0) 80%) repeat scroll 0 0 rgba(0, 0, 0, 0);\"><\/div><\/div><div class=\"fusion-text fusion-text-1 fusion-text-no-margin\" style=\"--awb-font-size:14px;--awb-margin-bottom:40px;\"><blockquote>\n<p>Dijital sekt\u00f6r\u00fcn her alan\u0131nda \u00e7al\u0131\u015fan ekibimiz, yenilik\u00e7i i\u015f modeli ve teknolojilere sahip start-uplardan uluslararas\u0131 \u015firketlere kadar \u00e7ok farkl\u0131 ve \u00e7e\u015fitli organizasyonlara dan\u0131\u015fmanl\u0131k hizmeti vermektedir.<\/p>\n<\/blockquote>\n<p><strong>Teknolojik yenilikler; i\u015fletmeleri, pazarlar\u0131 ve g\u00fcnl\u00fck hayat\u0131 b\u00fcy\u00fck bir h\u0131zla d\u00f6n\u00fc\u015ft\u00fcrmekte olup LEGE avukatlar\u0131 dan\u0131\u015fmanl\u0131klar\u0131 vas\u0131tas\u0131yla m\u00fcvekkillerin bu dijital devrimin \u00f6n safhalar\u0131nda yer almalar\u0131 i\u00e7in gerekli deste\u011fi sa\u011flamaktad\u0131r. M\u00fcvekkillerimizin i\u015f ortamlar\u0131n\u0131 ve stratejik ama\u00e7lar\u0131n\u0131 anlamak birinci s\u0131n\u0131f yasal dan\u0131\u015fmanl\u0131k sa\u011flanmas\u0131nda anahtar konumundad\u0131r.<\/strong><\/p>\n<\/div><div class=\"fusion-text fusion-text-2\" style=\"--awb-font-size:14px;\"><ul>\n<li>Yasal geli\u015fmeleri takip etmek ve hukuki de\u011fi\u015fiklikleri raporlanmas\u0131.<\/li>\n<li>Uyumluluk analizi ile m\u00fcvekkillerimizin yerel ve uluslararas\u0131 mevzuat kapsam\u0131ndaki i\u015fletmesel konumunun tespit edilmesi.<\/li>\n<li>Harici altyap\u0131 hizmeti, bulut hizmetleri, y\u00f6netilen a\u011flar, mobil sanal a\u011f operasyonu, VoIP hizmetlerini i\u00e7eren sekt\u00f6re \u00f6zel s\u00f6zle\u015fmelerin tasarlanmas\u0131 ve bu s\u00f6zle\u015fmelerin yerel mevzuat kapsam\u0131nda kar\u015f\u0131la\u015f\u0131lmas\u0131 muhtemel yasal riskler ve sorunlara y\u00f6nelik analiz edilmesi.<\/li>\n<li>\u0130lgili devlet otoriteleri nezdindeki taleplerin\/ba\u015fvurular\u0131n haz\u0131rlanmas\u0131 ve dosyalanmas\u0131.<\/li>\n<li>Telekom\u00fcnikasyon sekt\u00f6r\u00fc ile ilgili olarak ortaya \u00e7\u0131kan uyu\u015fmazl\u0131klar\u0131n teknik ve idari taraflar\u0131na ili\u015fkin olarak yasal dan\u0131\u015fmanl\u0131k hizmeti verilmesi.<br \/>\nM\u00fcvekkillerin telekom\u00fcnikasyon, yay\u0131n ve fikri m\u00fclkiyet otoriteleri gibi T\u00fcrk otoriteler \u00f6n\u00fcnde temsil edilmesi ve dolay\u0131s\u0131 ile m\u00fcvekkillerin ilgili otoriteler ve T\u00fcrk mahkemeleri ile ileti\u015fimlerinin ve yaz\u0131\u015fmalar\u0131n\u0131n her a\u015famas\u0131nda yard\u0131mc\u0131 olunmas\u0131.<\/li>\n<li>M\u00fcvekkillerimiz taraf\u0131ndan sa\u011flanan, yay\u0131n\u0131 yap\u0131lan, bas\u0131lan, sunuculu\u011fu yap\u0131lan ve yay\u0131nlanan i\u00e7eriklerin derinlemesine analiz edilmesi ve kendilerine T\u00fcrk mahkeme ve otoriteleri taraf\u0131ndan verilen kararlar ve ilgili mevzuata uyumlulu\u011fu sa\u011flayacak yarat\u0131c\u0131 dan\u0131\u015fmanl\u0131k hizmeti verilmesi.<\/li>\n<li>\u0130lgili mevzuattan kaynaklanabilecek uyumluluk sorunlar\u0131na binaen medya faaliyetleri ve sosyal medya platformlar\u0131na ili\u015fkin olarak sekt\u00f6re \u00f6zel \u00fcst d\u00fczey yasal tavsiye verilmesi ve risk de\u011ferlendirmesi yap\u0131lmas\u0131. Mevcut ve gelecek mevzuat ile yenilik\u00e7i yasal \u00e7\u00f6z\u00fcmlere y\u00f6nelik kar\u015f\u0131la\u015ft\u0131rmal\u0131 analiz sa\u011flayan \u00e7e\u015fitli yasal dan\u0131\u015fmanl\u0131k hizmetleri sunmakla birlikte avukatlar\u0131m\u0131z potansiyel bir yasal d\u00fczenlemenin m\u00fcvekkillerimizin faaliyetleri\/i\u015fleri \u00fczerinde etki yaratabilece\u011fi durumlarda kendilerini ayd\u0131nlatmaktad\u0131r.<\/li>\n<li>M\u00fcvekkillerin lisans anla\u015fmalar\u0131, fikri m\u00fclkiyet devir anla\u015fmalar\u0131, sponsorluk anla\u015fmalar\u0131, \u00fcretim, ortak \u00fcretim ve post-prod\u00fcksiyon anla\u015fmalar\u0131, video oyunu anla\u015fmalar\u0131, gazete anla\u015fmalar\u0131, bask\u0131 presi anla\u015fmalar\u0131, organizasyon anla\u015fmalar\u0131, promosyon anla\u015fmalar\u0131, ajans ve reklam anla\u015fmalar\u0131 ile dan\u0131\u015fmanl\u0131k anla\u015fmalar\u0131 gibi i\u015f alanlar\u0131ndaki t\u00fcm konular\u0131 kapsayan s\u00f6zle\u015fme ve yasal dok\u00fcmanlar\u0131n tasarlanmas\u0131.<\/li>\n<li>Uluslararas\u0131 \u015firketlerin T\u00fcrkiye\u2019deki yay\u0131nc\u0131l\u0131k ve medya stratejilerine ili\u015fkin hukuki yard\u0131m sa\u011flanmas\u0131.<\/li>\n<li>Web siteleri i\u00e7in hukuki inceleme ve yard\u0131m\u0131n yan\u0131 s\u0131ra T\u00fcrkiye\u2019de yerle\u015fik oyun \u015firketleri i\u00e7in hukuki destek sa\u011flanmas\u0131.<\/li>\n<li>Haber sitelerine internet, reklam ve medya d\u00fczenlemeleri ile s\u0131n\u0131rl\u0131 olmamak kayd\u0131 ile T\u00fcrk hukuku kapsam\u0131nda yard\u0131mc\u0131 olunmas\u0131.<\/li>\n<li>Blok Zinciri, ICO, whitepaper ve sorumluluk redlerinin haz\u0131rl\u0131k s\u00fcre\u00e7lerinde dan\u0131\u015fmanl\u0131k verilmesi<\/li>\n<li>Kripto para transferi i\u00e7in borsa i\u015fletenler ve benzeri hizmet sa\u011flayanlara kurulu\u015f safhas\u0131ndan itibaren t\u00fcm hukuki altyap\u0131n\u0131n sa\u011flanmas\u0131.<\/li>\n<li>\u0130nternet i\u00e7erik sa\u011flay\u0131c\u0131 ve yer sa\u011flay\u0131c\u0131s\u0131na y\u00f6nelik dan\u0131\u015fmanl\u0131k hizmeti verilmesi<\/li>\n<\/ul>\n<\/div><\/div><\/div><\/div><\/div>\n","protected":false},"excerpt":{"rendered":"","protected":false},"author":1,"featured_media":0,"parent":452,"menu_order":0,"comment_status":"closed","ping_status":"closed","template":"100-width.php","meta":{"footnotes":""},"class_list":["post-676","page","type-page","status-publish","hentry"],"yoast_head":"<!-- This site is optimized with the Yoast SEO plugin v26.0 - https:\/\/yoast.com\/wordpress\/plugins\/seo\/ -->\n<title>Telekom\u00fcnikasyon, Medya ve Teknoloji - Lege Law<\/title>\n<meta name=\"description\" content=\"Dijital sekt\u00f6r\u00fcn her alan\u0131nda \u00e7al\u0131\u015fan ekibimiz, yenilik\u00e7i i\u015f modeli ve teknolojilere sahip start-uplardan uluslararas\u0131 \u015firketlere kadar ..\" \/>\n<meta name=\"robots\" content=\"index, follow, max-snippet:-1, max-image-preview:large, max-video-preview:-1\" \/>\n<link rel=\"canonical\" href=\"https:\/\/www.legelaw.com\/tr\/calisma-alanlarimiz\/telekominikasyon-medya-teknoloji\/\" \/>\n<meta property=\"og:locale\" content=\"tr_TR\" \/>\n<meta property=\"og:type\" content=\"article\" \/>\n<meta property=\"og:title\" content=\"Telekom\u00fcnikasyon, Medya ve Teknoloji - Lege Law\" \/>\n<meta property=\"og:description\" content=\"Dijital sekt\u00f6r\u00fcn her alan\u0131nda \u00e7al\u0131\u015fan ekibimiz, yenilik\u00e7i i\u015f modeli ve teknolojilere sahip start-uplardan uluslararas\u0131 \u015firketlere kadar ..\" \/>\n<meta property=\"og:url\" content=\"https:\/\/www.legelaw.com\/tr\/calisma-alanlarimiz\/telekominikasyon-medya-teknoloji\/\" \/>\n<meta property=\"og:site_name\" content=\"Lege Law\" \/>\n<meta property=\"article:modified_time\" content=\"2024-03-12T16:56:23+00:00\" \/>\n<meta name=\"twitter:card\" content=\"summary_large_image\" \/>\n<meta name=\"twitter:label1\" content=\"Tahmini okuma s\u00fcresi\" \/>\n\t<meta name=\"twitter:data1\" content=\"2 dakika\" \/>\n<script type=\"application\/ld+json\" class=\"yoast-schema-graph\">{\"@context\":\"https:\/\/schema.org\",\"@graph\":[{\"@type\":\"WebPage\",\"@id\":\"https:\/\/www.legelaw.com\/tr\/calisma-alanlarimiz\/telekominikasyon-medya-teknoloji\/\",\"url\":\"https:\/\/www.legelaw.com\/tr\/calisma-alanlarimiz\/telekominikasyon-medya-teknoloji\/\",\"name\":\"Telekom\u00fcnikasyon, Medya ve Teknoloji - Lege Law\",\"isPartOf\":{\"@id\":\"https:\/\/www.legelaw.com\/tr\/#website\"},\"datePublished\":\"2024-02-09T00:14:10+00:00\",\"dateModified\":\"2024-03-12T16:56:23+00:00\",\"description\":\"Dijital sekt\u00f6r\u00fcn her alan\u0131nda \u00e7al\u0131\u015fan ekibimiz, yenilik\u00e7i i\u015f modeli ve teknolojilere sahip start-uplardan uluslararas\u0131 \u015firketlere kadar ..\",\"breadcrumb\":{\"@id\":\"https:\/\/www.legelaw.com\/tr\/calisma-alanlarimiz\/telekominikasyon-medya-teknoloji\/#breadcrumb\"},\"inLanguage\":\"tr\",\"potentialAction\":[{\"@type\":\"ReadAction\",\"target\":[\"https:\/\/www.legelaw.com\/tr\/calisma-alanlarimiz\/telekominikasyon-medya-teknoloji\/\"]}]},{\"@type\":\"BreadcrumbList\",\"@id\":\"https:\/\/www.legelaw.com\/tr\/calisma-alanlarimiz\/telekominikasyon-medya-teknoloji\/#breadcrumb\",\"itemListElement\":[{\"@type\":\"ListItem\",\"position\":1,\"name\":\"Home\",\"item\":\"https:\/\/www.legelaw.com\/tr\/\"},{\"@type\":\"ListItem\",\"position\":2,\"name\":\"\u00c7al\u0131\u015fma Alanlar\u0131m\u0131z\",\"item\":\"https:\/\/www.legelaw.com\/tr\/calisma-alanlarimiz\/\"},{\"@type\":\"ListItem\",\"position\":3,\"name\":\"Telekom\u00fcnikasyon, Medya ve Teknoloji\"}]},{\"@type\":\"WebSite\",\"@id\":\"https:\/\/www.legelaw.com\/tr\/#website\",\"url\":\"https:\/\/www.legelaw.com\/tr\/\",\"name\":\"Lege Law\",\"description\":\"Attorneys at law\",\"potentialAction\":[{\"@type\":\"SearchAction\",\"target\":{\"@type\":\"EntryPoint\",\"urlTemplate\":\"https:\/\/www.legelaw.com\/tr\/?s={search_term_string}\"},\"query-input\":{\"@type\":\"PropertyValueSpecification\",\"valueRequired\":true,\"valueName\":\"search_term_string\"}}],\"inLanguage\":\"tr\"}]}<\/script>\n<!-- \/ Yoast SEO plugin. -->","yoast_head_json":{"title":"Telekom\u00fcnikasyon, Medya ve Teknoloji - Lege Law","description":"Dijital sekt\u00f6r\u00fcn her alan\u0131nda \u00e7al\u0131\u015fan ekibimiz, yenilik\u00e7i i\u015f modeli ve teknolojilere sahip start-uplardan uluslararas\u0131 \u015firketlere kadar ..","robots":{"index":"index","follow":"follow","max-snippet":"max-snippet:-1","max-image-preview":"max-image-preview:large","max-video-preview":"max-video-preview:-1"},"canonical":"https:\/\/www.legelaw.com\/tr\/calisma-alanlarimiz\/telekominikasyon-medya-teknoloji\/","og_locale":"tr_TR","og_type":"article","og_title":"Telekom\u00fcnikasyon, Medya ve Teknoloji - Lege Law","og_description":"Dijital sekt\u00f6r\u00fcn her alan\u0131nda \u00e7al\u0131\u015fan ekibimiz, yenilik\u00e7i i\u015f modeli ve teknolojilere sahip start-uplardan uluslararas\u0131 \u015firketlere kadar ..","og_url":"https:\/\/www.legelaw.com\/tr\/calisma-alanlarimiz\/telekominikasyon-medya-teknoloji\/","og_site_name":"Lege Law","article_modified_time":"2024-03-12T16:56:23+00:00","twitter_card":"summary_large_image","twitter_misc":{"Tahmini okuma s\u00fcresi":"2 dakika"},"schema":{"@context":"https:\/\/schema.org","@graph":[{"@type":"WebPage","@id":"https:\/\/www.legelaw.com\/tr\/calisma-alanlarimiz\/telekominikasyon-medya-teknoloji\/","url":"https:\/\/www.legelaw.com\/tr\/calisma-alanlarimiz\/telekominikasyon-medya-teknoloji\/","name":"Telekom\u00fcnikasyon, Medya ve Teknoloji - Lege Law","isPartOf":{"@id":"https:\/\/www.legelaw.com\/tr\/#website"},"datePublished":"2024-02-09T00:14:10+00:00","dateModified":"2024-03-12T16:56:23+00:00","description":"Dijital sekt\u00f6r\u00fcn her alan\u0131nda \u00e7al\u0131\u015fan ekibimiz, yenilik\u00e7i i\u015f modeli ve teknolojilere sahip start-uplardan uluslararas\u0131 \u015firketlere kadar ..","breadcrumb":{"@id":"https:\/\/www.legelaw.com\/tr\/calisma-alanlarimiz\/telekominikasyon-medya-teknoloji\/#breadcrumb"},"inLanguage":"tr","potentialAction":[{"@type":"ReadAction","target":["https:\/\/www.legelaw.com\/tr\/calisma-alanlarimiz\/telekominikasyon-medya-teknoloji\/"]}]},{"@type":"BreadcrumbList","@id":"https:\/\/www.legelaw.com\/tr\/calisma-alanlarimiz\/telekominikasyon-medya-teknoloji\/#breadcrumb","itemListElement":[{"@type":"ListItem","position":1,"name":"Home","item":"https:\/\/www.legelaw.com\/tr\/"},{"@type":"ListItem","position":2,"name":"\u00c7al\u0131\u015fma Alanlar\u0131m\u0131z","item":"https:\/\/www.legelaw.com\/tr\/calisma-alanlarimiz\/"},{"@type":"ListItem","position":3,"name":"Telekom\u00fcnikasyon, Medya ve Teknoloji"}]},{"@type":"WebSite","@id":"https:\/\/www.legelaw.com\/tr\/#website","url":"https:\/\/www.legelaw.com\/tr\/","name":"Lege Law","description":"Attorneys at law","potentialAction":[{"@type":"SearchAction","target":{"@type":"EntryPoint","urlTemplate":"https:\/\/www.legelaw.com\/tr\/?s={search_term_string}"},"query-input":{"@type":"PropertyValueSpecification","valueRequired":true,"valueName":"search_term_string"}}],"inLanguage":"tr"}]}},"_links":{"self":[{"href":"https:\/\/www.legelaw.com\/tr\/wp-json\/wp\/v2\/pages\/676","targetHints":{"allow":["GET"]}}],"collection":[{"href":"https:\/\/www.legelaw.com\/tr\/wp-json\/wp\/v2\/pages"}],"about":[{"href":"https:\/\/www.legelaw.com\/tr\/wp-json\/wp\/v2\/types\/page"}],"author":[{"embeddable":true,"href":"https:\/\/www.legelaw.com\/tr\/wp-json\/wp\/v2\/users\/1"}],"replies":[{"embeddable":true,"href":"https:\/\/www.legelaw.com\/tr\/wp-json\/wp\/v2\/comments?post=676"}],"version-history":[{"count":10,"href":"https:\/\/www.legelaw.com\/tr\/wp-json\/wp\/v2\/pages\/676\/revisions"}],"predecessor-version":[{"id":686,"href":"https:\/\/www.legelaw.com\/tr\/wp-json\/wp\/v2\/pages\/676\/revisions\/686"}],"up":[{"embeddable":true,"href":"https:\/\/www.legelaw.com\/tr\/wp-json\/wp\/v2\/pages\/452"}],"wp:attachment":[{"href":"https:\/\/www.legelaw.com\/tr\/wp-json\/wp\/v2\/media?parent=676"}],"curies":[{"name":"wp","href":"https:\/\/api.w.org\/{rel}","templated":true}]}}