{"id":576,"date":"2024-02-09T04:20:57","date_gmt":"2024-02-09T01:20:57","guid":{"rendered":"https:\/\/www.legelaw.com\/calisma-alanlarimiz\/e-commerce-law\/"},"modified":"2024-03-12T17:09:36","modified_gmt":"2024-03-12T14:09:36","slug":"e-ticaret-hukuku","status":"publish","type":"page","link":"https:\/\/www.legelaw.com\/tr\/calisma-alanlarimiz\/e-ticaret-hukuku\/","title":{"rendered":"E-Ticaret Hukuku"},"content":{"rendered":"<div class=\"fusion-fullwidth fullwidth-box fusion-builder-row-1 fusion-flex-container has-pattern-background has-mask-background nonhundred-percent-fullwidth non-hundred-percent-height-scrolling\" style=\"--awb-border-radius-top-left:0px;--awb-border-radius-top-right:0px;--awb-border-radius-bottom-right:0px;--awb-border-radius-bottom-left:0px;--awb-padding-top:100px;--awb-padding-bottom:100px;--awb-flex-wrap:wrap;\" ><div class=\"awb-background-mask\" style=\"background-image:  url(data:image\/svg+xml;utf8,%3Csvg%20width%3D%221920%22%20height%3D%22954%22%20fill%3D%22none%22%20xmlns%3D%22http%3A%2F%2Fwww.w3.org%2F2000%2Fsvg%22%3E%3Cg%20clip-path%3D%22url%28%23prefix__clip0_75_23031%29%22%20fill%3D%22rgba%2839%2C155%2C72%2C0.15%29%22%3E%3Cpath%20d%3D%22M1321.57%20538C1357.08%20287.516%201273.7%2089.91%201127-.418L1374.18-6c65.77%20100.68-15.89%20431.512-52.61%20544zM312%20955c432.242%200%20746.77-180.667%20850-271-90.34%20157.09-176.766%20246.121-208.688%20271H312z%22%20fill%3D%22rgba%2839%2C155%2C72%2C0.1%29%22%20fill-opacity%3D%22.25%22%2F%3E%3Cpath%20d%3D%22M1344.5%20427c0-252.4-212.67-390.833-319-428.5H1373c70%2082.4%2010.17%20320-28.5%20428.5z%22%20fill%3D%22rgba%2839%2C155%2C72%2C0.1%29%22%20fill-opacity%3D%22.1%22%2F%3E%3Cpath%20fill-rule%3D%22evenodd%22%20clip-rule%3D%22evenodd%22%20d%3D%22M839.644%20954C1138.37%20793.549%201337%20508.902%201337%20184.5c0-63.218-7.54-124.926-21.9-184.5H1920v954H839.644zm0%200C676.842%201041.44%20484.311%201092%20278%201092c-584.87%200-1059-406.302-1059-907.5S-306.87-723%20278-723c511.098%200%20937.63%20310.269%201037.1%20723H0v954h839.644z%22%20fill%3D%22rgba%2839%2C155%2C72%2C0.1%29%22%20fill-opacity%3D%22.5%22%2F%3E%3Cpath%20fill-rule%3D%22evenodd%22%20clip-rule%3D%22evenodd%22%20d%3D%22M1011.55%20954C1221.42%20793.95%201353%20564.007%201353%20308.5c0-108.584-23.76-212.552-67.2-308.5H1920v954h-908.45zm0%200c-187.291%20142.83-436.933%20230-711.05%20230C-280.78%201184-752%20792.025-752%20308.5S-280.78-567%20300.5-567c450.743%200%20835.31%20235.692%20985.3%20567H0v954h1011.55z%22%2F%3E%3C%2Fg%3E%3Cdefs%3E%3CclipPath%20id%3D%22prefix__clip0_75_23031%22%3E%3Cpath%20fill%3D%22%23fff%22%20d%3D%22M0%200h1920v954H0z%22%2F%3E%3C%2FclipPath%3E%3C%2Fdefs%3E%3C%2Fsvg%3E);opacity: 1 ;transform: scale(1, 1);mix-blend-mode:normal;\"><\/div><div class=\"fusion-builder-row fusion-row fusion-flex-align-items-flex-start fusion-flex-content-wrap\" style=\"max-width:1248px;margin-left: calc(-4% \/ 2 );margin-right: calc(-4% \/ 2 );\"><div class=\"fusion-layout-column fusion_builder_column fusion-builder-column-0 fusion_builder_column_1_1 1_1 fusion-flex-column\" style=\"--awb-padding-bottom:60px;--awb-bg-size:cover;--awb-width-large:100%;--awb-margin-top-large:0px;--awb-spacing-right-large:1.92%;--awb-margin-bottom-large:0px;--awb-spacing-left-large:1.92%;--awb-width-medium:100%;--awb-order-medium:0;--awb-spacing-right-medium:1.92%;--awb-spacing-left-medium:1.92%;--awb-width-small:100%;--awb-order-small:0;--awb-spacing-right-small:1.92%;--awb-spacing-left-small:1.92%;\"><div class=\"fusion-column-wrapper fusion-column-has-shadow fusion-flex-justify-content-flex-start fusion-content-layout-column\"><div class=\"fusion-title title fusion-title-1 fusion-sep-none fusion-title-text fusion-title-size-one\" style=\"--awb-margin-top:0px;--awb-margin-bottom:40px;--awb-margin-bottom-small:20px;--awb-font-size:40px;\"><h1 class=\"fusion-title-heading title-heading-left\" style=\"margin:0;font-size:1em;\">E-Ticaret Hukuku<\/h1><\/div><div class=\"fusion-separator\" style=\"align-self: flex-start;margin-right:auto;width:100%;max-width:10%;\"><div class=\"fusion-separator-border sep-shadow\" style=\"--awb-height:20px;--awb-amount:20px;--awb-sep-color:var(--awb-color5);background:radial-gradient(ellipse at 50% -50% , var(--awb-color5) 0px, rgba(255, 255, 255, 0) 80%) repeat scroll 0 0 rgba(0, 0, 0, 0);background:-webkit-radial-gradient(ellipse at 50% -50% , var(--awb-color5) 0px, rgba(255, 255, 255, 0) 80%) repeat scroll 0 0 rgba(0, 0, 0, 0);background:-moz-radial-gradient(ellipse at 50% -50% , var(--awb-color5) 0px, rgba(255, 255, 255, 0) 80%) repeat scroll 0 0 rgba(0, 0, 0, 0);background:-o-radial-gradient(ellipse at 50% -50% , var(--awb-color5) 0px, rgba(255, 255, 255, 0) 80%) repeat scroll 0 0 rgba(0, 0, 0, 0);\"><\/div><\/div><div class=\"fusion-text fusion-text-1 fusion-text-no-margin\" style=\"--awb-font-size:14px;--awb-margin-bottom:40px;\"><blockquote>\n<p>LEGE e-ticaret ekibi, i\u015fletmelere birle\u015fme ve devralmalar, hisse senedi finansman\u0131, IP, veri koruma, kurumsal finans, i\u015f ve istihdam ile vergi dahil olmak \u00fczere tam kapsaml\u0131 hukuki dan\u0131\u015fmanl\u0131k hizmeti sunmaktad\u0131r.<\/p>\n<\/blockquote>\n<p><strong>Online ve mobil sat\u0131\u015flar son on y\u0131lda katlanarak artt\u0131 ve sekt\u00f6rde ya\u015fanan bu h\u0131zl\u0131 art\u0131\u015f veri koruma, t\u00fcketici hukuku ve \u00f6deme <\/strong><strong>hizmetleri d\u00fczenlemeleri alanlar\u0131 dahil belirli hukuk alanlar\u0131nda baz\u0131 sorunlar\u0131 da beraberinde getirdi.<\/strong><\/p>\n<p><strong>E-ticaret sekt\u00f6r\u00fcnde faaliyet g\u00f6steren \u015firketlerle \u00e7al\u0131\u015fmakla birlikte sahip oldu\u011fumuz bilgi birikimimiz ile sekt\u00f6re ve e-ticaret \u015firketlerinin kar\u015f\u0131la\u015fabilece\u011fi belirli zorluklara ili\u015fkin uluslararas\u0131 bir uygulama geli\u015ftirmi\u015f bulunmaktay\u0131z. \u00dcr\u00fcn ve hizmet sa\u011flama, operasyonel konular\u0131 \u00e7\u00f6z\u00fcme kavu\u015fturma ve s\u00fcregelen uyum problemleri ile m\u00fccadelede m\u00fcvekkillere yard\u0131mc\u0131 olmak amac\u0131yla bilgilerimizi uygulamaktay\u0131z.<\/strong><\/p>\n<\/div><div class=\"fusion-text fusion-text-2\" style=\"--awb-font-size:14px;\"><ul>\n<li>T\u00fcketici ve pazarlama\/sat\u0131\u015f platformlar\u0131na ili\u015fkin di\u011fer kanunlar<\/li>\n<li>Sat\u0131\u015f h\u00fck\u00fcm ve ko\u015fullar\u0131<\/li>\n<li>Gizlilik politikalar\u0131 ve Veri Koruma Hukuku<\/li>\n<li>Tedarik zinciri ve da\u011f\u0131t\u0131m s\u00f6zle\u015fmeleri<\/li>\n<li>Web sitesi ve mobil aplikasyon geli\u015ftirme s\u00f6zle\u015fmeleri<\/li>\n<li>Mobil \u00f6deme teknolojileri<\/li>\n<li>Mobil doland\u0131r\u0131c\u0131l\u0131k tespiti teknolojileri<\/li>\n<li>Elektronik Ticari \u0130letiler, ETBIS ve G\u00fcven Damgas\u0131 ile ilgili dan\u0131\u015fmanl\u0131klar<\/li>\n<\/ul>\n<\/div><\/div><\/div><\/div><\/div>\n","protected":false},"excerpt":{"rendered":"","protected":false},"author":1,"featured_media":0,"parent":452,"menu_order":0,"comment_status":"closed","ping_status":"closed","template":"100-width.php","meta":{"footnotes":""},"class_list":["post-576","page","type-page","status-publish","hentry"],"yoast_head":"<!-- This site is optimized with the Yoast SEO plugin v26.0 - https:\/\/yoast.com\/wordpress\/plugins\/seo\/ -->\n<title>E-Ticaret Hukuku - Lege Law<\/title>\n<meta name=\"description\" content=\"LEGE e-ticaret ekibi, i\u015fletmelere birle\u015fme ve devralmalar, hisse senedi finansman\u0131, IP, veri koruma, kurumsal finans, i\u015f ve istihdam ile ve ..\" \/>\n<meta name=\"robots\" content=\"index, follow, max-snippet:-1, max-image-preview:large, max-video-preview:-1\" \/>\n<link rel=\"canonical\" href=\"https:\/\/www.legelaw.com\/tr\/calisma-alanlarimiz\/e-ticaret-hukuku\/\" \/>\n<meta property=\"og:locale\" content=\"tr_TR\" \/>\n<meta property=\"og:type\" content=\"article\" \/>\n<meta property=\"og:title\" content=\"E-Ticaret Hukuku - Lege Law\" \/>\n<meta property=\"og:description\" content=\"LEGE e-ticaret ekibi, i\u015fletmelere birle\u015fme ve devralmalar, hisse senedi finansman\u0131, IP, veri koruma, kurumsal finans, i\u015f ve istihdam ile ve ..\" \/>\n<meta property=\"og:url\" content=\"https:\/\/www.legelaw.com\/tr\/calisma-alanlarimiz\/e-ticaret-hukuku\/\" \/>\n<meta property=\"og:site_name\" content=\"Lege Law\" \/>\n<meta property=\"article:modified_time\" content=\"2024-03-12T14:09:36+00:00\" \/>\n<meta name=\"twitter:card\" content=\"summary_large_image\" \/>\n<meta name=\"twitter:label1\" content=\"Tahmini okuma s\u00fcresi\" \/>\n\t<meta name=\"twitter:data1\" content=\"1 dakika\" \/>\n<script type=\"application\/ld+json\" class=\"yoast-schema-graph\">{\"@context\":\"https:\/\/schema.org\",\"@graph\":[{\"@type\":\"WebPage\",\"@id\":\"https:\/\/www.legelaw.com\/tr\/calisma-alanlarimiz\/e-ticaret-hukuku\/\",\"url\":\"https:\/\/www.legelaw.com\/tr\/calisma-alanlarimiz\/e-ticaret-hukuku\/\",\"name\":\"E-Ticaret Hukuku - Lege Law\",\"isPartOf\":{\"@id\":\"https:\/\/www.legelaw.com\/tr\/#website\"},\"datePublished\":\"2024-02-09T01:20:57+00:00\",\"dateModified\":\"2024-03-12T14:09:36+00:00\",\"description\":\"LEGE e-ticaret ekibi, i\u015fletmelere birle\u015fme ve devralmalar, hisse senedi finansman\u0131, IP, veri koruma, kurumsal finans, i\u015f ve istihdam ile ve ..\",\"breadcrumb\":{\"@id\":\"https:\/\/www.legelaw.com\/tr\/calisma-alanlarimiz\/e-ticaret-hukuku\/#breadcrumb\"},\"inLanguage\":\"tr\",\"potentialAction\":[{\"@type\":\"ReadAction\",\"target\":[\"https:\/\/www.legelaw.com\/tr\/calisma-alanlarimiz\/e-ticaret-hukuku\/\"]}]},{\"@type\":\"BreadcrumbList\",\"@id\":\"https:\/\/www.legelaw.com\/tr\/calisma-alanlarimiz\/e-ticaret-hukuku\/#breadcrumb\",\"itemListElement\":[{\"@type\":\"ListItem\",\"position\":1,\"name\":\"Home\",\"item\":\"https:\/\/www.legelaw.com\/tr\/\"},{\"@type\":\"ListItem\",\"position\":2,\"name\":\"\u00c7al\u0131\u015fma Alanlar\u0131m\u0131z\",\"item\":\"https:\/\/www.legelaw.com\/tr\/calisma-alanlarimiz\/\"},{\"@type\":\"ListItem\",\"position\":3,\"name\":\"E-Ticaret Hukuku\"}]},{\"@type\":\"WebSite\",\"@id\":\"https:\/\/www.legelaw.com\/tr\/#website\",\"url\":\"https:\/\/www.legelaw.com\/tr\/\",\"name\":\"Lege Law\",\"description\":\"Attorneys at law\",\"potentialAction\":[{\"@type\":\"SearchAction\",\"target\":{\"@type\":\"EntryPoint\",\"urlTemplate\":\"https:\/\/www.legelaw.com\/tr\/?s={search_term_string}\"},\"query-input\":{\"@type\":\"PropertyValueSpecification\",\"valueRequired\":true,\"valueName\":\"search_term_string\"}}],\"inLanguage\":\"tr\"}]}<\/script>\n<!-- \/ Yoast SEO plugin. -->","yoast_head_json":{"title":"E-Ticaret Hukuku - Lege Law","description":"LEGE e-ticaret ekibi, i\u015fletmelere birle\u015fme ve devralmalar, hisse senedi finansman\u0131, IP, veri koruma, kurumsal finans, i\u015f ve istihdam ile ve ..","robots":{"index":"index","follow":"follow","max-snippet":"max-snippet:-1","max-image-preview":"max-image-preview:large","max-video-preview":"max-video-preview:-1"},"canonical":"https:\/\/www.legelaw.com\/tr\/calisma-alanlarimiz\/e-ticaret-hukuku\/","og_locale":"tr_TR","og_type":"article","og_title":"E-Ticaret Hukuku - Lege Law","og_description":"LEGE e-ticaret ekibi, i\u015fletmelere birle\u015fme ve devralmalar, hisse senedi finansman\u0131, IP, veri koruma, kurumsal finans, i\u015f ve istihdam ile ve ..","og_url":"https:\/\/www.legelaw.com\/tr\/calisma-alanlarimiz\/e-ticaret-hukuku\/","og_site_name":"Lege Law","article_modified_time":"2024-03-12T14:09:36+00:00","twitter_card":"summary_large_image","twitter_misc":{"Tahmini okuma s\u00fcresi":"1 dakika"},"schema":{"@context":"https:\/\/schema.org","@graph":[{"@type":"WebPage","@id":"https:\/\/www.legelaw.com\/tr\/calisma-alanlarimiz\/e-ticaret-hukuku\/","url":"https:\/\/www.legelaw.com\/tr\/calisma-alanlarimiz\/e-ticaret-hukuku\/","name":"E-Ticaret Hukuku - Lege Law","isPartOf":{"@id":"https:\/\/www.legelaw.com\/tr\/#website"},"datePublished":"2024-02-09T01:20:57+00:00","dateModified":"2024-03-12T14:09:36+00:00","description":"LEGE e-ticaret ekibi, i\u015fletmelere birle\u015fme ve devralmalar, hisse senedi finansman\u0131, IP, veri koruma, kurumsal finans, i\u015f ve istihdam ile ve ..","breadcrumb":{"@id":"https:\/\/www.legelaw.com\/tr\/calisma-alanlarimiz\/e-ticaret-hukuku\/#breadcrumb"},"inLanguage":"tr","potentialAction":[{"@type":"ReadAction","target":["https:\/\/www.legelaw.com\/tr\/calisma-alanlarimiz\/e-ticaret-hukuku\/"]}]},{"@type":"BreadcrumbList","@id":"https:\/\/www.legelaw.com\/tr\/calisma-alanlarimiz\/e-ticaret-hukuku\/#breadcrumb","itemListElement":[{"@type":"ListItem","position":1,"name":"Home","item":"https:\/\/www.legelaw.com\/tr\/"},{"@type":"ListItem","position":2,"name":"\u00c7al\u0131\u015fma Alanlar\u0131m\u0131z","item":"https:\/\/www.legelaw.com\/tr\/calisma-alanlarimiz\/"},{"@type":"ListItem","position":3,"name":"E-Ticaret Hukuku"}]},{"@type":"WebSite","@id":"https:\/\/www.legelaw.com\/tr\/#website","url":"https:\/\/www.legelaw.com\/tr\/","name":"Lege Law","description":"Attorneys at law","potentialAction":[{"@type":"SearchAction","target":{"@type":"EntryPoint","urlTemplate":"https:\/\/www.legelaw.com\/tr\/?s={search_term_string}"},"query-input":{"@type":"PropertyValueSpecification","valueRequired":true,"valueName":"search_term_string"}}],"inLanguage":"tr"}]}},"_links":{"self":[{"href":"https:\/\/www.legelaw.com\/tr\/wp-json\/wp\/v2\/pages\/576","targetHints":{"allow":["GET"]}}],"collection":[{"href":"https:\/\/www.legelaw.com\/tr\/wp-json\/wp\/v2\/pages"}],"about":[{"href":"https:\/\/www.legelaw.com\/tr\/wp-json\/wp\/v2\/types\/page"}],"author":[{"embeddable":true,"href":"https:\/\/www.legelaw.com\/tr\/wp-json\/wp\/v2\/users\/1"}],"replies":[{"embeddable":true,"href":"https:\/\/www.legelaw.com\/tr\/wp-json\/wp\/v2\/comments?post=576"}],"version-history":[{"count":11,"href":"https:\/\/www.legelaw.com\/tr\/wp-json\/wp\/v2\/pages\/576\/revisions"}],"predecessor-version":[{"id":591,"href":"https:\/\/www.legelaw.com\/tr\/wp-json\/wp\/v2\/pages\/576\/revisions\/591"}],"up":[{"embeddable":true,"href":"https:\/\/www.legelaw.com\/tr\/wp-json\/wp\/v2\/pages\/452"}],"wp:attachment":[{"href":"https:\/\/www.legelaw.com\/tr\/wp-json\/wp\/v2\/media?parent=576"}],"curies":[{"name":"wp","href":"https:\/\/api.w.org\/{rel}","templated":true}]}}