{"id":535,"date":"2024-02-09T05:07:13","date_gmt":"2024-02-09T02:07:13","guid":{"rendered":"https:\/\/www.legelaw.com\/calisma-alanlarimiz\/contract-drafting-review-negotiation\/"},"modified":"2024-03-12T16:12:08","modified_gmt":"2024-03-12T13:12:08","slug":"sozlesme-hazirlama-inceleme-muzakeresi","status":"publish","type":"page","link":"https:\/\/www.legelaw.com\/tr\/calisma-alanlarimiz\/sozlesme-hazirlama-inceleme-muzakeresi\/","title":{"rendered":"S\u00f6zle\u015fme Haz\u0131rlama, \u0130nceleme ve M\u00fczakeresi"},"content":{"rendered":"<div class=\"fusion-fullwidth fullwidth-box fusion-builder-row-1 fusion-flex-container has-pattern-background has-mask-background nonhundred-percent-fullwidth non-hundred-percent-height-scrolling\" style=\"--awb-border-radius-top-left:0px;--awb-border-radius-top-right:0px;--awb-border-radius-bottom-right:0px;--awb-border-radius-bottom-left:0px;--awb-padding-top:100px;--awb-padding-bottom:100px;--awb-flex-wrap:wrap;\" ><div class=\"awb-background-mask\" style=\"background-image:  url(data:image\/svg+xml;utf8,%3Csvg%20width%3D%221920%22%20height%3D%22954%22%20fill%3D%22none%22%20xmlns%3D%22http%3A%2F%2Fwww.w3.org%2F2000%2Fsvg%22%3E%3Cg%20clip-path%3D%22url%28%23prefix__clip0_75_23031%29%22%20fill%3D%22rgba%2839%2C155%2C72%2C0.15%29%22%3E%3Cpath%20d%3D%22M1321.57%20538C1357.08%20287.516%201273.7%2089.91%201127-.418L1374.18-6c65.77%20100.68-15.89%20431.512-52.61%20544zM312%20955c432.242%200%20746.77-180.667%20850-271-90.34%20157.09-176.766%20246.121-208.688%20271H312z%22%20fill%3D%22rgba%2839%2C155%2C72%2C0.1%29%22%20fill-opacity%3D%22.25%22%2F%3E%3Cpath%20d%3D%22M1344.5%20427c0-252.4-212.67-390.833-319-428.5H1373c70%2082.4%2010.17%20320-28.5%20428.5z%22%20fill%3D%22rgba%2839%2C155%2C72%2C0.1%29%22%20fill-opacity%3D%22.1%22%2F%3E%3Cpath%20fill-rule%3D%22evenodd%22%20clip-rule%3D%22evenodd%22%20d%3D%22M839.644%20954C1138.37%20793.549%201337%20508.902%201337%20184.5c0-63.218-7.54-124.926-21.9-184.5H1920v954H839.644zm0%200C676.842%201041.44%20484.311%201092%20278%201092c-584.87%200-1059-406.302-1059-907.5S-306.87-723%20278-723c511.098%200%20937.63%20310.269%201037.1%20723H0v954h839.644z%22%20fill%3D%22rgba%2839%2C155%2C72%2C0.1%29%22%20fill-opacity%3D%22.5%22%2F%3E%3Cpath%20fill-rule%3D%22evenodd%22%20clip-rule%3D%22evenodd%22%20d%3D%22M1011.55%20954C1221.42%20793.95%201353%20564.007%201353%20308.5c0-108.584-23.76-212.552-67.2-308.5H1920v954h-908.45zm0%200c-187.291%20142.83-436.933%20230-711.05%20230C-280.78%201184-752%20792.025-752%20308.5S-280.78-567%20300.5-567c450.743%200%20835.31%20235.692%20985.3%20567H0v954h1011.55z%22%2F%3E%3C%2Fg%3E%3Cdefs%3E%3CclipPath%20id%3D%22prefix__clip0_75_23031%22%3E%3Cpath%20fill%3D%22%23fff%22%20d%3D%22M0%200h1920v954H0z%22%2F%3E%3C%2FclipPath%3E%3C%2Fdefs%3E%3C%2Fsvg%3E);opacity: 1 ;transform: scale(1, 1);mix-blend-mode:normal;\"><\/div><div class=\"fusion-builder-row fusion-row fusion-flex-align-items-flex-start fusion-flex-content-wrap\" style=\"max-width:1248px;margin-left: calc(-4% \/ 2 );margin-right: calc(-4% \/ 2 );\"><div class=\"fusion-layout-column fusion_builder_column fusion-builder-column-0 fusion_builder_column_1_1 1_1 fusion-flex-column\" style=\"--awb-padding-bottom:60px;--awb-bg-size:cover;--awb-width-large:100%;--awb-margin-top-large:0px;--awb-spacing-right-large:1.92%;--awb-margin-bottom-large:0px;--awb-spacing-left-large:1.92%;--awb-width-medium:100%;--awb-order-medium:0;--awb-spacing-right-medium:1.92%;--awb-spacing-left-medium:1.92%;--awb-width-small:100%;--awb-order-small:0;--awb-spacing-right-small:1.92%;--awb-spacing-left-small:1.92%;\"><div class=\"fusion-column-wrapper fusion-column-has-shadow fusion-flex-justify-content-flex-start fusion-content-layout-column\"><div class=\"fusion-title title fusion-title-1 fusion-sep-none fusion-title-text fusion-title-size-one\" style=\"--awb-margin-top:0px;--awb-margin-bottom:40px;--awb-margin-bottom-small:20px;--awb-font-size:40px;\"><h1 class=\"fusion-title-heading title-heading-left\" style=\"margin:0;font-size:1em;\">S\u00f6zle\u015fme Haz\u0131rlama, \u0130nceleme ve M\u00fczakeresi<\/h1><\/div><div class=\"fusion-separator\" style=\"align-self: flex-start;margin-right:auto;width:100%;max-width:10%;\"><div class=\"fusion-separator-border sep-shadow\" style=\"--awb-height:20px;--awb-amount:20px;--awb-sep-color:var(--awb-color5);background:radial-gradient(ellipse at 50% -50% , var(--awb-color5) 0px, rgba(255, 255, 255, 0) 80%) repeat scroll 0 0 rgba(0, 0, 0, 0);background:-webkit-radial-gradient(ellipse at 50% -50% , var(--awb-color5) 0px, rgba(255, 255, 255, 0) 80%) repeat scroll 0 0 rgba(0, 0, 0, 0);background:-moz-radial-gradient(ellipse at 50% -50% , var(--awb-color5) 0px, rgba(255, 255, 255, 0) 80%) repeat scroll 0 0 rgba(0, 0, 0, 0);background:-o-radial-gradient(ellipse at 50% -50% , var(--awb-color5) 0px, rgba(255, 255, 255, 0) 80%) repeat scroll 0 0 rgba(0, 0, 0, 0);\"><\/div><\/div><div class=\"fusion-text fusion-text-1 fusion-text-no-margin\" style=\"--awb-font-size:14px;--awb-margin-bottom:40px;\"><blockquote>\n<p>Durmadan de\u011fi\u015fen ortama uyum sa\u011flamak amac\u0131yla \u00e7evik bir yakla\u015f\u0131m geli\u015ftiren LEGE avukatlar\u0131, taraflar aras\u0131ndaki s\u00f6zle\u015fme haz\u0131rlama ve m\u00fczakere a\u015famalar\u0131na ili\u015fkin karma\u015f\u0131k ve \u00f6nemli i\u015flemler hakk\u0131nda tavsiye vermektedir.<\/p>\n<\/blockquote>\n<p><strong>B\u00fcromuz s\u00f6zle\u015fme haz\u0131rlama, inceleme ve m\u00fczakere a\u015famalar\u0131na y\u00f6nelik dan\u0131\u015fmanl\u0131k sa\u011flamaktad\u0131r. Dan\u0131\u015fman\u0131n\u0131z olarak sizin<\/strong><br \/>\n<strong>\u00fcst\u00fcn \u00e7\u0131karlar\u0131n\u0131z\u0131 korumay\u0131 ama\u00e7lamaktay\u0131z. T\u00fcm aksiyonlar\u0131m\u0131zda i\u015fletme projeleriniz ve hedeflerinizi ger\u00e7ekle\u015ftirmenize yard\u0131mc\u0131<\/strong><br \/>\n<strong>olacak \u00e7\u00f6z\u00fcmler \u00fcretmekteyiz. Yeni bir s\u00f6zle\u015fme olu\u015fturdu\u011fumuz, de\u011ferlendirdi\u011finiz bir s\u00f6zle\u015fmeyi inceledi\u011fimiz veya menfaatiniz<\/strong><br \/>\n<strong>do\u011frultusunda s\u00f6zle\u015fme h\u00fck\u00fcmlerini g\u00f6r\u00fc\u015ft\u00fc\u011f\u00fcm\u00fcz her halde sizin i\u00e7in emek veririz.<\/strong><\/p>\n<p><strong>Yard\u0131mc\u0131 oldu\u011fumuz s\u00f6zle\u015fme hizmetlerinden baz\u0131lar\u0131 \u015funlard\u0131r:<\/strong><\/p>\n<\/div><div class=\"fusion-text fusion-text-2\" style=\"--awb-font-size:14px;\"><ul>\n<li>M\u00fcvekkillerimizin \u00e7al\u0131\u015fanlar\u0131, m\u00fc\u015fterileri, tedarik\u00e7ileri, ortaklar\u0131 veya i\u015f ili\u015fkisi i\u00e7erisinde olduklar\u0131 herhangi biri ile aralar\u0131ndaki s\u00f6zle\u015fmelerin haz\u0131rlanmas\u0131 ve m\u00fczakeresi.<\/li>\n<li>\u015eirketinizin \u00e7al\u0131\u015fanlar, m\u00fc\u015fteriler, tedarik\u00e7iler, ortaklar veya i\u015f ili\u015fkisi i\u00e7erisinde oldu\u011funuz herhangi biri ile aras\u0131ndaki s\u00f6zle\u015fmelerin haz\u0131rlanmas\u0131 ve m\u00fczakeresi.<\/li>\n<li>\u00c7al\u0131\u015ft\u0131\u011f\u0131m\u0131z t\u00fcm sekt\u00f6rlere ili\u015fkin spesifik isimli, isimsiz ve karma s\u00f6zle\u015fmelerin haz\u0131rlanmas\u0131.<\/li>\n<li>Beklenmedik durumlarda istifade edilebilecek standart s\u00f6zle\u015fme haz\u0131rlanmas\u0131.<\/li>\n<li>\u0130leride hangi s\u00f6zle\u015fme h\u00fck\u00fcmlerinden ka\u00e7\u0131nman\u0131z hangilerini ise s\u00f6zle\u015fmelerinize eklemeniz gerekti\u011fini belirten \u201ctuzak\u201d listesi olu\u015fturulmas\u0131.<\/li>\n<\/ul>\n<\/div><\/div><\/div><\/div><\/div>\n","protected":false},"excerpt":{"rendered":"","protected":false},"author":1,"featured_media":0,"parent":452,"menu_order":0,"comment_status":"closed","ping_status":"closed","template":"100-width.php","meta":{"footnotes":""},"class_list":["post-535","page","type-page","status-publish","hentry"],"yoast_head":"<!-- This site is optimized with the Yoast SEO plugin v26.0 - https:\/\/yoast.com\/wordpress\/plugins\/seo\/ -->\n<title>S\u00f6zle\u015fme Haz\u0131rlama, \u0130nceleme ve M\u00fczakeresi - Lege Law<\/title>\n<meta name=\"description\" content=\"Durmadan de\u011fi\u015fen ortama uyum sa\u011flamak amac\u0131yla \u00e7evik bir yakla\u015f\u0131m geli\u015ftiren LEGE avukatlar\u0131, taraflar aras\u0131ndaki s\u00f6zle\u015fme haz\u0131rlama ..\" \/>\n<meta name=\"robots\" content=\"index, follow, max-snippet:-1, max-image-preview:large, max-video-preview:-1\" \/>\n<link rel=\"canonical\" href=\"https:\/\/www.legelaw.com\/tr\/calisma-alanlarimiz\/sozlesme-hazirlama-inceleme-muzakeresi\/\" \/>\n<meta property=\"og:locale\" content=\"tr_TR\" \/>\n<meta property=\"og:type\" content=\"article\" \/>\n<meta property=\"og:title\" content=\"S\u00f6zle\u015fme Haz\u0131rlama, \u0130nceleme ve M\u00fczakeresi - Lege Law\" \/>\n<meta property=\"og:description\" content=\"Durmadan de\u011fi\u015fen ortama uyum sa\u011flamak amac\u0131yla \u00e7evik bir yakla\u015f\u0131m geli\u015ftiren LEGE avukatlar\u0131, taraflar aras\u0131ndaki s\u00f6zle\u015fme haz\u0131rlama ..\" \/>\n<meta property=\"og:url\" content=\"https:\/\/www.legelaw.com\/tr\/calisma-alanlarimiz\/sozlesme-hazirlama-inceleme-muzakeresi\/\" \/>\n<meta property=\"og:site_name\" content=\"Lege Law\" \/>\n<meta property=\"article:modified_time\" content=\"2024-03-12T13:12:08+00:00\" \/>\n<meta name=\"twitter:card\" content=\"summary_large_image\" \/>\n<meta name=\"twitter:label1\" content=\"Tahmini okuma s\u00fcresi\" \/>\n\t<meta name=\"twitter:data1\" content=\"1 dakika\" \/>\n<script type=\"application\/ld+json\" class=\"yoast-schema-graph\">{\"@context\":\"https:\/\/schema.org\",\"@graph\":[{\"@type\":\"WebPage\",\"@id\":\"https:\/\/www.legelaw.com\/tr\/calisma-alanlarimiz\/sozlesme-hazirlama-inceleme-muzakeresi\/\",\"url\":\"https:\/\/www.legelaw.com\/tr\/calisma-alanlarimiz\/sozlesme-hazirlama-inceleme-muzakeresi\/\",\"name\":\"S\u00f6zle\u015fme Haz\u0131rlama, \u0130nceleme ve M\u00fczakeresi - Lege Law\",\"isPartOf\":{\"@id\":\"https:\/\/www.legelaw.com\/tr\/#website\"},\"datePublished\":\"2024-02-09T02:07:13+00:00\",\"dateModified\":\"2024-03-12T13:12:08+00:00\",\"description\":\"Durmadan de\u011fi\u015fen ortama uyum sa\u011flamak amac\u0131yla \u00e7evik bir yakla\u015f\u0131m geli\u015ftiren LEGE avukatlar\u0131, taraflar aras\u0131ndaki s\u00f6zle\u015fme haz\u0131rlama ..\",\"breadcrumb\":{\"@id\":\"https:\/\/www.legelaw.com\/tr\/calisma-alanlarimiz\/sozlesme-hazirlama-inceleme-muzakeresi\/#breadcrumb\"},\"inLanguage\":\"tr\",\"potentialAction\":[{\"@type\":\"ReadAction\",\"target\":[\"https:\/\/www.legelaw.com\/tr\/calisma-alanlarimiz\/sozlesme-hazirlama-inceleme-muzakeresi\/\"]}]},{\"@type\":\"BreadcrumbList\",\"@id\":\"https:\/\/www.legelaw.com\/tr\/calisma-alanlarimiz\/sozlesme-hazirlama-inceleme-muzakeresi\/#breadcrumb\",\"itemListElement\":[{\"@type\":\"ListItem\",\"position\":1,\"name\":\"Home\",\"item\":\"https:\/\/www.legelaw.com\/tr\/\"},{\"@type\":\"ListItem\",\"position\":2,\"name\":\"\u00c7al\u0131\u015fma Alanlar\u0131m\u0131z\",\"item\":\"https:\/\/www.legelaw.com\/tr\/calisma-alanlarimiz\/\"},{\"@type\":\"ListItem\",\"position\":3,\"name\":\"S\u00f6zle\u015fme Haz\u0131rlama, \u0130nceleme ve M\u00fczakeresi\"}]},{\"@type\":\"WebSite\",\"@id\":\"https:\/\/www.legelaw.com\/tr\/#website\",\"url\":\"https:\/\/www.legelaw.com\/tr\/\",\"name\":\"Lege Law\",\"description\":\"Attorneys at law\",\"potentialAction\":[{\"@type\":\"SearchAction\",\"target\":{\"@type\":\"EntryPoint\",\"urlTemplate\":\"https:\/\/www.legelaw.com\/tr\/?s={search_term_string}\"},\"query-input\":{\"@type\":\"PropertyValueSpecification\",\"valueRequired\":true,\"valueName\":\"search_term_string\"}}],\"inLanguage\":\"tr\"}]}<\/script>\n<!-- \/ Yoast SEO plugin. -->","yoast_head_json":{"title":"S\u00f6zle\u015fme Haz\u0131rlama, \u0130nceleme ve M\u00fczakeresi - Lege Law","description":"Durmadan de\u011fi\u015fen ortama uyum sa\u011flamak amac\u0131yla \u00e7evik bir yakla\u015f\u0131m geli\u015ftiren LEGE avukatlar\u0131, taraflar aras\u0131ndaki s\u00f6zle\u015fme haz\u0131rlama ..","robots":{"index":"index","follow":"follow","max-snippet":"max-snippet:-1","max-image-preview":"max-image-preview:large","max-video-preview":"max-video-preview:-1"},"canonical":"https:\/\/www.legelaw.com\/tr\/calisma-alanlarimiz\/sozlesme-hazirlama-inceleme-muzakeresi\/","og_locale":"tr_TR","og_type":"article","og_title":"S\u00f6zle\u015fme Haz\u0131rlama, \u0130nceleme ve M\u00fczakeresi - Lege Law","og_description":"Durmadan de\u011fi\u015fen ortama uyum sa\u011flamak amac\u0131yla \u00e7evik bir yakla\u015f\u0131m geli\u015ftiren LEGE avukatlar\u0131, taraflar aras\u0131ndaki s\u00f6zle\u015fme haz\u0131rlama ..","og_url":"https:\/\/www.legelaw.com\/tr\/calisma-alanlarimiz\/sozlesme-hazirlama-inceleme-muzakeresi\/","og_site_name":"Lege Law","article_modified_time":"2024-03-12T13:12:08+00:00","twitter_card":"summary_large_image","twitter_misc":{"Tahmini okuma s\u00fcresi":"1 dakika"},"schema":{"@context":"https:\/\/schema.org","@graph":[{"@type":"WebPage","@id":"https:\/\/www.legelaw.com\/tr\/calisma-alanlarimiz\/sozlesme-hazirlama-inceleme-muzakeresi\/","url":"https:\/\/www.legelaw.com\/tr\/calisma-alanlarimiz\/sozlesme-hazirlama-inceleme-muzakeresi\/","name":"S\u00f6zle\u015fme Haz\u0131rlama, \u0130nceleme ve M\u00fczakeresi - Lege Law","isPartOf":{"@id":"https:\/\/www.legelaw.com\/tr\/#website"},"datePublished":"2024-02-09T02:07:13+00:00","dateModified":"2024-03-12T13:12:08+00:00","description":"Durmadan de\u011fi\u015fen ortama uyum sa\u011flamak amac\u0131yla \u00e7evik bir yakla\u015f\u0131m geli\u015ftiren LEGE avukatlar\u0131, taraflar aras\u0131ndaki s\u00f6zle\u015fme haz\u0131rlama ..","breadcrumb":{"@id":"https:\/\/www.legelaw.com\/tr\/calisma-alanlarimiz\/sozlesme-hazirlama-inceleme-muzakeresi\/#breadcrumb"},"inLanguage":"tr","potentialAction":[{"@type":"ReadAction","target":["https:\/\/www.legelaw.com\/tr\/calisma-alanlarimiz\/sozlesme-hazirlama-inceleme-muzakeresi\/"]}]},{"@type":"BreadcrumbList","@id":"https:\/\/www.legelaw.com\/tr\/calisma-alanlarimiz\/sozlesme-hazirlama-inceleme-muzakeresi\/#breadcrumb","itemListElement":[{"@type":"ListItem","position":1,"name":"Home","item":"https:\/\/www.legelaw.com\/tr\/"},{"@type":"ListItem","position":2,"name":"\u00c7al\u0131\u015fma Alanlar\u0131m\u0131z","item":"https:\/\/www.legelaw.com\/tr\/calisma-alanlarimiz\/"},{"@type":"ListItem","position":3,"name":"S\u00f6zle\u015fme Haz\u0131rlama, \u0130nceleme ve M\u00fczakeresi"}]},{"@type":"WebSite","@id":"https:\/\/www.legelaw.com\/tr\/#website","url":"https:\/\/www.legelaw.com\/tr\/","name":"Lege Law","description":"Attorneys at law","potentialAction":[{"@type":"SearchAction","target":{"@type":"EntryPoint","urlTemplate":"https:\/\/www.legelaw.com\/tr\/?s={search_term_string}"},"query-input":{"@type":"PropertyValueSpecification","valueRequired":true,"valueName":"search_term_string"}}],"inLanguage":"tr"}]}},"_links":{"self":[{"href":"https:\/\/www.legelaw.com\/tr\/wp-json\/wp\/v2\/pages\/535","targetHints":{"allow":["GET"]}}],"collection":[{"href":"https:\/\/www.legelaw.com\/tr\/wp-json\/wp\/v2\/pages"}],"about":[{"href":"https:\/\/www.legelaw.com\/tr\/wp-json\/wp\/v2\/types\/page"}],"author":[{"embeddable":true,"href":"https:\/\/www.legelaw.com\/tr\/wp-json\/wp\/v2\/users\/1"}],"replies":[{"embeddable":true,"href":"https:\/\/www.legelaw.com\/tr\/wp-json\/wp\/v2\/comments?post=535"}],"version-history":[{"count":9,"href":"https:\/\/www.legelaw.com\/tr\/wp-json\/wp\/v2\/pages\/535\/revisions"}],"predecessor-version":[{"id":541,"href":"https:\/\/www.legelaw.com\/tr\/wp-json\/wp\/v2\/pages\/535\/revisions\/541"}],"up":[{"embeddable":true,"href":"https:\/\/www.legelaw.com\/tr\/wp-json\/wp\/v2\/pages\/452"}],"wp:attachment":[{"href":"https:\/\/www.legelaw.com\/tr\/wp-json\/wp\/v2\/media?parent=535"}],"curies":[{"name":"wp","href":"https:\/\/api.w.org\/{rel}","templated":true}]}}