{"id":479,"date":"2024-01-31T23:40:39","date_gmt":"2024-01-31T20:40:39","guid":{"rendered":"https:\/\/www.legelaw.com\/careers\/"},"modified":"2024-03-13T14:53:26","modified_gmt":"2024-03-13T11:53:26","slug":"kariyer","status":"publish","type":"page","link":"https:\/\/www.legelaw.com\/tr\/kariyer\/","title":{"rendered":"Kariyer"},"content":{"rendered":"<div class=\"fusion-fullwidth fullwidth-box fusion-builder-row-1 fusion-flex-container has-pattern-background has-mask-background hundred-percent-fullwidth non-hundred-percent-height-scrolling fusion-animated\" style=\"--awb-border-radius-top-left:0px;--awb-border-radius-top-right:0px;--awb-border-radius-bottom-right:0px;--awb-border-radius-bottom-left:0px;--awb-padding-top:100px;--awb-padding-right:60px;--awb-padding-bottom:100px;--awb-padding-left:60px;--awb-flex-wrap:wrap;\" data-animationType=\"fadeIn\" data-animationDuration=\"0.3\" data-animationOffset=\"top-into-view\" ><div class=\"awb-background-mask\" style=\"background-image:  url(data:image\/svg+xml;utf8,%3Csvg%20width%3D%221920%22%20height%3D%22954%22%20fill%3D%22none%22%20xmlns%3D%22http%3A%2F%2Fwww.w3.org%2F2000%2Fsvg%22%3E%3Cg%20clip-path%3D%22url%28%23prefix__clip0_75_23031%29%22%20fill%3D%22rgba%2839%2C155%2C72%2C0.2%29%22%3E%3Cpath%20d%3D%22M1321.57%20538C1357.08%20287.516%201273.7%2089.91%201127-.418L1374.18-6c65.77%20100.68-15.89%20431.512-52.61%20544zM312%20955c432.242%200%20746.77-180.667%20850-271-90.34%20157.09-176.766%20246.121-208.688%20271H312z%22%20fill%3D%22rgba%28242%2C243%2C245%2C1%29%22%20fill-opacity%3D%22.25%22%2F%3E%3Cpath%20d%3D%22M1344.5%20427c0-252.4-212.67-390.833-319-428.5H1373c70%2082.4%2010.17%20320-28.5%20428.5z%22%20fill%3D%22rgba%28242%2C243%2C245%2C1%29%22%20fill-opacity%3D%22.1%22%2F%3E%3Cpath%20fill-rule%3D%22evenodd%22%20clip-rule%3D%22evenodd%22%20d%3D%22M839.644%20954C1138.37%20793.549%201337%20508.902%201337%20184.5c0-63.218-7.54-124.926-21.9-184.5H1920v954H839.644zm0%200C676.842%201041.44%20484.311%201092%20278%201092c-584.87%200-1059-406.302-1059-907.5S-306.87-723%20278-723c511.098%200%20937.63%20310.269%201037.1%20723H0v954h839.644z%22%20fill%3D%22rgba%28242%2C243%2C245%2C1%29%22%20fill-opacity%3D%22.5%22%2F%3E%3Cpath%20fill-rule%3D%22evenodd%22%20clip-rule%3D%22evenodd%22%20d%3D%22M1011.55%20954C1221.42%20793.95%201353%20564.007%201353%20308.5c0-108.584-23.76-212.552-67.2-308.5H1920v954h-908.45zm0%200c-187.291%20142.83-436.933%20230-711.05%20230C-280.78%201184-752%20792.025-752%20308.5S-280.78-567%20300.5-567c450.743%200%20835.31%20235.692%20985.3%20567H0v954h1011.55z%22%2F%3E%3C%2Fg%3E%3Cdefs%3E%3CclipPath%20id%3D%22prefix__clip0_75_23031%22%3E%3Cpath%20fill%3D%22%23fff%22%20d%3D%22M0%200h1920v954H0z%22%2F%3E%3C%2FclipPath%3E%3C%2Fdefs%3E%3C%2Fsvg%3E);opacity: 1 ;transform: scale(1, 1);mix-blend-mode:normal;\"><\/div><div class=\"fusion-builder-row fusion-row fusion-flex-align-items-stretch fusion-flex-justify-content-space-evenly fusion-flex-content-wrap\" style=\"width:calc( 100% + ) !important;max-width:calc( 100% + ) !important;margin-left: calc(- \/ 2 );margin-right: calc(- \/ 2 );\"><div class=\"fusion-layout-column fusion_builder_column fusion-builder-column-0 fusion_builder_column_1_5 1_5 fusion-flex-column\" style=\"--awb-bg-size:cover;--awb-width-large:20%;--awb-margin-top-large:0px;--awb-spacing-right-large:;--awb-margin-bottom-large:20px;--awb-spacing-left-large:;--awb-width-medium:20%;--awb-order-medium:0;--awb-spacing-right-medium:;--awb-spacing-left-medium:;--awb-width-small:100%;--awb-order-small:0;--awb-spacing-right-small:;--awb-spacing-left-small:;\"><div class=\"fusion-column-wrapper fusion-column-has-shadow fusion-flex-justify-content-flex-start fusion-content-layout-column\"><\/div><\/div><div class=\"fusion-layout-column fusion_builder_column fusion-builder-column-1 fusion_builder_column_3_5 3_5 fusion-flex-column fusion-animated\" style=\"--awb-padding-left:3vw;--awb-padding-top-medium:0px;--awb-padding-right-medium:3vw;--awb-padding-bottom-medium:0px;--awb-padding-left-medium:3vw;--awb-padding-right-small:40px;--awb-padding-left-small:40px;--awb-bg-size:cover;--awb-width-large:60%;--awb-margin-top-large:0px;--awb-spacing-right-large:;--awb-margin-bottom-large:0px;--awb-spacing-left-large:;--awb-width-medium:50%;--awb-order-medium:0;--awb-spacing-right-medium:;--awb-margin-bottom-medium:0px;--awb-spacing-left-medium:0px;--awb-width-small:100%;--awb-order-small:0;--awb-spacing-right-small:;--awb-margin-bottom-small:0px;--awb-spacing-left-small:;\" data-animationType=\"fadeInUp\" data-animationDuration=\"1.3\" data-animationOffset=\"top-into-view\" data-scroll-devices=\"small-visibility,medium-visibility,large-visibility\"><div class=\"fusion-column-wrapper fusion-column-has-shadow fusion-flex-justify-content-center fusion-content-layout-column\"><div class=\"fusion-title title fusion-title-1 fusion-sep-none fusion-title-center fusion-title-text fusion-title-size-one fusion-has-text-overflow\" style=\"--awb-font-size:48px;--awb-text-overflow:clip;\"><h1 class=\"fusion-title-heading title-heading-center\" style=\"margin:0;font-size:1em;\">Kariyer<\/h1><\/div><div class=\"fusion-separator\" style=\"align-self: center;margin-left: auto;margin-right: auto;margin-top:10px;margin-bottom:60px;width:100%;max-width:20%;\"><div class=\"fusion-separator-border sep-wavy\" style=\"--awb-height:20px;--awb-amount:20px;--awb-sep-color:var(--awb-color4);--awb-separator-pattern-url:url(&quot;data:image\/svg+xml;utf8,%3Csvg%20xmlns%3D%22http%3A%2F%2Fwww.w3.org%2F2000%2Fsvg%22%20preserveAspectRatio%3D%22none%22%20overflow%3D%22visible%22%20height%3D%22100%25%22%20viewBox%3D%220%200%2024%2024%22%20fill%3D%22none%22%20stroke%3D%22black%22%20stroke-width%3D%221%22%20stroke-linecap%3D%22square%22%20stroke-miterlimit%3D%2210%22%3E%3Cpath%20d%3D%22M0%2C6c6%2C0%2C0.9%2C11.1%2C6.9%2C11.1S18%2C6%2C24%2C6%22%2F%3E%3C%2Fsvg%3E&quot;);border-color:var(--awb-color4);\"><\/div><\/div><\/div><\/div><div class=\"fusion-layout-column fusion_builder_column fusion-builder-column-2 fusion_builder_column_1_5 1_5 fusion-flex-column\" style=\"--awb-bg-size:cover;--awb-width-large:20%;--awb-margin-top-large:0px;--awb-spacing-right-large:;--awb-margin-bottom-large:20px;--awb-spacing-left-large:;--awb-width-medium:20%;--awb-order-medium:0;--awb-spacing-right-medium:;--awb-spacing-left-medium:;--awb-width-small:100%;--awb-order-small:0;--awb-spacing-right-small:;--awb-spacing-left-small:;\"><div class=\"fusion-column-wrapper fusion-column-has-shadow fusion-flex-justify-content-flex-start fusion-content-layout-column\"><\/div><\/div><div class=\"fusion-layout-column fusion_builder_column fusion-builder-column-3 fusion_builder_column_2_3 2_3 fusion-flex-column\" style=\"--awb-padding-right:20px;--awb-padding-left:20px;--awb-bg-size:cover;--awb-width-large:66.666666666667%;--awb-margin-top-large:0px;--awb-spacing-right-large:;--awb-margin-bottom-large:20px;--awb-spacing-left-large:;--awb-width-medium:66.666666666667%;--awb-order-medium:0;--awb-spacing-right-medium:;--awb-spacing-left-medium:;--awb-width-small:100%;--awb-order-small:0;--awb-spacing-right-small:;--awb-spacing-left-small:;\" data-scroll-devices=\"small-visibility,medium-visibility,large-visibility\"><div class=\"fusion-column-wrapper fusion-column-has-shadow fusion-flex-justify-content-flex-start fusion-content-layout-column\"><div class=\"fusion-text fusion-text-1\" style=\"--awb-content-alignment:center;--awb-font-size:18px;\"><p style=\"text-align: left;\">Ba\u015far\u0131n\u0131n temelinde ekibin oldu\u011fu bilinciyle ekibimizin ilerlemesine katk\u0131da bulunmak konusunda \u00e7ok \u00f6zveriliyiz ve bizimle ortak de\u011ferlere sahip insanlarla \u00e7al\u0131\u015fmaktan \u00e7ok memnuniyet duyar\u0131z.<\/p>\n<\/div><div class=\"fusion-text fusion-text-2\" style=\"--awb-font-size:14px;\"><p>Bu konuda;<\/p>\n<ul>\n<li>M\u00fckemmel derecede \u0130ngilizce bilen (tercihen ikinci bir yabanc\u0131 dil),<\/li>\n<li>G\u00fcndemi ve alandaki en son geli\u015fmeleri yak\u0131ndan takip eden,<\/li>\n<li>Meslekta\u015flar\u0131m\u0131zla g\u00f6r\u00fc\u015fmekten ve birlikte \u00e7al\u0131\u015fmaktan memnuniyet duyar\u0131z.<\/li>\n<\/ul>\n<p>\u00d6zge\u00e7mi\u015fler <span style=\"color: #339966;\"><strong><a style=\"color: #339966;\" href=\"mailto:info@legelaw.com\">info@legelaw.com<\/a><\/strong><\/span> adresine e-posta ile g\u00f6nderilmelidir. Ki\u015fisel verilerinizin i\u015flenmesiyle ilgili bilgi edinmek i\u00e7in \u201c <a href=\"https:\/\/www.legelaw.com\/tr\/gizlilik-politikasi\/\">LEGE \u00c7al\u0131\u015fan ve Stajyer Adaylar\u0131n\u0131n Ki\u015fisel Verilerinin \u0130\u015flenmesine \u0130li\u015fkin Ayd\u0131nlatma Metni<\/a>\u201d ni okuman\u0131z\u0131 \u00f6neririz.<\/p>\n<\/div><\/div><\/div><div class=\"fusion-layout-column fusion_builder_column fusion-builder-column-4 fusion_builder_column_1_3 1_3 fusion-flex-column\" style=\"--awb-bg-size:cover;--awb-width-large:33.333333333333%;--awb-margin-top-large:0px;--awb-spacing-right-large:;--awb-margin-bottom-large:20px;--awb-spacing-left-large:;--awb-width-medium:33.333333333333%;--awb-order-medium:0;--awb-spacing-right-medium:;--awb-spacing-left-medium:;--awb-width-small:100%;--awb-order-small:0;--awb-spacing-right-small:;--awb-spacing-left-small:;\"><div class=\"fusion-column-wrapper fusion-column-has-shadow fusion-flex-justify-content-flex-start fusion-content-layout-column\"><div class=\"fusion-image-element \" style=\"--awb-bottom-shadow-color:var(--awb-color7);--awb-caption-title-font-family:var(--h2_typography-font-family);--awb-caption-title-font-weight:var(--h2_typography-font-weight);--awb-caption-title-font-style:var(--h2_typography-font-style);--awb-caption-title-size:var(--h2_typography-font-size);--awb-caption-title-transform:var(--h2_typography-text-transform);--awb-caption-title-line-height:var(--h2_typography-line-height);--awb-caption-title-letter-spacing:var(--h2_typography-letter-spacing);\"><div class=\"awb-image-frame awb-image-frame-1 awb-bottomshadow\"><span class=\" fusion-imageframe imageframe-bottomshadow imageframe-1 hover-type-none\"><img decoding=\"async\" width=\"600\" height=\"400\" title=\"Lege Careers\" src=\"https:\/\/www.legelaw.com\/wp-content\/uploads\/2024\/02\/lege-careers.jpg\" alt class=\"img-responsive wp-image-387\" srcset=\"https:\/\/www.legelaw.com\/wp-content\/uploads\/2024\/02\/lege-careers-200x133.jpg 200w, https:\/\/www.legelaw.com\/wp-content\/uploads\/2024\/02\/lege-careers-400x267.jpg 400w, https:\/\/www.legelaw.com\/wp-content\/uploads\/2024\/02\/lege-careers.jpg 600w\" sizes=\"(max-width: 640px) 100vw, 600px\" \/><\/span><svg xmlns=\"http:\/\/www.w3.org\/2000\/svg\" version=\"1.1\" width=\"100%\" viewBox=\"0 0 600 28\" preserveAspectRatio=\"none\"><g clip-path=\"url(#a)\"><mask id=\"b\" style=\"mask-type:luminance\" maskUnits=\"userSpaceOnUse\" x=\"0\" y=\"0\" width=\"600\" height=\"28\"><path d=\"M0 0h600v28H0V0Z\" fill=\"#fff\"\/><\/mask><g filter=\"url(#c)\" mask=\"url(#b)\"><path d=\"M16.439-18.667h567.123v30.8S438.961-8.4 300-8.4C161.04-8.4 16.438 12.133 16.438 12.133v-30.8Z\" fill=\"#000\"\/><\/g><\/g><defs><clipPath id=\"a\"><path fill=\"#fff\" d=\"M0 0h600v28H0z\"\/><\/clipPath><filter id=\"c\" x=\"5.438\" y=\"-29.667\" width=\"589.123\" height=\"52.8\" filterUnits=\"userSpaceOnUse\" color-interpolation-filters=\"sRGB\"><feFlood flood-opacity=\"0\" result=\"BackgroundImageFix\"\/><feBlend in=\"SourceGraphic\" in2=\"BackgroundImageFix\" result=\"shape\"\/><feGaussianBlur stdDeviation=\"5.5\" result=\"effect1_foregroundBlur_3983_183\"\/><\/filter><\/defs><\/svg><\/div><\/div><\/div><\/div><\/div><\/div>\n","protected":false},"excerpt":{"rendered":"","protected":false},"author":1,"featured_media":0,"parent":0,"menu_order":0,"comment_status":"closed","ping_status":"closed","template":"100-width.php","meta":{"footnotes":""},"class_list":["post-479","page","type-page","status-publish","hentry"],"yoast_head":"<!-- This site is optimized with the Yoast SEO plugin v26.0 - https:\/\/yoast.com\/wordpress\/plugins\/seo\/ -->\n<title>Kariyer - Lege Law<\/title>\n<meta name=\"description\" content=\"Ba\u015far\u0131n\u0131n temelinde ekibin oldu\u011fu bilinciyle ekibimizin ilerlemesine katk\u0131da bulunmak konusunda \u00e7ok \u00f6zveriliyiz ve bizimle ortak de\u011ferlere ..\" \/>\n<meta name=\"robots\" content=\"index, follow, max-snippet:-1, max-image-preview:large, max-video-preview:-1\" \/>\n<link rel=\"canonical\" href=\"https:\/\/www.legelaw.com\/tr\/kariyer\/\" \/>\n<meta property=\"og:locale\" content=\"tr_TR\" \/>\n<meta property=\"og:type\" content=\"article\" \/>\n<meta property=\"og:title\" content=\"Kariyer - Lege Law\" \/>\n<meta property=\"og:description\" content=\"Ba\u015far\u0131n\u0131n temelinde ekibin oldu\u011fu bilinciyle ekibimizin ilerlemesine katk\u0131da bulunmak konusunda \u00e7ok \u00f6zveriliyiz ve bizimle ortak de\u011ferlere ..\" \/>\n<meta property=\"og:url\" content=\"https:\/\/www.legelaw.com\/tr\/kariyer\/\" \/>\n<meta property=\"og:site_name\" content=\"Lege Law\" \/>\n<meta property=\"article:modified_time\" content=\"2024-03-13T11:53:26+00:00\" \/>\n<meta name=\"twitter:card\" content=\"summary_large_image\" \/>\n<meta name=\"twitter:label1\" content=\"Tahmini okuma s\u00fcresi\" \/>\n\t<meta name=\"twitter:data1\" content=\"1 dakika\" \/>\n<script type=\"application\/ld+json\" class=\"yoast-schema-graph\">{\"@context\":\"https:\/\/schema.org\",\"@graph\":[{\"@type\":\"WebPage\",\"@id\":\"https:\/\/www.legelaw.com\/tr\/kariyer\/\",\"url\":\"https:\/\/www.legelaw.com\/tr\/kariyer\/\",\"name\":\"Kariyer - Lege Law\",\"isPartOf\":{\"@id\":\"https:\/\/www.legelaw.com\/tr\/#website\"},\"datePublished\":\"2024-01-31T20:40:39+00:00\",\"dateModified\":\"2024-03-13T11:53:26+00:00\",\"description\":\"Ba\u015far\u0131n\u0131n temelinde ekibin oldu\u011fu bilinciyle ekibimizin ilerlemesine katk\u0131da bulunmak konusunda \u00e7ok \u00f6zveriliyiz ve bizimle ortak de\u011ferlere ..\",\"breadcrumb\":{\"@id\":\"https:\/\/www.legelaw.com\/tr\/kariyer\/#breadcrumb\"},\"inLanguage\":\"tr\",\"potentialAction\":[{\"@type\":\"ReadAction\",\"target\":[\"https:\/\/www.legelaw.com\/tr\/kariyer\/\"]}]},{\"@type\":\"BreadcrumbList\",\"@id\":\"https:\/\/www.legelaw.com\/tr\/kariyer\/#breadcrumb\",\"itemListElement\":[{\"@type\":\"ListItem\",\"position\":1,\"name\":\"Home\",\"item\":\"https:\/\/www.legelaw.com\/tr\/\"},{\"@type\":\"ListItem\",\"position\":2,\"name\":\"Kariyer\"}]},{\"@type\":\"WebSite\",\"@id\":\"https:\/\/www.legelaw.com\/tr\/#website\",\"url\":\"https:\/\/www.legelaw.com\/tr\/\",\"name\":\"Lege Law\",\"description\":\"Attorneys at law\",\"potentialAction\":[{\"@type\":\"SearchAction\",\"target\":{\"@type\":\"EntryPoint\",\"urlTemplate\":\"https:\/\/www.legelaw.com\/tr\/?s={search_term_string}\"},\"query-input\":{\"@type\":\"PropertyValueSpecification\",\"valueRequired\":true,\"valueName\":\"search_term_string\"}}],\"inLanguage\":\"tr\"}]}<\/script>\n<!-- \/ Yoast SEO plugin. -->","yoast_head_json":{"title":"Kariyer - Lege Law","description":"Ba\u015far\u0131n\u0131n temelinde ekibin oldu\u011fu bilinciyle ekibimizin ilerlemesine katk\u0131da bulunmak konusunda \u00e7ok \u00f6zveriliyiz ve bizimle ortak de\u011ferlere ..","robots":{"index":"index","follow":"follow","max-snippet":"max-snippet:-1","max-image-preview":"max-image-preview:large","max-video-preview":"max-video-preview:-1"},"canonical":"https:\/\/www.legelaw.com\/tr\/kariyer\/","og_locale":"tr_TR","og_type":"article","og_title":"Kariyer - Lege Law","og_description":"Ba\u015far\u0131n\u0131n temelinde ekibin oldu\u011fu bilinciyle ekibimizin ilerlemesine katk\u0131da bulunmak konusunda \u00e7ok \u00f6zveriliyiz ve bizimle ortak de\u011ferlere ..","og_url":"https:\/\/www.legelaw.com\/tr\/kariyer\/","og_site_name":"Lege Law","article_modified_time":"2024-03-13T11:53:26+00:00","twitter_card":"summary_large_image","twitter_misc":{"Tahmini okuma s\u00fcresi":"1 dakika"},"schema":{"@context":"https:\/\/schema.org","@graph":[{"@type":"WebPage","@id":"https:\/\/www.legelaw.com\/tr\/kariyer\/","url":"https:\/\/www.legelaw.com\/tr\/kariyer\/","name":"Kariyer - Lege Law","isPartOf":{"@id":"https:\/\/www.legelaw.com\/tr\/#website"},"datePublished":"2024-01-31T20:40:39+00:00","dateModified":"2024-03-13T11:53:26+00:00","description":"Ba\u015far\u0131n\u0131n temelinde ekibin oldu\u011fu bilinciyle ekibimizin ilerlemesine katk\u0131da bulunmak konusunda \u00e7ok \u00f6zveriliyiz ve bizimle ortak de\u011ferlere ..","breadcrumb":{"@id":"https:\/\/www.legelaw.com\/tr\/kariyer\/#breadcrumb"},"inLanguage":"tr","potentialAction":[{"@type":"ReadAction","target":["https:\/\/www.legelaw.com\/tr\/kariyer\/"]}]},{"@type":"BreadcrumbList","@id":"https:\/\/www.legelaw.com\/tr\/kariyer\/#breadcrumb","itemListElement":[{"@type":"ListItem","position":1,"name":"Home","item":"https:\/\/www.legelaw.com\/tr\/"},{"@type":"ListItem","position":2,"name":"Kariyer"}]},{"@type":"WebSite","@id":"https:\/\/www.legelaw.com\/tr\/#website","url":"https:\/\/www.legelaw.com\/tr\/","name":"Lege Law","description":"Attorneys at law","potentialAction":[{"@type":"SearchAction","target":{"@type":"EntryPoint","urlTemplate":"https:\/\/www.legelaw.com\/tr\/?s={search_term_string}"},"query-input":{"@type":"PropertyValueSpecification","valueRequired":true,"valueName":"search_term_string"}}],"inLanguage":"tr"}]}},"_links":{"self":[{"href":"https:\/\/www.legelaw.com\/tr\/wp-json\/wp\/v2\/pages\/479","targetHints":{"allow":["GET"]}}],"collection":[{"href":"https:\/\/www.legelaw.com\/tr\/wp-json\/wp\/v2\/pages"}],"about":[{"href":"https:\/\/www.legelaw.com\/tr\/wp-json\/wp\/v2\/types\/page"}],"author":[{"embeddable":true,"href":"https:\/\/www.legelaw.com\/tr\/wp-json\/wp\/v2\/users\/1"}],"replies":[{"embeddable":true,"href":"https:\/\/www.legelaw.com\/tr\/wp-json\/wp\/v2\/comments?post=479"}],"version-history":[{"count":11,"href":"https:\/\/www.legelaw.com\/tr\/wp-json\/wp\/v2\/pages\/479\/revisions"}],"predecessor-version":[{"id":717,"href":"https:\/\/www.legelaw.com\/tr\/wp-json\/wp\/v2\/pages\/479\/revisions\/717"}],"wp:attachment":[{"href":"https:\/\/www.legelaw.com\/tr\/wp-json\/wp\/v2\/media?parent=479"}],"curies":[{"name":"wp","href":"https:\/\/api.w.org\/{rel}","templated":true}]}}