{"id":431,"date":"2024-01-31T23:39:08","date_gmt":"2024-01-31T20:39:08","guid":{"rendered":"https:\/\/www.legelaw.com\/about-us\/"},"modified":"2024-08-14T00:04:16","modified_gmt":"2024-08-13T21:04:16","slug":"hakkimizda","status":"publish","type":"page","link":"https:\/\/www.legelaw.com\/tr\/hakkimizda\/","title":{"rendered":"Hakk\u0131m\u0131zda"},"content":{"rendered":"<div class=\"fusion-fullwidth fullwidth-box fusion-builder-row-1 fusion-flex-container has-pattern-background has-mask-background nonhundred-percent-fullwidth non-hundred-percent-height-scrolling\" style=\"--awb-border-radius-top-left:0px;--awb-border-radius-top-right:0px;--awb-border-radius-bottom-right:0px;--awb-border-radius-bottom-left:0px;--awb-padding-top:120px;--awb-padding-bottom:120px;--awb-background-color:var(--awb-color3);--awb-flex-wrap:wrap;\" ><div class=\"awb-background-pattern\" style=\"background-image:  url(data:image\/svg+xml;utf8,%3Csvg%20width%3D%2260%22%20height%3D%2260%22%20fill%3D%22none%22%20xmlns%3D%22http%3A%2F%2Fwww.w3.org%2F2000%2Fsvg%22%3E%3Cpath%20d%3D%22M26%201h-7a3%203%200%2000-3%203v7a3%203%200%20003%203h7a3%203%200%20003-3V4a3%203%200%2000-3-3zM56%201h-7a3%203%200%2000-3%203v7a3%203%200%20003%203h7a3%203%200%20003-3V4a3%203%200%2000-3-3zM11%2031H4a3%203%200%2000-3%203v7a3%203%200%20003%203h7a3%203%200%20003-3v-7a3%203%200%2000-3-3zM26%2031h-7a3%203%200%2000-3%203v7a3%203%200%20003%203h7a3%203%200%20003-3v-7a3%203%200%2000-3-3zM41%2031h-7a3%203%200%2000-3%203v7a3%203%200%20003%203h7a3%203%200%20003-3v-7a3%203%200%2000-3-3zM11%2016H4a3%203%200%2000-3%203v7a3%203%200%20003%203h7a3%203%200%20003-3v-7a3%203%200%2000-3-3zM41%2016h-7a3%203%200%2000-3%203v7a3%203%200%20003%203h7a3%203%200%20003-3v-7a3%203%200%2000-3-3zM56%2016h-7a3%203%200%2000-3%203v7a3%203%200%20003%203h7a3%203%200%20003-3v-7a3%203%200%2000-3-3zM26%2046h-7a3%203%200%2000-3%203v7a3%203%200%20003%203h7a3%203%200%20003-3v-7a3%203%200%2000-3-3zM56%2046h-7a3%203%200%2000-3%203v7a3%203%200%20003%203h7a3%203%200%20003-3v-7a3%203%200%2000-3-3z%22%20fill%3D%22rgba%28242%2C243%2C245%2C1%29%22%2F%3E%3C%2Fsvg%3E);opacity: 0.03 ;background-size:60%;mix-blend-mode:normal;\"><\/div><div class=\"awb-background-mask\" style=\"background-image:  url(data:image\/svg+xml;utf8,%3Csvg%20width%3D%221920%22%20height%3D%22954%22%20fill%3D%22none%22%20xmlns%3D%22http%3A%2F%2Fwww.w3.org%2F2000%2Fsvg%22%3E%3Cg%20clip-path%3D%22url%28%23prefix__clip0_75_23031%29%22%20fill%3D%22rgba%2839%2C155%2C72%2C0.5%29%22%3E%3Cpath%20d%3D%22M1321.57%20538C1357.08%20287.516%201273.7%2089.91%201127-.418L1374.18-6c65.77%20100.68-15.89%20431.512-52.61%20544zM312%20955c432.242%200%20746.77-180.667%20850-271-90.34%20157.09-176.766%20246.121-208.688%20271H312z%22%20fill%3D%22rgba%2839%2C155%2C72%2C0.2%29%22%20fill-opacity%3D%22.25%22%2F%3E%3Cpath%20d%3D%22M1344.5%20427c0-252.4-212.67-390.833-319-428.5H1373c70%2082.4%2010.17%20320-28.5%20428.5z%22%20fill%3D%22rgba%2839%2C155%2C72%2C0.2%29%22%20fill-opacity%3D%22.1%22%2F%3E%3Cpath%20fill-rule%3D%22evenodd%22%20clip-rule%3D%22evenodd%22%20d%3D%22M839.644%20954C1138.37%20793.549%201337%20508.902%201337%20184.5c0-63.218-7.54-124.926-21.9-184.5H1920v954H839.644zm0%200C676.842%201041.44%20484.311%201092%20278%201092c-584.87%200-1059-406.302-1059-907.5S-306.87-723%20278-723c511.098%200%20937.63%20310.269%201037.1%20723H0v954h839.644z%22%20fill%3D%22rgba%2839%2C155%2C72%2C0.2%29%22%20fill-opacity%3D%22.5%22%2F%3E%3Cpath%20fill-rule%3D%22evenodd%22%20clip-rule%3D%22evenodd%22%20d%3D%22M1011.55%20954C1221.42%20793.95%201353%20564.007%201353%20308.5c0-108.584-23.76-212.552-67.2-308.5H1920v954h-908.45zm0%200c-187.291%20142.83-436.933%20230-711.05%20230C-280.78%201184-752%20792.025-752%20308.5S-280.78-567%20300.5-567c450.743%200%20835.31%20235.692%20985.3%20567H0v954h1011.55z%22%2F%3E%3C%2Fg%3E%3Cdefs%3E%3CclipPath%20id%3D%22prefix__clip0_75_23031%22%3E%3Cpath%20fill%3D%22%23fff%22%20d%3D%22M0%200h1920v954H0z%22%2F%3E%3C%2FclipPath%3E%3C%2Fdefs%3E%3C%2Fsvg%3E);opacity: 0.4 ;transform: scale(1, -1);mix-blend-mode:normal;\"><\/div><div class=\"fusion-builder-row fusion-row fusion-flex-align-items-stretch fusion-flex-justify-content-space-evenly fusion-flex-content-wrap\" style=\"max-width:calc( 1200px + );margin-left: calc(- \/ 2 );margin-right: calc(- \/ 2 );\"><div class=\"fusion-layout-column fusion_builder_column fusion-builder-column-0 fusion_builder_column_2_3 2_3 fusion-flex-column\" style=\"--awb-bg-size:cover;--awb-width-large:66.666666666667%;--awb-margin-top-large:0px;--awb-spacing-right-large:;--awb-margin-bottom-large:0px;--awb-spacing-left-large:;--awb-width-medium:66.666666666667%;--awb-order-medium:0;--awb-spacing-right-medium:;--awb-spacing-left-medium:;--awb-width-small:100%;--awb-order-small:0;--awb-spacing-right-small:;--awb-spacing-left-small:;\" data-scroll-devices=\"small-visibility,medium-visibility,large-visibility\"><div class=\"fusion-column-wrapper fusion-column-has-shadow fusion-flex-justify-content-flex-start fusion-content-layout-column\"><div class=\"fusion-text fusion-text-1 fusion-text-no-margin\" style=\"--awb-font-size:20px;--awb-text-transform:capitalize;--awb-text-color:var(--awb-color5);--awb-margin-bottom:20px;--awb-text-font-family:&quot;Poppins&quot;;--awb-text-font-style:normal;--awb-text-font-weight:400;\"><p>G\u00fcvenilir, H\u0131zl\u0131 ve \u00c7\u00f6z\u00fcm Odakl\u0131<\/p>\n<\/div><div class=\"fusion-separator\" style=\"align-self: flex-start;margin-right:auto;width:100%;max-width:282px;\"><div class=\"fusion-separator-border sep-shadow\" style=\"--awb-height:20px;--awb-amount:20px;--awb-sep-color:var(--awb-color5);background:radial-gradient(ellipse at 50% -50% , var(--awb-color5) 0px, rgba(255, 255, 255, 0) 80%) repeat scroll 0 0 rgba(0, 0, 0, 0);background:-webkit-radial-gradient(ellipse at 50% -50% , var(--awb-color5) 0px, rgba(255, 255, 255, 0) 80%) repeat scroll 0 0 rgba(0, 0, 0, 0);background:-moz-radial-gradient(ellipse at 50% -50% , var(--awb-color5) 0px, rgba(255, 255, 255, 0) 80%) repeat scroll 0 0 rgba(0, 0, 0, 0);background:-o-radial-gradient(ellipse at 50% -50% , var(--awb-color5) 0px, rgba(255, 255, 255, 0) 80%) repeat scroll 0 0 rgba(0, 0, 0, 0);\"><\/div><\/div><div class=\"fusion-title title fusion-title-1 fusion-sep-none fusion-title-text fusion-title-size-two\" style=\"--awb-text-color:var(--awb-color4);--awb-margin-top:20px;--awb-font-size:30px;\"><h2 class=\"fusion-title-heading title-heading-left\" style=\"margin:0;font-size:1em;\">LEGE Hukuki Dan\u0131\u015fmanl\u0131k ve Avukatl\u0131k Hizmetleri<\/h2><\/div><div class=\"fusion-text fusion-text-2 fusion-text-no-margin\" style=\"--awb-font-size:14px;--awb-text-color:rgba(20,22,23,0.92);--awb-margin-top:10px;--awb-margin-bottom:10px;\"><p>LEGE olarak m\u00fcvekkillerimizin ihtiya\u00e7lar\u0131 do\u011frultusunda g\u00fcvenilir, h\u0131zl\u0131 ve \u00e7\u00f6z\u00fcm odakl\u0131 hizmet ilkesinden hareketle hukuki dan\u0131\u015fmanl\u0131k ve avukatl\u0131k hizmetleri vermekteyiz. Hukuk B\u00fcromuz, kendisine dan\u0131\u015fan her bireyin veya \u015firketin, ihtiya\u00e7lar\u0131n\u0131 do\u011fru ve s\u00fcratli bir \u015fekilde analiz ederek, etik kurallara uygun, uluslararas\u0131 kalite standartlar\u0131nda hukuki \u00e7\u00f6z\u00fcmler \u00fcretmeyi ama\u00e7 edinmi\u015ftir. Hukuk b\u00fcromuz taraf\u0131ndan, ticari bak\u0131\u015f a\u00e7\u0131s\u0131 kavranm\u0131\u015f ve en verimli \u015fekilde \u00e7\u00f6z\u00fcme ula\u015f\u0131lmas\u0131 i\u00e7in \u0130stanbul\u2019da kurulu olan merkez ofisimizin yan\u0131 s\u0131ra ulusal ve uluslararas\u0131 sayg\u0131n hukuk b\u00fcrolar\u0131 ile i\u015f birli\u011fi i\u00e7erisinde istikrarl\u0131 bir \u00e7al\u0131\u015fma modeli olu\u015fturulmu\u015ftur. Ekibimiz T\u00fcrk\u00e7e, \u0130ngilizce, Almanca dillerinde etkin hukuki destek vermekte ve \u0130stanbul ofisimizin yan\u0131nda T\u00fcrkiye\u2019nin d\u00f6rt bir yan\u0131nda bulunan ba\u011flant\u0131l\u0131 ofisleri ile s\u00fcratle \u00e7\u00f6z\u00fcme ula\u015fmaktad\u0131r.<br \/>\nHukuk b\u00fcromuz, m\u00fcvekkillerine sorunlar\u0131n \u00e7\u00f6z\u00fcm\u00fcn\u00fc hukuki prosed\u00fcr ve a\u011f\u0131r bir hukuk dili ile aktarmak yerine dinamik bir ekiple sorunlar\u0131 h\u0131zl\u0131 bir \u015fekilde \u00e7\u00f6zmeye odaklanm\u0131\u015ft\u0131r. Bu hususta avukatlar\u0131m\u0131z\u0131n yan\u0131nda; hukuk\u00e7u akademisyen, finans dan\u0131\u015fman\u0131, vergi uzman\u0131, mali m\u00fc\u015favir ve m\u00fchendis dan\u0131\u015fmanlar\u0131m\u0131zla koordineli \u00e7al\u0131\u015farak \u00e7\u00f6z\u00fcmler \u00fcretmekteyiz. M\u00fcvekkillerimizin sorunlar\u0131na \u00e7\u00f6z\u00fcm \u00fcretirken temel \u00f6nceli\u011fimiz, \u015firketlerin etkili ve g\u00fcvenilir hizmete gereksiz masraf ve \u00e7aba harcamadan ula\u015fabilmeleridir.<br \/>\nBu anlamda i\u015f d\u00fcnyas\u0131na s\u00fcrd\u00fcr\u00fclebilir b\u00fcy\u00fcme hedefleri do\u011frultusunda hukuki sorunlar\u0131n\u0131 \u00e7\u00f6zebilmeleri i\u00e7in \u015eirketler\/Ticaret Hukuku, Bili\u015fim\/Teknoloji Hukuku, Enerji\/\u00c7evre Hukuku, Kurumsal Finansman\/\u015eirket Yeniden Yap\u0131land\u0131rmalar\u0131 gibi alanlarda dan\u0131\u015fmanl\u0131k veriyoruz.<br \/>\nLEGE olarak hizmet verdi\u011fimiz hukuk alanlar\u0131; ki\u015fisel verilerin korunmas\u0131, rekabet, kurumsal y\u00f6netim, \u00e7evre ve s\u00fcrd\u00fcr\u00fclebilirlik, vergi, \u015firketler hukuku, yat\u0131r\u0131m ve kurumsal finansman gibi spesifik alanlard\u0131r.<br \/>\nHizmet verdi\u011fimiz sekt\u00f6rler ise; kimya, enerji ve otomotiv gibi oturmu\u015f ana sekt\u00f6rlerden ba\u015flay\u0131p yaz\u0131l\u0131m, siber g\u00fcvenlik ve yapay zeka teknolojileri gibi yeni g\u00fc\u00e7l\u00fc sekt\u00f6rlere kadar \u00e7e\u015fitlenmektedir. T\u00fcrk, Orta Do\u011fu ve Kuzey Afrika b\u00f6lgelerinde ise oyun, e-ticaret ve dijital reklamc\u0131l\u0131k alanlar\u0131nda ciddi bir destek sa\u011fl\u0131yoruz.<br \/>\nBu nedenle M\u00fcvekkillerimize her t\u00fcrl\u00fc hukuki i\u015flem ve yasal \u00f6nlemler konusunda bilgilendirme yap\u0131lmakta, global ba\u011flant\u0131lar\u0131m\u0131z ve bir\u00e7ok \u015fehirde bulunan ba\u011flant\u0131l\u0131 ofislerimizle ortak avukat d\u00fczeyinde s\u00fcrekli hizmeti \u00f6l\u00e7\u00fclebilir ve uygun \u015fekilde sunabilmekteyiz. Ekibimizin multi-disipliner uzmanl\u0131klar\u0131, akademik ge\u00e7mi\u015fleri ve sekt\u00f6rel bilgileri, m\u00fcvekkillerimiz i\u00e7in benzersiz ve \u00f6zelle\u015ftirilmi\u015f \u00e7\u00f6z\u00fcmlere imkan vermekte, \u00fcyesi oldu\u011fumuz sekt\u00f6rel derneklerle ticari ve sekt\u00f6rel bilgi edinerek karma\u015f\u0131k problemleri do\u011fru uzmanl\u0131k ve do\u011fru bir strateji ile \u00e7\u00f6zmekteyiz.<\/p>\n<\/div><\/div><\/div><div class=\"fusion-layout-column fusion_builder_column fusion-builder-column-1 fusion_builder_column_1_3 1_3 fusion-flex-column\" style=\"--awb-padding-top:60px;--awb-padding-top-small:80px;--awb-bg-size:cover;--awb-width-large:33.333333333333%;--awb-margin-top-large:0px;--awb-spacing-right-large:;--awb-margin-bottom-large:20px;--awb-spacing-left-large:;--awb-width-medium:33.333333333333%;--awb-order-medium:0;--awb-spacing-right-medium:;--awb-spacing-left-medium:;--awb-width-small:100%;--awb-order-small:0;--awb-spacing-right-small:;--awb-spacing-left-small:;\" data-scroll-devices=\"small-visibility,medium-visibility,large-visibility\"><div class=\"fusion-column-wrapper fusion-column-has-shadow fusion-flex-justify-content-flex-start fusion-content-layout-column\"><div class=\"fusion-image-element \" style=\"text-align:center;--awb-mask-url: url(https:\/\/www.legelaw.com\/wp-content\/plugins\/fusion-builder\/\/assets\/images\/masks\/mask-17.svg);--awb-caption-title-font-family:var(--h2_typography-font-family);--awb-caption-title-font-weight:var(--h2_typography-font-weight);--awb-caption-title-font-style:var(--h2_typography-font-style);--awb-caption-title-size:var(--h2_typography-font-size);--awb-caption-title-transform:var(--h2_typography-text-transform);--awb-caption-title-line-height:var(--h2_typography-line-height);--awb-caption-title-letter-spacing:var(--h2_typography-letter-spacing);\"><span class=\" fusion-imageframe imageframe-none imageframe-1 hover-type-zoomin has-mask\"><img decoding=\"async\" width=\"169\" height=\"300\" alt=\"tak\u0131m arkada\u015f\u0131\" title=\"tak\u0131m arkada\u015f\u0131\" src=\"https:\/\/www.legelaw.com\/wp-content\/uploads\/2024\/08\/Adsiz-tasarim-169x300.png\" class=\"img-responsive wp-image-2046\" srcset=\"https:\/\/www.legelaw.com\/wp-content\/uploads\/2024\/08\/Adsiz-tasarim-200x356.png 200w, https:\/\/www.legelaw.com\/wp-content\/uploads\/2024\/08\/Adsiz-tasarim-400x711.png 400w, https:\/\/www.legelaw.com\/wp-content\/uploads\/2024\/08\/Adsiz-tasarim-600x1067.png 600w, https:\/\/www.legelaw.com\/wp-content\/uploads\/2024\/08\/Adsiz-tasarim-800x1422.png 800w, https:\/\/www.legelaw.com\/wp-content\/uploads\/2024\/08\/Adsiz-tasarim.png 1080w\" sizes=\"(max-width: 640px) 100vw, 600px\" \/><\/span><\/div><\/div><\/div><\/div><\/div>\n","protected":false},"excerpt":{"rendered":"","protected":false},"author":1,"featured_media":0,"parent":0,"menu_order":0,"comment_status":"closed","ping_status":"closed","template":"100-width.php","meta":{"footnotes":""},"class_list":["post-431","page","type-page","status-publish","hentry"],"yoast_head":"<!-- This site is optimized with the Yoast SEO plugin v26.0 - https:\/\/yoast.com\/wordpress\/plugins\/seo\/ -->\n<title>Hakk\u0131m\u0131zda - Lege Law<\/title>\n<meta name=\"description\" content=\"LEGE olarak m\u00fcvekkillerimizin ihtiya\u00e7lar\u0131 do\u011frultusunda g\u00fcvenilir, h\u0131zl\u0131 ve \u00e7\u00f6z\u00fcm odakl\u0131 hizmet ilkesinden hareketle hukuki dan\u0131\u015fmanl\u0131k ve ..\" \/>\n<meta name=\"robots\" content=\"index, follow, max-snippet:-1, max-image-preview:large, max-video-preview:-1\" \/>\n<link rel=\"canonical\" href=\"https:\/\/www.legelaw.com\/tr\/hakkimizda\/\" \/>\n<meta property=\"og:locale\" content=\"tr_TR\" \/>\n<meta property=\"og:type\" content=\"article\" \/>\n<meta property=\"og:title\" content=\"Hakk\u0131m\u0131zda - Lege Law\" \/>\n<meta property=\"og:description\" content=\"LEGE olarak m\u00fcvekkillerimizin ihtiya\u00e7lar\u0131 do\u011frultusunda g\u00fcvenilir, h\u0131zl\u0131 ve \u00e7\u00f6z\u00fcm odakl\u0131 hizmet ilkesinden hareketle hukuki dan\u0131\u015fmanl\u0131k ve ..\" \/>\n<meta property=\"og:url\" content=\"https:\/\/www.legelaw.com\/tr\/hakkimizda\/\" \/>\n<meta property=\"og:site_name\" content=\"Lege Law\" \/>\n<meta property=\"article:modified_time\" content=\"2024-08-13T21:04:16+00:00\" \/>\n<meta name=\"twitter:card\" content=\"summary_large_image\" \/>\n<meta name=\"twitter:label1\" content=\"Tahmini okuma s\u00fcresi\" \/>\n\t<meta name=\"twitter:data1\" content=\"3 dakika\" \/>\n<script type=\"application\/ld+json\" class=\"yoast-schema-graph\">{\"@context\":\"https:\/\/schema.org\",\"@graph\":[{\"@type\":\"WebPage\",\"@id\":\"https:\/\/www.legelaw.com\/tr\/hakkimizda\/\",\"url\":\"https:\/\/www.legelaw.com\/tr\/hakkimizda\/\",\"name\":\"Hakk\u0131m\u0131zda - Lege Law\",\"isPartOf\":{\"@id\":\"https:\/\/www.legelaw.com\/tr\/#website\"},\"datePublished\":\"2024-01-31T20:39:08+00:00\",\"dateModified\":\"2024-08-13T21:04:16+00:00\",\"description\":\"LEGE olarak m\u00fcvekkillerimizin ihtiya\u00e7lar\u0131 do\u011frultusunda g\u00fcvenilir, h\u0131zl\u0131 ve \u00e7\u00f6z\u00fcm odakl\u0131 hizmet ilkesinden hareketle hukuki dan\u0131\u015fmanl\u0131k ve ..\",\"breadcrumb\":{\"@id\":\"https:\/\/www.legelaw.com\/tr\/hakkimizda\/#breadcrumb\"},\"inLanguage\":\"tr\",\"potentialAction\":[{\"@type\":\"ReadAction\",\"target\":[\"https:\/\/www.legelaw.com\/tr\/hakkimizda\/\"]}]},{\"@type\":\"BreadcrumbList\",\"@id\":\"https:\/\/www.legelaw.com\/tr\/hakkimizda\/#breadcrumb\",\"itemListElement\":[{\"@type\":\"ListItem\",\"position\":1,\"name\":\"Home\",\"item\":\"https:\/\/www.legelaw.com\/tr\/\"},{\"@type\":\"ListItem\",\"position\":2,\"name\":\"Hakk\u0131m\u0131zda\"}]},{\"@type\":\"WebSite\",\"@id\":\"https:\/\/www.legelaw.com\/tr\/#website\",\"url\":\"https:\/\/www.legelaw.com\/tr\/\",\"name\":\"Lege Law\",\"description\":\"Attorneys at law\",\"potentialAction\":[{\"@type\":\"SearchAction\",\"target\":{\"@type\":\"EntryPoint\",\"urlTemplate\":\"https:\/\/www.legelaw.com\/tr\/?s={search_term_string}\"},\"query-input\":{\"@type\":\"PropertyValueSpecification\",\"valueRequired\":true,\"valueName\":\"search_term_string\"}}],\"inLanguage\":\"tr\"}]}<\/script>\n<!-- \/ Yoast SEO plugin. -->","yoast_head_json":{"title":"Hakk\u0131m\u0131zda - Lege Law","description":"LEGE olarak m\u00fcvekkillerimizin ihtiya\u00e7lar\u0131 do\u011frultusunda g\u00fcvenilir, h\u0131zl\u0131 ve \u00e7\u00f6z\u00fcm odakl\u0131 hizmet ilkesinden hareketle hukuki dan\u0131\u015fmanl\u0131k ve ..","robots":{"index":"index","follow":"follow","max-snippet":"max-snippet:-1","max-image-preview":"max-image-preview:large","max-video-preview":"max-video-preview:-1"},"canonical":"https:\/\/www.legelaw.com\/tr\/hakkimizda\/","og_locale":"tr_TR","og_type":"article","og_title":"Hakk\u0131m\u0131zda - Lege Law","og_description":"LEGE olarak m\u00fcvekkillerimizin ihtiya\u00e7lar\u0131 do\u011frultusunda g\u00fcvenilir, h\u0131zl\u0131 ve \u00e7\u00f6z\u00fcm odakl\u0131 hizmet ilkesinden hareketle hukuki dan\u0131\u015fmanl\u0131k ve ..","og_url":"https:\/\/www.legelaw.com\/tr\/hakkimizda\/","og_site_name":"Lege Law","article_modified_time":"2024-08-13T21:04:16+00:00","twitter_card":"summary_large_image","twitter_misc":{"Tahmini okuma s\u00fcresi":"3 dakika"},"schema":{"@context":"https:\/\/schema.org","@graph":[{"@type":"WebPage","@id":"https:\/\/www.legelaw.com\/tr\/hakkimizda\/","url":"https:\/\/www.legelaw.com\/tr\/hakkimizda\/","name":"Hakk\u0131m\u0131zda - Lege Law","isPartOf":{"@id":"https:\/\/www.legelaw.com\/tr\/#website"},"datePublished":"2024-01-31T20:39:08+00:00","dateModified":"2024-08-13T21:04:16+00:00","description":"LEGE olarak m\u00fcvekkillerimizin ihtiya\u00e7lar\u0131 do\u011frultusunda g\u00fcvenilir, h\u0131zl\u0131 ve \u00e7\u00f6z\u00fcm odakl\u0131 hizmet ilkesinden hareketle hukuki dan\u0131\u015fmanl\u0131k ve ..","breadcrumb":{"@id":"https:\/\/www.legelaw.com\/tr\/hakkimizda\/#breadcrumb"},"inLanguage":"tr","potentialAction":[{"@type":"ReadAction","target":["https:\/\/www.legelaw.com\/tr\/hakkimizda\/"]}]},{"@type":"BreadcrumbList","@id":"https:\/\/www.legelaw.com\/tr\/hakkimizda\/#breadcrumb","itemListElement":[{"@type":"ListItem","position":1,"name":"Home","item":"https:\/\/www.legelaw.com\/tr\/"},{"@type":"ListItem","position":2,"name":"Hakk\u0131m\u0131zda"}]},{"@type":"WebSite","@id":"https:\/\/www.legelaw.com\/tr\/#website","url":"https:\/\/www.legelaw.com\/tr\/","name":"Lege Law","description":"Attorneys at law","potentialAction":[{"@type":"SearchAction","target":{"@type":"EntryPoint","urlTemplate":"https:\/\/www.legelaw.com\/tr\/?s={search_term_string}"},"query-input":{"@type":"PropertyValueSpecification","valueRequired":true,"valueName":"search_term_string"}}],"inLanguage":"tr"}]}},"_links":{"self":[{"href":"https:\/\/www.legelaw.com\/tr\/wp-json\/wp\/v2\/pages\/431","targetHints":{"allow":["GET"]}}],"collection":[{"href":"https:\/\/www.legelaw.com\/tr\/wp-json\/wp\/v2\/pages"}],"about":[{"href":"https:\/\/www.legelaw.com\/tr\/wp-json\/wp\/v2\/types\/page"}],"author":[{"embeddable":true,"href":"https:\/\/www.legelaw.com\/tr\/wp-json\/wp\/v2\/users\/1"}],"replies":[{"embeddable":true,"href":"https:\/\/www.legelaw.com\/tr\/wp-json\/wp\/v2\/comments?post=431"}],"version-history":[{"count":12,"href":"https:\/\/www.legelaw.com\/tr\/wp-json\/wp\/v2\/pages\/431\/revisions"}],"predecessor-version":[{"id":2049,"href":"https:\/\/www.legelaw.com\/tr\/wp-json\/wp\/v2\/pages\/431\/revisions\/2049"}],"wp:attachment":[{"href":"https:\/\/www.legelaw.com\/tr\/wp-json\/wp\/v2\/media?parent=431"}],"curies":[{"name":"wp","href":"https:\/\/api.w.org\/{rel}","templated":true}]}}