{"id":2145,"date":"2025-09-25T15:15:53","date_gmt":"2025-09-25T12:15:53","guid":{"rendered":"https:\/\/www.legelaw.com\/?page_id=2145"},"modified":"2025-09-25T15:15:53","modified_gmt":"2025-09-25T12:15:53","slug":"aysel-olcen-aydiner","status":"publish","type":"page","link":"https:\/\/www.legelaw.com\/tr\/ekibimiz\/aysel-olcen-aydiner\/","title":{"rendered":"Aysel \u00d6l\u00e7en Ayd\u0131ner"},"content":{"rendered":"<div class=\"fusion-fullwidth fullwidth-box fusion-builder-row-1 fusion-flex-container has-pattern-background has-mask-background nonhundred-percent-fullwidth non-hundred-percent-height-scrolling\" style=\"--link_hover_color: #278b77;--link_color: #278b77;--awb-background-position:right top;--awb-background-blend-mode:overlay;--awb-border-color:#ffffff;--awb-border-radius-top-left:0px;--awb-border-radius-top-right:0px;--awb-border-radius-bottom-right:0px;--awb-border-radius-bottom-left:0px;--awb-padding-top:80px;--awb-padding-bottom:80px;--awb-padding-top-medium:90px;--awb-padding-bottom-medium:90px;--awb-padding-top-small:80px;--awb-padding-bottom-small:80px;--awb-margin-bottom-medium:0px;--awb-background-color:#ffffff;--awb-flex-wrap:wrap;\" id=\"who\" ><div class=\"awb-background-mask\" style=\"background-image:  url(data:image\/svg+xml;utf8,%3Csvg%20width%3D%221920%22%20height%3D%22954%22%20fill%3D%22none%22%20xmlns%3D%22http%3A%2F%2Fwww.w3.org%2F2000%2Fsvg%22%3E%3Cg%20clip-path%3D%22url%28%23prefix__clip0_75_23031%29%22%20fill%3D%22rgba%280%2C90%2C140%2C0.65%29%22%3E%3Cpath%20d%3D%22M1321.57%20538C1357.08%20287.516%201273.7%2089.91%201127-.418L1374.18-6c65.77%20100.68-15.89%20431.512-52.61%20544zM312%20955c432.242%200%20746.77-180.667%20850-271-90.34%20157.09-176.766%20246.121-208.688%20271H312z%22%20fill%3D%22rgba%2839%2C155%2C72%2C0.37%29%22%20fill-opacity%3D%22.25%22%2F%3E%3Cpath%20d%3D%22M1344.5%20427c0-252.4-212.67-390.833-319-428.5H1373c70%2082.4%2010.17%20320-28.5%20428.5z%22%20fill%3D%22rgba%2839%2C155%2C72%2C0.37%29%22%20fill-opacity%3D%22.1%22%2F%3E%3Cpath%20fill-rule%3D%22evenodd%22%20clip-rule%3D%22evenodd%22%20d%3D%22M839.644%20954C1138.37%20793.549%201337%20508.902%201337%20184.5c0-63.218-7.54-124.926-21.9-184.5H1920v954H839.644zm0%200C676.842%201041.44%20484.311%201092%20278%201092c-584.87%200-1059-406.302-1059-907.5S-306.87-723%20278-723c511.098%200%20937.63%20310.269%201037.1%20723H0v954h839.644z%22%20fill%3D%22rgba%2839%2C155%2C72%2C0.37%29%22%20fill-opacity%3D%22.5%22%2F%3E%3Cpath%20fill-rule%3D%22evenodd%22%20clip-rule%3D%22evenodd%22%20d%3D%22M1011.55%20954C1221.42%20793.95%201353%20564.007%201353%20308.5c0-108.584-23.76-212.552-67.2-308.5H1920v954h-908.45zm0%200c-187.291%20142.83-436.933%20230-711.05%20230C-280.78%201184-752%20792.025-752%20308.5S-280.78-567%20300.5-567c450.743%200%20835.31%20235.692%20985.3%20567H0v954h1011.55z%22%2F%3E%3C%2Fg%3E%3Cdefs%3E%3CclipPath%20id%3D%22prefix__clip0_75_23031%22%3E%3Cpath%20fill%3D%22%23fff%22%20d%3D%22M0%200h1920v954H0z%22%2F%3E%3C%2FclipPath%3E%3C%2Fdefs%3E%3C%2Fsvg%3E);opacity: 1 ;transform: scale(-1, -1);mix-blend-mode:normal;\"><\/div><div class=\"fusion-builder-row fusion-row fusion-flex-align-items-center fusion-flex-content-wrap\" style=\"max-width:1248px;margin-left: calc(-4% \/ 2 );margin-right: calc(-4% \/ 2 );\"><div class=\"fusion-layout-column fusion_builder_column fusion-builder-column-0 fusion_builder_column_1_3 1_3 fusion-flex-column fusion-animated\" style=\"--awb-bg-size:cover;--awb-width-large:33.333333333333%;--awb-margin-top-large:0px;--awb-spacing-right-large:72px;--awb-margin-bottom-large:0px;--awb-spacing-left-large:5.76%;--awb-width-medium:50%;--awb-order-medium:0;--awb-spacing-right-medium:70px;--awb-spacing-left-medium:3.84%;--awb-width-small:100%;--awb-order-small:0;--awb-spacing-right-small:1.92%;--awb-spacing-left-small:1.92%;\" data-animationType=\"fadeInUp\" data-animationDuration=\"0.8\" data-animationOffset=\"top-into-view\" data-scroll-devices=\"small-visibility,medium-visibility,large-visibility\"><div class=\"fusion-column-wrapper fusion-column-has-shadow fusion-flex-justify-content-flex-start fusion-content-layout-column\"><div class=\"fusion-image-element \" style=\"--awb-bottom-shadow-color:var(--awb-color7);--awb-aspect-ratio: 100 \/ 119;--awb-margin-bottom-small:50px;--awb-caption-title-font-family:var(--h2_typography-font-family);--awb-caption-title-font-weight:var(--h2_typography-font-weight);--awb-caption-title-font-style:var(--h2_typography-font-style);--awb-caption-title-size:var(--h2_typography-font-size);--awb-caption-title-transform:var(--h2_typography-text-transform);--awb-caption-title-line-height:var(--h2_typography-line-height);--awb-caption-title-letter-spacing:var(--h2_typography-letter-spacing);\"><div class=\"awb-image-frame awb-image-frame-1 awb-bottomshadow\"><span class=\" fusion-imageframe imageframe-bottomshadow imageframe-1 hover-type-none has-aspect-ratio\"><img decoding=\"async\" width=\"300\" height=\"293\" title=\"Ekran Resmi 2025-09-24 23.50.52\" src=\"https:\/\/www.legelaw.com\/wp-content\/uploads\/2025\/09\/Ekran-Resmi-2025-09-24-23.50.52-300x293.png\" class=\"img-responsive wp-image-2138 img-with-aspect-ratio\" data-parent-fit=\"cover\" data-parent-container=\".fusion-image-element\" alt srcset=\"https:\/\/www.legelaw.com\/wp-content\/uploads\/2025\/09\/Ekran-Resmi-2025-09-24-23.50.52-200x195.png 200w, https:\/\/www.legelaw.com\/wp-content\/uploads\/2025\/09\/Ekran-Resmi-2025-09-24-23.50.52-400x391.png 400w, https:\/\/www.legelaw.com\/wp-content\/uploads\/2025\/09\/Ekran-Resmi-2025-09-24-23.50.52-600x586.png 600w, https:\/\/www.legelaw.com\/wp-content\/uploads\/2025\/09\/Ekran-Resmi-2025-09-24-23.50.52.png 774w\" sizes=\"(max-width: 640px) 100vw, 400px\" \/><\/span><svg xmlns=\"http:\/\/www.w3.org\/2000\/svg\" version=\"1.1\" width=\"100%\" viewBox=\"0 0 600 28\" preserveAspectRatio=\"none\"><g clip-path=\"url(#a)\"><mask id=\"b\" style=\"mask-type:luminance\" maskUnits=\"userSpaceOnUse\" x=\"0\" y=\"0\" width=\"600\" height=\"28\"><path d=\"M0 0h600v28H0V0Z\" fill=\"#fff\"\/><\/mask><g filter=\"url(#c)\" mask=\"url(#b)\"><path d=\"M16.439-18.667h567.123v30.8S438.961-8.4 300-8.4C161.04-8.4 16.438 12.133 16.438 12.133v-30.8Z\" fill=\"#000\"\/><\/g><\/g><defs><clipPath id=\"a\"><path fill=\"#fff\" d=\"M0 0h600v28H0z\"\/><\/clipPath><filter id=\"c\" x=\"5.438\" y=\"-29.667\" width=\"589.123\" height=\"52.8\" filterUnits=\"userSpaceOnUse\" color-interpolation-filters=\"sRGB\"><feFlood flood-opacity=\"0\" result=\"BackgroundImageFix\"\/><feBlend in=\"SourceGraphic\" in2=\"BackgroundImageFix\" result=\"shape\"\/><feGaussianBlur stdDeviation=\"5.5\" result=\"effect1_foregroundBlur_3983_183\"\/><\/filter><\/defs><\/svg><\/div><\/div><\/div><\/div><div class=\"fusion-layout-column fusion_builder_column fusion-builder-column-1 fusion_builder_column_2_3 2_3 fusion-flex-column fusion-animated\" style=\"--awb-padding-bottom-medium:0px;--awb-bg-size:cover;--awb-width-large:66.666666666667%;--awb-margin-top-large:0px;--awb-spacing-right-large:2.88%;--awb-margin-bottom-large:0px;--awb-spacing-left-large:55px;--awb-width-medium:50%;--awb-order-medium:0;--awb-spacing-right-medium:3.84%;--awb-spacing-left-medium:20px;--awb-width-small:100%;--awb-order-small:0;--awb-spacing-right-small:1.92%;--awb-spacing-left-small:20px;\" data-animationType=\"fadeInRight\" data-animationDuration=\"1.3\" data-animationOffset=\"top-into-view\" data-scroll-devices=\"small-visibility,medium-visibility,large-visibility\"><div class=\"fusion-column-wrapper fusion-column-has-shadow fusion-flex-justify-content-flex-start fusion-content-layout-column\"><div class=\"fusion-title title fusion-title-1 fusion-sep-none fusion-title-text fusion-title-size-two\" style=\"--awb-font-size:30px;\"><h2 class=\"fusion-title-heading title-heading-left\" style=\"margin:0;font-size:1em;\">Aysel \u00d6l\u00e7en Ayd\u0131ner<\/h2><\/div><div class=\"fusion-text fusion-text-1 fusion-text-no-margin\" style=\"--awb-text-color:#091b18;--awb-margin-bottom:10px;\"><p>Avukat, Arabulucu<\/p>\n<\/div><div class=\"fusion-separator fusion-full-width-sep\" style=\"align-self: center;margin-left: auto;margin-right: auto;margin-top:10px;margin-bottom:30px;width:100%;\"><div class=\"fusion-separator-border sep-shadow\" style=\"--awb-height:20px;--awb-amount:20px;background:radial-gradient(ellipse at 50% -50% , var(--awb-color3) 0px, rgba(255, 255, 255, 0) 80%) repeat scroll 0 0 rgba(0, 0, 0, 0);background:-webkit-radial-gradient(ellipse at 50% -50% , var(--awb-color3) 0px, rgba(255, 255, 255, 0) 80%) repeat scroll 0 0 rgba(0, 0, 0, 0);background:-moz-radial-gradient(ellipse at 50% -50% , var(--awb-color3) 0px, rgba(255, 255, 255, 0) 80%) repeat scroll 0 0 rgba(0, 0, 0, 0);background:-o-radial-gradient(ellipse at 50% -50% , var(--awb-color3) 0px, rgba(255, 255, 255, 0) 80%) repeat scroll 0 0 rgba(0, 0, 0, 0);\"><\/div><\/div><div class=\"fusion-text fusion-text-2\" style=\"--awb-font-size:14px;\"><p class=\"cvGsUA direction-ltr align-justify para-style-body\"><span class=\"a_GcMg font-feature-liga-off font-feature-clig-off font-feature-calt-off text-decoration-none text-strikethrough-none\">25 y\u0131l\u0131 a\u015fk\u0131n deneyime sahip bir avukat ve arabulucu olan Ayd\u0131ner, kariyeri boyunca hem T\u00fcrkiye\u2019nin \u00f6nde gelen \u015firketlerinde hem de uluslararas\u0131 yat\u0131r\u0131m fonlar\u0131nda \u00fcst d\u00fczey hukuk y\u00f6netimi g\u00f6revlerinde bulunmu\u015ftur.<\/span><\/p>\n<p class=\"cvGsUA direction-ltr align-justify para-style-body\"><span class=\"a_GcMg font-feature-liga-off font-feature-clig-off font-feature-calt-off text-decoration-none text-strikethrough-none\">Deva Holding A.\u015e.\u2019de Y\u00f6netim Kurulu \u00dcyesi olarak grubun t\u00fcm hukuki ve denetim s\u00fcre\u00e7lerinden sorumlu olmu\u015f; birle\u015fme ve devralmalar, lisanslama projeleri, toplu i\u015f s\u00f6zle\u015fmeleri ve dava y\u00f6netiminde kritik roller \u00fcstlenmi\u015ftir. Turkcell\u2019de Hukuk Dan\u0131\u015fmanl\u0131\u011f\u0131 Direkt\u00f6r\u00fc olarak s\u00f6zle\u015fme y\u00f6netimi i\u015f birimlerinin, fikri m\u00fclkiyet, t\u00fcketici \u015fikayetleri, reklam kampanyalar\u0131 ve reg\u00fclasyon s\u00fcre\u00e7lerinde hukuki stratejileri \u015fekillendirmi\u015ftir. <\/span><\/p>\n<p class=\"cvGsUA direction-ltr align-justify para-style-body\"><span class=\"a_GcMg font-feature-liga-off font-feature-clig-off font-feature-calt-off text-decoration-none text-strikethrough-none\">Uluslararas\u0131 alanda ise, EastPharma Ltd. ve GEM Global Equities Management b\u00fcnyesinde genel hukuk m\u00fc\u015favirli\u011fi ve y\u00f6netim kurulu \u00fcyeli\u011fi g\u00f6revlerini \u00fcstlenerek, Londra Borsas\u0131\u2019nda halka arz (IPO) s\u00fcre\u00e7leri, \u00e7ok uluslu yat\u0131r\u0131m yap\u0131lar\u0131 ve s\u0131n\u0131r \u00f6tesi M&amp;A projelerinde ba\u015far\u0131lar elde etmi\u015ftir. Bu deneyimleri, kendisine halka a\u00e7\u0131k \u015firketlerde kurumsal y\u00f6neti\u015fim, risk y\u00f6netimi ve yat\u0131r\u0131m hukuku alanlar\u0131nda derin bir uzmanl\u0131k kazand\u0131rm\u0131\u015ft\u0131r. <\/span><\/p>\n<p class=\"cvGsUA direction-ltr align-justify para-style-body\"><span class=\"a_GcMg font-feature-liga-off font-feature-clig-off font-feature-calt-off text-decoration-none text-strikethrough-none\">Ayr\u0131ca, Harvard Program on Negotiation\u2019da<\/span><span class=\"a_GcMg font-feature-liga-off font-feature-clig-off font-feature-calt-off text-decoration-none text-strikethrough-none white-space-prewrap\">\u00a0<\/span><span class=\"a_GcMg font-feature-liga-off font-feature-clig-off font-feature-calt-off text-decoration-none text-strikethrough-none\">\u00f6nc\u00fc m\u00fczakerecilerden ald\u0131\u011f\u0131 e\u011fitim, arabuluculuk ve m\u00fczakere s\u00fcre\u00e7lerine bilimsel bir yakla\u015f\u0131m kazand\u0131rm\u0131\u015f; taraflar\u0131n \u00e7\u0131karlar\u0131n\u0131 koruyan, s\u00fcrd\u00fcr\u00fclebilir ve kazan-kazan esas\u0131na dayal\u0131 \u00e7\u00f6z\u00fcmler geli\u015ftirmesini sa\u011flam\u0131\u015ft\u0131r. <\/span><\/p>\n<p class=\"cvGsUA direction-ltr align-justify para-style-body\"><span class=\"a_GcMg font-feature-liga-off font-feature-clig-off font-feature-calt-off text-decoration-none text-strikethrough-none\">Ba\u011f\u0131ms\u0131z y\u00f6netim kurulu \u00fcyesi olarak g\u00f6rev yapt\u0131\u011f\u0131 TSKB GYO A.\u015e. ve Yat\u0131r\u0131m Varl\u0131k Kiralama A.\u015e.\u2019de kurumsal y\u00f6neti\u015fim ilkelerini hayata ge\u00e7irmi\u015f; stratejik karar alma s\u00fcre\u00e7lerine hukuki ve ticari perspektiften katk\u0131 sunmu\u015ftur.<\/span><\/p>\n<\/div><\/div><\/div><\/div><\/div>\n","protected":false},"excerpt":{"rendered":"","protected":false},"author":2,"featured_media":0,"parent":441,"menu_order":0,"comment_status":"closed","ping_status":"closed","template":"100-width.php","meta":{"footnotes":""},"class_list":["post-2145","page","type-page","status-publish","hentry"],"yoast_head":"<!-- This site is optimized with the Yoast SEO plugin v27.5 - https:\/\/yoast.com\/product\/yoast-seo-wordpress\/ -->\n<title>Aysel \u00d6l\u00e7en Ayd\u0131ner - Lege Law<\/title>\n<meta name=\"robots\" content=\"index, follow, max-snippet:-1, max-image-preview:large, max-video-preview:-1\" \/>\n<link rel=\"canonical\" href=\"https:\/\/www.legelaw.com\/tr\/ekibimiz\/aysel-olcen-aydiner\/\" \/>\n<meta property=\"og:locale\" content=\"tr_TR\" \/>\n<meta property=\"og:type\" content=\"article\" \/>\n<meta property=\"og:title\" content=\"Aysel \u00d6l\u00e7en Ayd\u0131ner - Lege Law\" \/>\n<meta property=\"og:url\" content=\"https:\/\/www.legelaw.com\/tr\/ekibimiz\/aysel-olcen-aydiner\/\" \/>\n<meta property=\"og:site_name\" content=\"Lege Law\" \/>\n<meta name=\"twitter:card\" content=\"summary_large_image\" \/>\n<meta name=\"twitter:label1\" content=\"Tahmini okuma s\u00fcresi\" \/>\n\t<meta name=\"twitter:data1\" content=\"2 dakika\" \/>\n<script type=\"application\/ld+json\" class=\"yoast-schema-graph\">{\"@context\":\"https:\\\/\\\/schema.org\",\"@graph\":[{\"@type\":\"WebPage\",\"@id\":\"https:\\\/\\\/www.legelaw.com\\\/tr\\\/ekibimiz\\\/aysel-olcen-aydiner\\\/\",\"url\":\"https:\\\/\\\/www.legelaw.com\\\/tr\\\/ekibimiz\\\/aysel-olcen-aydiner\\\/\",\"name\":\"Aysel \u00d6l\u00e7en Ayd\u0131ner - Lege Law\",\"isPartOf\":{\"@id\":\"https:\\\/\\\/www.legelaw.com\\\/tr\\\/#website\"},\"datePublished\":\"2025-09-25T12:15:53+00:00\",\"breadcrumb\":{\"@id\":\"https:\\\/\\\/www.legelaw.com\\\/tr\\\/ekibimiz\\\/aysel-olcen-aydiner\\\/#breadcrumb\"},\"inLanguage\":\"tr\",\"potentialAction\":[{\"@type\":\"ReadAction\",\"target\":[\"https:\\\/\\\/www.legelaw.com\\\/tr\\\/ekibimiz\\\/aysel-olcen-aydiner\\\/\"]}]},{\"@type\":\"BreadcrumbList\",\"@id\":\"https:\\\/\\\/www.legelaw.com\\\/tr\\\/ekibimiz\\\/aysel-olcen-aydiner\\\/#breadcrumb\",\"itemListElement\":[{\"@type\":\"ListItem\",\"position\":1,\"name\":\"Home\",\"item\":\"https:\\\/\\\/www.legelaw.com\\\/tr\\\/\"},{\"@type\":\"ListItem\",\"position\":2,\"name\":\"Ekibimiz\",\"item\":\"https:\\\/\\\/www.legelaw.com\\\/tr\\\/ekibimiz\\\/\"},{\"@type\":\"ListItem\",\"position\":3,\"name\":\"Aysel \u00d6l\u00e7en Ayd\u0131ner\"}]},{\"@type\":\"WebSite\",\"@id\":\"https:\\\/\\\/www.legelaw.com\\\/tr\\\/#website\",\"url\":\"https:\\\/\\\/www.legelaw.com\\\/tr\\\/\",\"name\":\"Lege Law\",\"description\":\"Attorneys at law\",\"potentialAction\":[{\"@type\":\"SearchAction\",\"target\":{\"@type\":\"EntryPoint\",\"urlTemplate\":\"https:\\\/\\\/www.legelaw.com\\\/tr\\\/?s={search_term_string}\"},\"query-input\":{\"@type\":\"PropertyValueSpecification\",\"valueRequired\":true,\"valueName\":\"search_term_string\"}}],\"inLanguage\":\"tr\"}]}<\/script>\n<!-- \/ Yoast SEO plugin. -->","yoast_head_json":{"title":"Aysel \u00d6l\u00e7en Ayd\u0131ner - Lege Law","robots":{"index":"index","follow":"follow","max-snippet":"max-snippet:-1","max-image-preview":"max-image-preview:large","max-video-preview":"max-video-preview:-1"},"canonical":"https:\/\/www.legelaw.com\/tr\/ekibimiz\/aysel-olcen-aydiner\/","og_locale":"tr_TR","og_type":"article","og_title":"Aysel \u00d6l\u00e7en Ayd\u0131ner - Lege Law","og_url":"https:\/\/www.legelaw.com\/tr\/ekibimiz\/aysel-olcen-aydiner\/","og_site_name":"Lege Law","twitter_card":"summary_large_image","twitter_misc":{"Tahmini okuma s\u00fcresi":"2 dakika"},"schema":{"@context":"https:\/\/schema.org","@graph":[{"@type":"WebPage","@id":"https:\/\/www.legelaw.com\/tr\/ekibimiz\/aysel-olcen-aydiner\/","url":"https:\/\/www.legelaw.com\/tr\/ekibimiz\/aysel-olcen-aydiner\/","name":"Aysel \u00d6l\u00e7en Ayd\u0131ner - Lege Law","isPartOf":{"@id":"https:\/\/www.legelaw.com\/tr\/#website"},"datePublished":"2025-09-25T12:15:53+00:00","breadcrumb":{"@id":"https:\/\/www.legelaw.com\/tr\/ekibimiz\/aysel-olcen-aydiner\/#breadcrumb"},"inLanguage":"tr","potentialAction":[{"@type":"ReadAction","target":["https:\/\/www.legelaw.com\/tr\/ekibimiz\/aysel-olcen-aydiner\/"]}]},{"@type":"BreadcrumbList","@id":"https:\/\/www.legelaw.com\/tr\/ekibimiz\/aysel-olcen-aydiner\/#breadcrumb","itemListElement":[{"@type":"ListItem","position":1,"name":"Home","item":"https:\/\/www.legelaw.com\/tr\/"},{"@type":"ListItem","position":2,"name":"Ekibimiz","item":"https:\/\/www.legelaw.com\/tr\/ekibimiz\/"},{"@type":"ListItem","position":3,"name":"Aysel \u00d6l\u00e7en Ayd\u0131ner"}]},{"@type":"WebSite","@id":"https:\/\/www.legelaw.com\/tr\/#website","url":"https:\/\/www.legelaw.com\/tr\/","name":"Lege Law","description":"Attorneys at law","potentialAction":[{"@type":"SearchAction","target":{"@type":"EntryPoint","urlTemplate":"https:\/\/www.legelaw.com\/tr\/?s={search_term_string}"},"query-input":{"@type":"PropertyValueSpecification","valueRequired":true,"valueName":"search_term_string"}}],"inLanguage":"tr"}]}},"_links":{"self":[{"href":"https:\/\/www.legelaw.com\/tr\/wp-json\/wp\/v2\/pages\/2145","targetHints":{"allow":["GET"]}}],"collection":[{"href":"https:\/\/www.legelaw.com\/tr\/wp-json\/wp\/v2\/pages"}],"about":[{"href":"https:\/\/www.legelaw.com\/tr\/wp-json\/wp\/v2\/types\/page"}],"author":[{"embeddable":true,"href":"https:\/\/www.legelaw.com\/tr\/wp-json\/wp\/v2\/users\/2"}],"replies":[{"embeddable":true,"href":"https:\/\/www.legelaw.com\/tr\/wp-json\/wp\/v2\/comments?post=2145"}],"version-history":[{"count":1,"href":"https:\/\/www.legelaw.com\/tr\/wp-json\/wp\/v2\/pages\/2145\/revisions"}],"predecessor-version":[{"id":2146,"href":"https:\/\/www.legelaw.com\/tr\/wp-json\/wp\/v2\/pages\/2145\/revisions\/2146"}],"up":[{"embeddable":true,"href":"https:\/\/www.legelaw.com\/tr\/wp-json\/wp\/v2\/pages\/441"}],"wp:attachment":[{"href":"https:\/\/www.legelaw.com\/tr\/wp-json\/wp\/v2\/media?parent=2145"}],"curies":[{"name":"wp","href":"https:\/\/api.w.org\/{rel}","templated":true}]}}