{"id":1957,"date":"2024-08-12T22:32:20","date_gmt":"2024-08-12T19:32:20","guid":{"rendered":"https:\/\/www.legelaw.com\/?page_id=1957"},"modified":"2024-08-13T14:14:11","modified_gmt":"2024-08-13T11:14:11","slug":"fintek-ve-odeme-sistemleri","status":"publish","type":"page","link":"https:\/\/www.legelaw.com\/tr\/fintek-ve-odeme-sistemleri\/","title":{"rendered":"Fintek ve \u00d6deme Sistemleri"},"content":{"rendered":"<div class=\"fusion-fullwidth fullwidth-box fusion-builder-row-1 fusion-flex-container has-pattern-background has-mask-background nonhundred-percent-fullwidth non-hundred-percent-height-scrolling\" style=\"--awb-border-radius-top-left:0px;--awb-border-radius-top-right:0px;--awb-border-radius-bottom-right:0px;--awb-border-radius-bottom-left:0px;--awb-flex-wrap:wrap;\" ><div class=\"fusion-builder-row fusion-row fusion-flex-align-items-flex-start fusion-flex-content-wrap\" style=\"max-width:1248px;margin-left: calc(-4% \/ 2 );margin-right: calc(-4% \/ 2 );\"><div class=\"fusion-layout-column fusion_builder_column fusion-builder-column-0 fusion_builder_column_1_1 1_1 fusion-flex-column\" style=\"--awb-bg-size:cover;--awb-width-large:100%;--awb-margin-top-large:0px;--awb-spacing-right-large:1.92%;--awb-margin-bottom-large:20px;--awb-spacing-left-large:1.92%;--awb-width-medium:100%;--awb-order-medium:0;--awb-spacing-right-medium:1.92%;--awb-spacing-left-medium:1.92%;--awb-width-small:100%;--awb-order-small:0;--awb-spacing-right-small:1.92%;--awb-spacing-left-small:1.92%;\"><div class=\"fusion-column-wrapper fusion-column-has-shadow fusion-flex-justify-content-flex-start fusion-content-layout-column\"><div class=\"fusion-title title fusion-title-1 fusion-sep-none fusion-title-text fusion-title-size-one\"><h1 class=\"fusion-title-heading title-heading-left\" style=\"margin:0;\">Fintek ve \u00d6deme Sistemleri<\/h1><\/div><div class=\"fusion-separator\" style=\"align-self: flex-start;margin-right:auto;width:100%;max-width:40%;\"><div class=\"fusion-separator-border sep-shadow\" style=\"--awb-height:20px;--awb-amount:20px;--awb-sep-color:var(--awb-color5);background:radial-gradient(ellipse at 50% -50% , var(--awb-color5) 0px, rgba(255, 255, 255, 0) 80%) repeat scroll 0 0 rgba(0, 0, 0, 0);background:-webkit-radial-gradient(ellipse at 50% -50% , var(--awb-color5) 0px, rgba(255, 255, 255, 0) 80%) repeat scroll 0 0 rgba(0, 0, 0, 0);background:-moz-radial-gradient(ellipse at 50% -50% , var(--awb-color5) 0px, rgba(255, 255, 255, 0) 80%) repeat scroll 0 0 rgba(0, 0, 0, 0);background:-o-radial-gradient(ellipse at 50% -50% , var(--awb-color5) 0px, rgba(255, 255, 255, 0) 80%) repeat scroll 0 0 rgba(0, 0, 0, 0);\"><\/div><\/div><div class=\"fusion-text fusion-text-1\"><p>Finansal teknolojilerle ili\u015fkili yasal ve d\u00fczenleyici zorluklar i\u00e7in pragmatik, ticari odakl\u0131 tavsiyeler sunmaktay\u0131z. FinTech, \u00f6deme sistemleri, finans\u0131n dijitalle\u015fmesi (kripto para birimleri dahil) s\u00fcre\u00e7lerindeki benzersiz bir uzmanl\u0131\u011fa sahibiz. FinTech alan\u0131ndaki odak alanlar\u0131m\u0131z ve hizmetlerimizden baz\u0131lar\u0131 \u015funlard\u0131r;<\/p>\n<p>Yerel d\u00fczenlemelere uyum konusunda dan\u0131\u015fmanl\u0131k<br \/>\nFinTech \u015firketlerini i\u00e7eren birle\u015fme ve devralmalara rehberlik etmek, ilgili yasal konular ve riskler \u00fczerinde titizlikle durmak.<br \/>\n\u0130lgili lisanslama rejimleri de dahil olmak \u00fczere FinTech i\u015fletmelerinin kurulmas\u0131 ve i\u015fletilmesi,<br \/>\nOrtak giri\u015fimler, stratejik ittifaklar, d\u0131\u015f kaynak kullan\u0131m\u0131<br \/>\nYerel otorite soru\u015fturmalar\u0131 ve yapt\u0131r\u0131m eylemlerine yard\u0131mc\u0131 olmak<br \/>\n\u00d6deme, elektronik para, bankac\u0131l\u0131k ve AML\/KYC d\u00fczenlemelerine ili\u015fkin d\u00fczenleyici dan\u0131\u015fmanl\u0131k<br \/>\nB2B ve B2C s\u00f6zle\u015fme tasla\u011f\u0131 haz\u0131rlama ve m\u00fczakere etme<br \/>\n\u0130\u015f ve istihdam, gizlilik ve siber g\u00fcvenlik ve kurumsal sekreterlik ile ilgili genel kurumsal dan\u0131\u015fmanl\u0131k<\/p>\n<\/div><\/div><\/div><\/div><\/div>\n","protected":false},"excerpt":{"rendered":"","protected":false},"author":2,"featured_media":0,"parent":0,"menu_order":0,"comment_status":"closed","ping_status":"closed","template":"100-width.php","meta":{"footnotes":""},"class_list":["post-1957","page","type-page","status-publish","hentry"],"yoast_head":"<!-- This site is optimized with the Yoast SEO plugin v26.0 - https:\/\/yoast.com\/wordpress\/plugins\/seo\/ -->\n<title>Fintek ve \u00d6deme Sistemleri - Lege Law<\/title>\n<meta name=\"robots\" content=\"index, follow, max-snippet:-1, max-image-preview:large, max-video-preview:-1\" \/>\n<link rel=\"canonical\" href=\"https:\/\/www.legelaw.com\/tr\/fintek-ve-odeme-sistemleri\/\" \/>\n<meta property=\"og:locale\" content=\"tr_TR\" \/>\n<meta property=\"og:type\" content=\"article\" \/>\n<meta property=\"og:title\" content=\"Fintek ve \u00d6deme Sistemleri - Lege Law\" \/>\n<meta property=\"og:url\" content=\"https:\/\/www.legelaw.com\/tr\/fintek-ve-odeme-sistemleri\/\" \/>\n<meta property=\"og:site_name\" content=\"Lege Law\" \/>\n<meta property=\"article:modified_time\" content=\"2024-08-13T11:14:11+00:00\" \/>\n<meta name=\"twitter:card\" content=\"summary_large_image\" \/>\n<meta name=\"twitter:label1\" content=\"Tahmini okuma s\u00fcresi\" \/>\n\t<meta name=\"twitter:data1\" content=\"1 dakika\" \/>\n<script type=\"application\/ld+json\" class=\"yoast-schema-graph\">{\"@context\":\"https:\/\/schema.org\",\"@graph\":[{\"@type\":\"WebPage\",\"@id\":\"https:\/\/www.legelaw.com\/tr\/fintek-ve-odeme-sistemleri\/\",\"url\":\"https:\/\/www.legelaw.com\/tr\/fintek-ve-odeme-sistemleri\/\",\"name\":\"Fintek ve \u00d6deme Sistemleri - Lege Law\",\"isPartOf\":{\"@id\":\"https:\/\/www.legelaw.com\/tr\/#website\"},\"datePublished\":\"2024-08-12T19:32:20+00:00\",\"dateModified\":\"2024-08-13T11:14:11+00:00\",\"breadcrumb\":{\"@id\":\"https:\/\/www.legelaw.com\/tr\/fintek-ve-odeme-sistemleri\/#breadcrumb\"},\"inLanguage\":\"tr\",\"potentialAction\":[{\"@type\":\"ReadAction\",\"target\":[\"https:\/\/www.legelaw.com\/tr\/fintek-ve-odeme-sistemleri\/\"]}]},{\"@type\":\"BreadcrumbList\",\"@id\":\"https:\/\/www.legelaw.com\/tr\/fintek-ve-odeme-sistemleri\/#breadcrumb\",\"itemListElement\":[{\"@type\":\"ListItem\",\"position\":1,\"name\":\"Home\",\"item\":\"https:\/\/www.legelaw.com\/tr\/\"},{\"@type\":\"ListItem\",\"position\":2,\"name\":\"Fintek ve \u00d6deme Sistemleri\"}]},{\"@type\":\"WebSite\",\"@id\":\"https:\/\/www.legelaw.com\/tr\/#website\",\"url\":\"https:\/\/www.legelaw.com\/tr\/\",\"name\":\"Lege Law\",\"description\":\"Attorneys at law\",\"potentialAction\":[{\"@type\":\"SearchAction\",\"target\":{\"@type\":\"EntryPoint\",\"urlTemplate\":\"https:\/\/www.legelaw.com\/tr\/?s={search_term_string}\"},\"query-input\":{\"@type\":\"PropertyValueSpecification\",\"valueRequired\":true,\"valueName\":\"search_term_string\"}}],\"inLanguage\":\"tr\"}]}<\/script>\n<!-- \/ Yoast SEO plugin. -->","yoast_head_json":{"title":"Fintek ve \u00d6deme Sistemleri - Lege Law","robots":{"index":"index","follow":"follow","max-snippet":"max-snippet:-1","max-image-preview":"max-image-preview:large","max-video-preview":"max-video-preview:-1"},"canonical":"https:\/\/www.legelaw.com\/tr\/fintek-ve-odeme-sistemleri\/","og_locale":"tr_TR","og_type":"article","og_title":"Fintek ve \u00d6deme Sistemleri - Lege Law","og_url":"https:\/\/www.legelaw.com\/tr\/fintek-ve-odeme-sistemleri\/","og_site_name":"Lege Law","article_modified_time":"2024-08-13T11:14:11+00:00","twitter_card":"summary_large_image","twitter_misc":{"Tahmini okuma s\u00fcresi":"1 dakika"},"schema":{"@context":"https:\/\/schema.org","@graph":[{"@type":"WebPage","@id":"https:\/\/www.legelaw.com\/tr\/fintek-ve-odeme-sistemleri\/","url":"https:\/\/www.legelaw.com\/tr\/fintek-ve-odeme-sistemleri\/","name":"Fintek ve \u00d6deme Sistemleri - Lege Law","isPartOf":{"@id":"https:\/\/www.legelaw.com\/tr\/#website"},"datePublished":"2024-08-12T19:32:20+00:00","dateModified":"2024-08-13T11:14:11+00:00","breadcrumb":{"@id":"https:\/\/www.legelaw.com\/tr\/fintek-ve-odeme-sistemleri\/#breadcrumb"},"inLanguage":"tr","potentialAction":[{"@type":"ReadAction","target":["https:\/\/www.legelaw.com\/tr\/fintek-ve-odeme-sistemleri\/"]}]},{"@type":"BreadcrumbList","@id":"https:\/\/www.legelaw.com\/tr\/fintek-ve-odeme-sistemleri\/#breadcrumb","itemListElement":[{"@type":"ListItem","position":1,"name":"Home","item":"https:\/\/www.legelaw.com\/tr\/"},{"@type":"ListItem","position":2,"name":"Fintek ve \u00d6deme Sistemleri"}]},{"@type":"WebSite","@id":"https:\/\/www.legelaw.com\/tr\/#website","url":"https:\/\/www.legelaw.com\/tr\/","name":"Lege Law","description":"Attorneys at law","potentialAction":[{"@type":"SearchAction","target":{"@type":"EntryPoint","urlTemplate":"https:\/\/www.legelaw.com\/tr\/?s={search_term_string}"},"query-input":{"@type":"PropertyValueSpecification","valueRequired":true,"valueName":"search_term_string"}}],"inLanguage":"tr"}]}},"_links":{"self":[{"href":"https:\/\/www.legelaw.com\/tr\/wp-json\/wp\/v2\/pages\/1957","targetHints":{"allow":["GET"]}}],"collection":[{"href":"https:\/\/www.legelaw.com\/tr\/wp-json\/wp\/v2\/pages"}],"about":[{"href":"https:\/\/www.legelaw.com\/tr\/wp-json\/wp\/v2\/types\/page"}],"author":[{"embeddable":true,"href":"https:\/\/www.legelaw.com\/tr\/wp-json\/wp\/v2\/users\/2"}],"replies":[{"embeddable":true,"href":"https:\/\/www.legelaw.com\/tr\/wp-json\/wp\/v2\/comments?post=1957"}],"version-history":[{"count":2,"href":"https:\/\/www.legelaw.com\/tr\/wp-json\/wp\/v2\/pages\/1957\/revisions"}],"predecessor-version":[{"id":1967,"href":"https:\/\/www.legelaw.com\/tr\/wp-json\/wp\/v2\/pages\/1957\/revisions\/1967"}],"wp:attachment":[{"href":"https:\/\/www.legelaw.com\/tr\/wp-json\/wp\/v2\/media?parent=1957"}],"curies":[{"name":"wp","href":"https:\/\/api.w.org\/{rel}","templated":true}]}}