{"id":1954,"date":"2024-08-12T22:32:21","date_gmt":"2024-08-12T19:32:21","guid":{"rendered":"https:\/\/www.legelaw.com\/?page_id=1954"},"modified":"2024-08-14T01:16:16","modified_gmt":"2024-08-13T22:16:16","slug":"vergi-hukuku","status":"publish","type":"page","link":"https:\/\/www.legelaw.com\/tr\/vergi-hukuku\/","title":{"rendered":"Vergi Hukuku"},"content":{"rendered":"<div class=\"fusion-fullwidth fullwidth-box fusion-builder-row-1 fusion-flex-container has-pattern-background has-mask-background nonhundred-percent-fullwidth non-hundred-percent-height-scrolling\" style=\"--awb-border-radius-top-left:0px;--awb-border-radius-top-right:0px;--awb-border-radius-bottom-right:0px;--awb-border-radius-bottom-left:0px;--awb-flex-wrap:wrap;\" ><div class=\"fusion-builder-row fusion-row fusion-flex-align-items-flex-start fusion-flex-content-wrap\" style=\"max-width:1248px;margin-left: calc(-4% \/ 2 );margin-right: calc(-4% \/ 2 );\"><div class=\"fusion-layout-column fusion_builder_column fusion-builder-column-0 fusion_builder_column_1_1 1_1 fusion-flex-column\" style=\"--awb-bg-size:cover;--awb-width-large:100%;--awb-margin-top-large:0px;--awb-spacing-right-large:1.92%;--awb-margin-bottom-large:20px;--awb-spacing-left-large:1.92%;--awb-width-medium:100%;--awb-order-medium:0;--awb-spacing-right-medium:1.92%;--awb-spacing-left-medium:1.92%;--awb-width-small:100%;--awb-order-small:0;--awb-spacing-right-small:1.92%;--awb-spacing-left-small:1.92%;\"><div class=\"fusion-column-wrapper fusion-column-has-shadow fusion-flex-justify-content-flex-start fusion-content-layout-column\"><div class=\"fusion-title title fusion-title-1 fusion-sep-none fusion-title-text fusion-title-size-one\" style=\"--awb-margin-top:0px;--awb-margin-bottom:40px;--awb-font-size:40px;\"><h1 class=\"fusion-title-heading title-heading-left\" style=\"margin:0;font-size:1em;\">Vergi Hukuku<\/h1><\/div><div class=\"fusion-separator\" style=\"align-self: flex-start;margin-right:auto;width:100%;max-width:40%;\"><div class=\"fusion-separator-border sep-shadow\" style=\"--awb-height:20px;--awb-amount:20px;--awb-sep-color:var(--awb-color5);background:radial-gradient(ellipse at 50% -50% , var(--awb-color5) 0px, rgba(255, 255, 255, 0) 80%) repeat scroll 0 0 rgba(0, 0, 0, 0);background:-webkit-radial-gradient(ellipse at 50% -50% , var(--awb-color5) 0px, rgba(255, 255, 255, 0) 80%) repeat scroll 0 0 rgba(0, 0, 0, 0);background:-moz-radial-gradient(ellipse at 50% -50% , var(--awb-color5) 0px, rgba(255, 255, 255, 0) 80%) repeat scroll 0 0 rgba(0, 0, 0, 0);background:-o-radial-gradient(ellipse at 50% -50% , var(--awb-color5) 0px, rgba(255, 255, 255, 0) 80%) repeat scroll 0 0 rgba(0, 0, 0, 0);\"><\/div><\/div><div class=\"fusion-text fusion-text-1\"><ul>\n<li>Hem T\u00fcrk hem de uluslararas\u0131 vergi mevzuat\u0131na ili\u015fkin bilgi ve tecr\u00fcbemizle, gerek \u0130dare&#8217;nin yorumlar\u0131na gerekse yarg\u0131 mercileri nezdindeki kararlara dayanan g\u00f6r\u00fc\u015flerimiz neticesinde faaliyetiniz kapsam\u0131nda kar\u015f\u0131la\u015fabilece\u011finiz vergisel teredd\u00fctleri gidermeyi hedefliyoruz.<\/li>\n<li>Uluslararas\u0131 vergi hizmetleri a\u011f\u0131 i\u00e7erisinde yer alan \u00e7ifte vergilendirmeyi \u00f6nleme anla\u015fmalar\u0131 gibi uluslararas\u0131 d\u00fczenlemeleri dikkate alarak, T\u00fcrkiye&#8217;de yerle\u015fik m\u00fc\u015fterilerimizin yurt d\u0131\u015f\u0131ndaki ve yurt d\u0131\u015f\u0131nda yerle\u015fik m\u00fc\u015fterilerimizin T\u00fcrkiye&#8217;deki yat\u0131r\u0131mlar\u0131 i\u00e7in uluslararas\u0131 vergi planlama stratejilerinin geli\u015ftirilmesi, m\u00fc\u015fterilerimizin k\u00fcresel vergi pozisyonunu iyile\u015ftirebilecek alternatiflerin olu\u015fturulmas\u0131, uluslararas\u0131 faaliyetlerden kaynaklanan vergi risklerinin belirlenmesi ve yurt d\u0131\u015f\u0131 beyan ve raporlama y\u00fck\u00fcml\u00fcl\u00fcklerinin yerine getirilmesi gibi konularda dan\u0131\u015fmanl\u0131k ve koordinasyon hizmeti vermekteyiz.<\/li>\n<li>Vergi denetimi s\u00fcrecinde, vergi inceleme eleman\u0131 nezdinde birincil muhatap olarak m\u00fcvekkili temsil ediyor, vergi denetiminin kapsam\u0131n\u0131 dikkate alarak risk denetimi \u00e7al\u0131\u015fmas\u0131 yap\u0131yor, \u00e7al\u0131\u015fma sonu\u00e7lar\u0131na g\u00f6re vergi denetim s\u00fcrecini y\u00f6netiyor ve denetimi takip edecek olas\u0131 uyu\u015fmazl\u0131k s\u00fcreci i\u00e7in strateji geli\u015ftiriyoruz.<\/li>\n<li>Fazla ve yersiz \u00f6denen vergilerin iadesine y\u00f6nelik altyap\u0131 \u00e7al\u0131\u015fmalar\u0131, Vergi \u0130daresi nezdinde d\u00fczeltme ve \u015fik\u00e2yet prosed\u00fcr\u00fcn\u00fcn y\u00f6netimi, ba\u015fvurular\u0131n vek\u00e2leten takibi de d\u00e2hil olmak \u00fczere idari ba\u015fvuru s\u00fcre\u00e7lerinde dan\u0131\u015fmanl\u0131k ve temsil hizmeti veriyoruz.<\/li>\n<li>M\u00fcvekkillerimizin vergi uyu\u015fmazl\u0131klar\u0131 kapsam\u0131ndaki her t\u00fcrl\u00fc ihtiyac\u0131na cevap verebilmekteyiz. Bu kapsamda vergi tarhiyatlar\u0131, ihtirazi kay\u0131tla beyan ve d\u00fczeltme-\u015fik\u00e2yet i\u015flemleri sonucunda a\u00e7\u0131lmas\u0131 gereken vergi davalar\u0131 ve vergi ceza davalar\u0131n\u0131n t\u00fcm yarg\u0131 s\u00fcre\u00e7lerinin takibine y\u00f6nelik hukuki hizmet sunmaktay\u0131z.<\/li>\n<\/ul>\n<\/div><\/div><\/div><\/div><\/div>\n","protected":false},"excerpt":{"rendered":"","protected":false},"author":2,"featured_media":0,"parent":0,"menu_order":0,"comment_status":"closed","ping_status":"closed","template":"100-width.php","meta":{"footnotes":""},"class_list":["post-1954","page","type-page","status-publish","hentry"],"yoast_head":"<!-- This site is optimized with the Yoast SEO plugin v26.0 - https:\/\/yoast.com\/wordpress\/plugins\/seo\/ -->\n<title>Vergi Hukuku - Lege Law<\/title>\n<meta name=\"robots\" content=\"index, follow, max-snippet:-1, max-image-preview:large, max-video-preview:-1\" \/>\n<link rel=\"canonical\" href=\"https:\/\/www.legelaw.com\/tr\/vergi-hukuku\/\" \/>\n<meta property=\"og:locale\" content=\"tr_TR\" \/>\n<meta property=\"og:type\" content=\"article\" \/>\n<meta property=\"og:title\" content=\"Vergi Hukuku - Lege Law\" \/>\n<meta property=\"og:url\" content=\"https:\/\/www.legelaw.com\/tr\/vergi-hukuku\/\" \/>\n<meta property=\"og:site_name\" content=\"Lege Law\" \/>\n<meta property=\"article:modified_time\" content=\"2024-08-13T22:16:16+00:00\" \/>\n<meta name=\"twitter:card\" content=\"summary_large_image\" \/>\n<meta name=\"twitter:label1\" content=\"Tahmini okuma s\u00fcresi\" \/>\n\t<meta name=\"twitter:data1\" content=\"2 dakika\" \/>\n<script type=\"application\/ld+json\" class=\"yoast-schema-graph\">{\"@context\":\"https:\/\/schema.org\",\"@graph\":[{\"@type\":\"WebPage\",\"@id\":\"https:\/\/www.legelaw.com\/tr\/vergi-hukuku\/\",\"url\":\"https:\/\/www.legelaw.com\/tr\/vergi-hukuku\/\",\"name\":\"Vergi Hukuku - Lege Law\",\"isPartOf\":{\"@id\":\"https:\/\/www.legelaw.com\/tr\/#website\"},\"datePublished\":\"2024-08-12T19:32:21+00:00\",\"dateModified\":\"2024-08-13T22:16:16+00:00\",\"breadcrumb\":{\"@id\":\"https:\/\/www.legelaw.com\/tr\/vergi-hukuku\/#breadcrumb\"},\"inLanguage\":\"tr\",\"potentialAction\":[{\"@type\":\"ReadAction\",\"target\":[\"https:\/\/www.legelaw.com\/tr\/vergi-hukuku\/\"]}]},{\"@type\":\"BreadcrumbList\",\"@id\":\"https:\/\/www.legelaw.com\/tr\/vergi-hukuku\/#breadcrumb\",\"itemListElement\":[{\"@type\":\"ListItem\",\"position\":1,\"name\":\"Home\",\"item\":\"https:\/\/www.legelaw.com\/tr\/\"},{\"@type\":\"ListItem\",\"position\":2,\"name\":\"Vergi Hukuku\"}]},{\"@type\":\"WebSite\",\"@id\":\"https:\/\/www.legelaw.com\/tr\/#website\",\"url\":\"https:\/\/www.legelaw.com\/tr\/\",\"name\":\"Lege Law\",\"description\":\"Attorneys at law\",\"potentialAction\":[{\"@type\":\"SearchAction\",\"target\":{\"@type\":\"EntryPoint\",\"urlTemplate\":\"https:\/\/www.legelaw.com\/tr\/?s={search_term_string}\"},\"query-input\":{\"@type\":\"PropertyValueSpecification\",\"valueRequired\":true,\"valueName\":\"search_term_string\"}}],\"inLanguage\":\"tr\"}]}<\/script>\n<!-- \/ Yoast SEO plugin. -->","yoast_head_json":{"title":"Vergi Hukuku - Lege Law","robots":{"index":"index","follow":"follow","max-snippet":"max-snippet:-1","max-image-preview":"max-image-preview:large","max-video-preview":"max-video-preview:-1"},"canonical":"https:\/\/www.legelaw.com\/tr\/vergi-hukuku\/","og_locale":"tr_TR","og_type":"article","og_title":"Vergi Hukuku - Lege Law","og_url":"https:\/\/www.legelaw.com\/tr\/vergi-hukuku\/","og_site_name":"Lege Law","article_modified_time":"2024-08-13T22:16:16+00:00","twitter_card":"summary_large_image","twitter_misc":{"Tahmini okuma s\u00fcresi":"2 dakika"},"schema":{"@context":"https:\/\/schema.org","@graph":[{"@type":"WebPage","@id":"https:\/\/www.legelaw.com\/tr\/vergi-hukuku\/","url":"https:\/\/www.legelaw.com\/tr\/vergi-hukuku\/","name":"Vergi Hukuku - Lege Law","isPartOf":{"@id":"https:\/\/www.legelaw.com\/tr\/#website"},"datePublished":"2024-08-12T19:32:21+00:00","dateModified":"2024-08-13T22:16:16+00:00","breadcrumb":{"@id":"https:\/\/www.legelaw.com\/tr\/vergi-hukuku\/#breadcrumb"},"inLanguage":"tr","potentialAction":[{"@type":"ReadAction","target":["https:\/\/www.legelaw.com\/tr\/vergi-hukuku\/"]}]},{"@type":"BreadcrumbList","@id":"https:\/\/www.legelaw.com\/tr\/vergi-hukuku\/#breadcrumb","itemListElement":[{"@type":"ListItem","position":1,"name":"Home","item":"https:\/\/www.legelaw.com\/tr\/"},{"@type":"ListItem","position":2,"name":"Vergi Hukuku"}]},{"@type":"WebSite","@id":"https:\/\/www.legelaw.com\/tr\/#website","url":"https:\/\/www.legelaw.com\/tr\/","name":"Lege Law","description":"Attorneys at law","potentialAction":[{"@type":"SearchAction","target":{"@type":"EntryPoint","urlTemplate":"https:\/\/www.legelaw.com\/tr\/?s={search_term_string}"},"query-input":{"@type":"PropertyValueSpecification","valueRequired":true,"valueName":"search_term_string"}}],"inLanguage":"tr"}]}},"_links":{"self":[{"href":"https:\/\/www.legelaw.com\/tr\/wp-json\/wp\/v2\/pages\/1954","targetHints":{"allow":["GET"]}}],"collection":[{"href":"https:\/\/www.legelaw.com\/tr\/wp-json\/wp\/v2\/pages"}],"about":[{"href":"https:\/\/www.legelaw.com\/tr\/wp-json\/wp\/v2\/types\/page"}],"author":[{"embeddable":true,"href":"https:\/\/www.legelaw.com\/tr\/wp-json\/wp\/v2\/users\/2"}],"replies":[{"embeddable":true,"href":"https:\/\/www.legelaw.com\/tr\/wp-json\/wp\/v2\/comments?post=1954"}],"version-history":[{"count":3,"href":"https:\/\/www.legelaw.com\/tr\/wp-json\/wp\/v2\/pages\/1954\/revisions"}],"predecessor-version":[{"id":2093,"href":"https:\/\/www.legelaw.com\/tr\/wp-json\/wp\/v2\/pages\/1954\/revisions\/2093"}],"wp:attachment":[{"href":"https:\/\/www.legelaw.com\/tr\/wp-json\/wp\/v2\/media?parent=1954"}],"curies":[{"name":"wp","href":"https:\/\/api.w.org\/{rel}","templated":true}]}}