{"id":1948,"date":"2024-08-12T22:32:20","date_gmt":"2024-08-12T19:32:20","guid":{"rendered":"https:\/\/www.legelaw.com\/?page_id=1948"},"modified":"2024-08-14T01:14:18","modified_gmt":"2024-08-13T22:14:18","slug":"sirketlerin-yeniden-yapilandirilmasi","status":"publish","type":"page","link":"https:\/\/www.legelaw.com\/tr\/sirketlerin-yeniden-yapilandirilmasi\/","title":{"rendered":"\u015eirketlerin Yeniden Yap\u0131land\u0131r\u0131lmas\u0131"},"content":{"rendered":"<div class=\"fusion-fullwidth fullwidth-box fusion-builder-row-1 fusion-flex-container has-pattern-background has-mask-background nonhundred-percent-fullwidth non-hundred-percent-height-scrolling\" style=\"--awb-border-radius-top-left:0px;--awb-border-radius-top-right:0px;--awb-border-radius-bottom-right:0px;--awb-border-radius-bottom-left:0px;--awb-flex-wrap:wrap;\" ><div class=\"fusion-builder-row fusion-row fusion-flex-align-items-flex-start fusion-flex-content-wrap\" style=\"max-width:1248px;margin-left: calc(-4% \/ 2 );margin-right: calc(-4% \/ 2 );\"><div class=\"fusion-layout-column fusion_builder_column fusion-builder-column-0 fusion_builder_column_1_1 1_1 fusion-flex-column\" style=\"--awb-bg-size:cover;--awb-width-large:100%;--awb-margin-top-large:0px;--awb-spacing-right-large:1.92%;--awb-margin-bottom-large:20px;--awb-spacing-left-large:1.92%;--awb-width-medium:100%;--awb-order-medium:0;--awb-spacing-right-medium:1.92%;--awb-spacing-left-medium:1.92%;--awb-width-small:100%;--awb-order-small:0;--awb-spacing-right-small:1.92%;--awb-spacing-left-small:1.92%;\"><div class=\"fusion-column-wrapper fusion-column-has-shadow fusion-flex-justify-content-flex-start fusion-content-layout-column\"><div class=\"fusion-title title fusion-title-1 fusion-sep-none fusion-title-text fusion-title-size-one\" style=\"--awb-margin-top:0px;--awb-margin-bottom:40px;--awb-font-size:40px;\"><h1 class=\"fusion-title-heading title-heading-left\" style=\"margin:0;font-size:1em;\">\u015eirketlerin Yeniden Yap\u0131land\u0131r\u0131lmas\u0131<\/h1><\/div><div class=\"fusion-separator\" style=\"align-self: flex-start;margin-right:auto;width:100%;max-width:40%;\"><div class=\"fusion-separator-border sep-shadow\" style=\"--awb-height:20px;--awb-amount:20px;--awb-sep-color:var(--awb-color5);background:radial-gradient(ellipse at 50% -50% , var(--awb-color5) 0px, rgba(255, 255, 255, 0) 80%) repeat scroll 0 0 rgba(0, 0, 0, 0);background:-webkit-radial-gradient(ellipse at 50% -50% , var(--awb-color5) 0px, rgba(255, 255, 255, 0) 80%) repeat scroll 0 0 rgba(0, 0, 0, 0);background:-moz-radial-gradient(ellipse at 50% -50% , var(--awb-color5) 0px, rgba(255, 255, 255, 0) 80%) repeat scroll 0 0 rgba(0, 0, 0, 0);background:-o-radial-gradient(ellipse at 50% -50% , var(--awb-color5) 0px, rgba(255, 255, 255, 0) 80%) repeat scroll 0 0 rgba(0, 0, 0, 0);\"><\/div><\/div><div class=\"fusion-text fusion-text-1\"><p>\u015eirketlerin yeniden yap\u0131land\u0131r\u0131lmas\u0131; \u015firketlerin vergili birle\u015fmesi, bir \u015firketin di\u011ferini devralmas\u0131, t\u00fcr de\u011fi\u015ftirmesi, bir \u015firketin tam veya k\u0131smi b\u00f6l\u00fcnmesi veya hisse de\u011fi\u015fimi gibi \u00e7e\u015fitli \u015fekillerde ger\u00e7ekle\u015ftirilebilmektedir. \u015eirket yeniden yap\u0131land\u0131rmalar\u0131; \u015firket de\u011ferinin art\u0131r\u0131lmas\u0131, \u015firket y\u00f6netimi ve yap\u0131s\u0131n\u0131n yeniden organize edilmesi, miras paylar\u0131n\u0131n payla\u015ft\u0131r\u0131lmas\u0131, malvarl\u0131\u011f\u0131 ile \u00fcretim veya hizmet i\u015fletmelerinin sat\u0131\u015f\u0131 gibi \u00e7ok \u00e7e\u015fitli ama\u00e7larla ger\u00e7ekle\u015ftirilmektedir. Bu nedenle, \u015firket birle\u015fmeleri veya bir \u015firketin tam veya k\u0131smi b\u00f6l\u00fcnmesi, t\u00fcr de\u011fi\u015ftirmesi ticari hayat\u0131n en s\u0131k kar\u015f\u0131la\u015f\u0131lan olgular\u0131ndand\u0131r.<br \/>\nBu ba\u011flamda \u015firketlere birle\u015fme, devralma, t\u00fcr de\u011fi\u015ftirme, hisse sat\u0131\u015f\u0131, yurtd\u0131\u015f\u0131 \u015firket kurulu\u015fu, aile \u015firketlerinin yap\u0131land\u0131\u0131rlmas\u0131 ve aile anayasas\u0131 yaz\u0131lmas\u0131, konkordato ve iflas erteleme gibi hem \u015firketlerin hem de bor\u00e7lar\u0131n\u0131n yeniden yap\u0131land\u0131r\u0131lmas\u0131 s\u00fcre\u00e7lerinde uzmanla\u015fan ekibimiz ve kurumsal finans konusunda uzman dan\u0131\u015fmanlar\u0131m\u0131zla \u015firketlere destek olmaktay\u0131z.<\/p>\n<\/div><\/div><\/div><\/div><\/div>\n","protected":false},"excerpt":{"rendered":"","protected":false},"author":2,"featured_media":0,"parent":0,"menu_order":0,"comment_status":"closed","ping_status":"closed","template":"100-width.php","meta":{"footnotes":""},"class_list":["post-1948","page","type-page","status-publish","hentry"],"yoast_head":"<!-- This site is optimized with the Yoast SEO plugin v26.0 - https:\/\/yoast.com\/wordpress\/plugins\/seo\/ -->\n<title>\u015eirketlerin Yeniden Yap\u0131land\u0131r\u0131lmas\u0131 - Lege Law<\/title>\n<meta name=\"robots\" content=\"index, follow, max-snippet:-1, max-image-preview:large, max-video-preview:-1\" \/>\n<link rel=\"canonical\" href=\"https:\/\/www.legelaw.com\/tr\/sirketlerin-yeniden-yapilandirilmasi\/\" \/>\n<meta property=\"og:locale\" content=\"tr_TR\" \/>\n<meta property=\"og:type\" content=\"article\" \/>\n<meta property=\"og:title\" content=\"\u015eirketlerin Yeniden Yap\u0131land\u0131r\u0131lmas\u0131 - Lege Law\" \/>\n<meta property=\"og:url\" content=\"https:\/\/www.legelaw.com\/tr\/sirketlerin-yeniden-yapilandirilmasi\/\" \/>\n<meta property=\"og:site_name\" content=\"Lege Law\" \/>\n<meta property=\"article:modified_time\" content=\"2024-08-13T22:14:18+00:00\" \/>\n<meta name=\"twitter:card\" content=\"summary_large_image\" \/>\n<meta name=\"twitter:label1\" content=\"Tahmini okuma s\u00fcresi\" \/>\n\t<meta name=\"twitter:data1\" content=\"1 dakika\" \/>\n<script type=\"application\/ld+json\" class=\"yoast-schema-graph\">{\"@context\":\"https:\/\/schema.org\",\"@graph\":[{\"@type\":\"WebPage\",\"@id\":\"https:\/\/www.legelaw.com\/tr\/sirketlerin-yeniden-yapilandirilmasi\/\",\"url\":\"https:\/\/www.legelaw.com\/tr\/sirketlerin-yeniden-yapilandirilmasi\/\",\"name\":\"\u015eirketlerin Yeniden Yap\u0131land\u0131r\u0131lmas\u0131 - Lege Law\",\"isPartOf\":{\"@id\":\"https:\/\/www.legelaw.com\/tr\/#website\"},\"datePublished\":\"2024-08-12T19:32:20+00:00\",\"dateModified\":\"2024-08-13T22:14:18+00:00\",\"breadcrumb\":{\"@id\":\"https:\/\/www.legelaw.com\/tr\/sirketlerin-yeniden-yapilandirilmasi\/#breadcrumb\"},\"inLanguage\":\"tr\",\"potentialAction\":[{\"@type\":\"ReadAction\",\"target\":[\"https:\/\/www.legelaw.com\/tr\/sirketlerin-yeniden-yapilandirilmasi\/\"]}]},{\"@type\":\"BreadcrumbList\",\"@id\":\"https:\/\/www.legelaw.com\/tr\/sirketlerin-yeniden-yapilandirilmasi\/#breadcrumb\",\"itemListElement\":[{\"@type\":\"ListItem\",\"position\":1,\"name\":\"Home\",\"item\":\"https:\/\/www.legelaw.com\/tr\/\"},{\"@type\":\"ListItem\",\"position\":2,\"name\":\"\u015eirketlerin Yeniden Yap\u0131land\u0131r\u0131lmas\u0131\"}]},{\"@type\":\"WebSite\",\"@id\":\"https:\/\/www.legelaw.com\/tr\/#website\",\"url\":\"https:\/\/www.legelaw.com\/tr\/\",\"name\":\"Lege Law\",\"description\":\"Attorneys at law\",\"potentialAction\":[{\"@type\":\"SearchAction\",\"target\":{\"@type\":\"EntryPoint\",\"urlTemplate\":\"https:\/\/www.legelaw.com\/tr\/?s={search_term_string}\"},\"query-input\":{\"@type\":\"PropertyValueSpecification\",\"valueRequired\":true,\"valueName\":\"search_term_string\"}}],\"inLanguage\":\"tr\"}]}<\/script>\n<!-- \/ Yoast SEO plugin. -->","yoast_head_json":{"title":"\u015eirketlerin Yeniden Yap\u0131land\u0131r\u0131lmas\u0131 - Lege Law","robots":{"index":"index","follow":"follow","max-snippet":"max-snippet:-1","max-image-preview":"max-image-preview:large","max-video-preview":"max-video-preview:-1"},"canonical":"https:\/\/www.legelaw.com\/tr\/sirketlerin-yeniden-yapilandirilmasi\/","og_locale":"tr_TR","og_type":"article","og_title":"\u015eirketlerin Yeniden Yap\u0131land\u0131r\u0131lmas\u0131 - Lege Law","og_url":"https:\/\/www.legelaw.com\/tr\/sirketlerin-yeniden-yapilandirilmasi\/","og_site_name":"Lege Law","article_modified_time":"2024-08-13T22:14:18+00:00","twitter_card":"summary_large_image","twitter_misc":{"Tahmini okuma s\u00fcresi":"1 dakika"},"schema":{"@context":"https:\/\/schema.org","@graph":[{"@type":"WebPage","@id":"https:\/\/www.legelaw.com\/tr\/sirketlerin-yeniden-yapilandirilmasi\/","url":"https:\/\/www.legelaw.com\/tr\/sirketlerin-yeniden-yapilandirilmasi\/","name":"\u015eirketlerin Yeniden Yap\u0131land\u0131r\u0131lmas\u0131 - Lege Law","isPartOf":{"@id":"https:\/\/www.legelaw.com\/tr\/#website"},"datePublished":"2024-08-12T19:32:20+00:00","dateModified":"2024-08-13T22:14:18+00:00","breadcrumb":{"@id":"https:\/\/www.legelaw.com\/tr\/sirketlerin-yeniden-yapilandirilmasi\/#breadcrumb"},"inLanguage":"tr","potentialAction":[{"@type":"ReadAction","target":["https:\/\/www.legelaw.com\/tr\/sirketlerin-yeniden-yapilandirilmasi\/"]}]},{"@type":"BreadcrumbList","@id":"https:\/\/www.legelaw.com\/tr\/sirketlerin-yeniden-yapilandirilmasi\/#breadcrumb","itemListElement":[{"@type":"ListItem","position":1,"name":"Home","item":"https:\/\/www.legelaw.com\/tr\/"},{"@type":"ListItem","position":2,"name":"\u015eirketlerin Yeniden Yap\u0131land\u0131r\u0131lmas\u0131"}]},{"@type":"WebSite","@id":"https:\/\/www.legelaw.com\/tr\/#website","url":"https:\/\/www.legelaw.com\/tr\/","name":"Lege Law","description":"Attorneys at law","potentialAction":[{"@type":"SearchAction","target":{"@type":"EntryPoint","urlTemplate":"https:\/\/www.legelaw.com\/tr\/?s={search_term_string}"},"query-input":{"@type":"PropertyValueSpecification","valueRequired":true,"valueName":"search_term_string"}}],"inLanguage":"tr"}]}},"_links":{"self":[{"href":"https:\/\/www.legelaw.com\/tr\/wp-json\/wp\/v2\/pages\/1948","targetHints":{"allow":["GET"]}}],"collection":[{"href":"https:\/\/www.legelaw.com\/tr\/wp-json\/wp\/v2\/pages"}],"about":[{"href":"https:\/\/www.legelaw.com\/tr\/wp-json\/wp\/v2\/types\/page"}],"author":[{"embeddable":true,"href":"https:\/\/www.legelaw.com\/tr\/wp-json\/wp\/v2\/users\/2"}],"replies":[{"embeddable":true,"href":"https:\/\/www.legelaw.com\/tr\/wp-json\/wp\/v2\/comments?post=1948"}],"version-history":[{"count":3,"href":"https:\/\/www.legelaw.com\/tr\/wp-json\/wp\/v2\/pages\/1948\/revisions"}],"predecessor-version":[{"id":2091,"href":"https:\/\/www.legelaw.com\/tr\/wp-json\/wp\/v2\/pages\/1948\/revisions\/2091"}],"wp:attachment":[{"href":"https:\/\/www.legelaw.com\/tr\/wp-json\/wp\/v2\/media?parent=1948"}],"curies":[{"name":"wp","href":"https:\/\/api.w.org\/{rel}","templated":true}]}}