{"id":1945,"date":"2024-08-12T22:32:19","date_gmt":"2024-08-12T19:32:19","guid":{"rendered":"https:\/\/www.legelaw.com\/?page_id=1945"},"modified":"2024-08-14T01:10:54","modified_gmt":"2024-08-13T22:10:54","slug":"is-dunyasi-ve-insan-haklari","status":"publish","type":"page","link":"https:\/\/www.legelaw.com\/tr\/is-dunyasi-ve-insan-haklari\/","title":{"rendered":"\u0130\u015f D\u00fcnyas\u0131 ve \u0130nsan Haklar\u0131"},"content":{"rendered":"<div class=\"fusion-fullwidth fullwidth-box fusion-builder-row-1 fusion-flex-container has-pattern-background has-mask-background nonhundred-percent-fullwidth non-hundred-percent-height-scrolling\" style=\"--awb-border-radius-top-left:0px;--awb-border-radius-top-right:0px;--awb-border-radius-bottom-right:0px;--awb-border-radius-bottom-left:0px;--awb-flex-wrap:wrap;\" ><div class=\"fusion-builder-row fusion-row fusion-flex-align-items-flex-start fusion-flex-content-wrap\" style=\"max-width:1248px;margin-left: calc(-4% \/ 2 );margin-right: calc(-4% \/ 2 );\"><div class=\"fusion-layout-column fusion_builder_column fusion-builder-column-0 fusion_builder_column_1_1 1_1 fusion-flex-column\" style=\"--awb-bg-size:cover;--awb-width-large:100%;--awb-margin-top-large:0px;--awb-spacing-right-large:1.92%;--awb-margin-bottom-large:20px;--awb-spacing-left-large:1.92%;--awb-width-medium:100%;--awb-order-medium:0;--awb-spacing-right-medium:1.92%;--awb-spacing-left-medium:1.92%;--awb-width-small:100%;--awb-order-small:0;--awb-spacing-right-small:1.92%;--awb-spacing-left-small:1.92%;\"><div class=\"fusion-column-wrapper fusion-column-has-shadow fusion-flex-justify-content-flex-start fusion-content-layout-column\"><div class=\"fusion-title title fusion-title-1 fusion-sep-none fusion-title-text fusion-title-size-one\" style=\"--awb-margin-top:0px;--awb-margin-bottom:40px;--awb-font-size:40px;\"><h1 class=\"fusion-title-heading title-heading-left\" style=\"margin:0;font-size:1em;\">\u0130\u015f D\u00fcnyas\u0131 ve \u0130nsan Haklar\u0131<\/h1><\/div><div class=\"fusion-separator\" style=\"align-self: flex-start;margin-right:auto;width:100%;max-width:40%;\"><div class=\"fusion-separator-border sep-shadow\" style=\"--awb-height:20px;--awb-amount:20px;--awb-sep-color:var(--awb-color5);background:radial-gradient(ellipse at 50% -50% , var(--awb-color5) 0px, rgba(255, 255, 255, 0) 80%) repeat scroll 0 0 rgba(0, 0, 0, 0);background:-webkit-radial-gradient(ellipse at 50% -50% , var(--awb-color5) 0px, rgba(255, 255, 255, 0) 80%) repeat scroll 0 0 rgba(0, 0, 0, 0);background:-moz-radial-gradient(ellipse at 50% -50% , var(--awb-color5) 0px, rgba(255, 255, 255, 0) 80%) repeat scroll 0 0 rgba(0, 0, 0, 0);background:-o-radial-gradient(ellipse at 50% -50% , var(--awb-color5) 0px, rgba(255, 255, 255, 0) 80%) repeat scroll 0 0 rgba(0, 0, 0, 0);\"><\/div><\/div><div class=\"fusion-text fusion-text-1\"><p>\u0130\u015fletmelerin insan haklar\u0131 sorumluluklar\u0131na ili\u015fkin hem T\u00fcrk hukuku hem de AB hukukuna uygun uygulamalarla kapsaml\u0131 bir analiz ve uyum program\u0131 sunuyoruz.<\/p>\n<p>\u00c7ok uluslu \u015firketlere insan haklar\u0131yla ilgili geni\u015f bir yelpazede y\u00f6neti\u015fim, dan\u0131\u015fmanl\u0131k, i\u015flemsel, risk y\u00f6netimi, uyumluluk ve uyu\u015fmazl\u0131k \u00e7\u00f6z\u00fcm\u00fc konular\u0131nda kapsaml\u0131 dan\u0131\u015fmanl\u0131k ve temsil hizmetleri sunuyoruz. Hizmetlerimiz aras\u0131nda insan haklar\u0131 politikalar\u0131n\u0131n ve uyumluluk sistemlerinin uygulanabilir T\u00fcrk yasalar\u0131 ve y\u00f6netmelikleri, y\u00f6neti\u015fim uygulamalar\u0131, kurumsal k\u00fclt\u00fcr, y\u00f6netim yap\u0131lar\u0131, medeni, cezai ve idari yarg\u0131lamalarda temsil, T\u00fcrk Anayasa Mahkemesi ve Avrupa \u0130nsan Haklar\u0131 Mahkemesi&#8217;nde dan\u0131\u015fmanl\u0131k, kriz y\u00f6netimi, h\u00fck\u00fcmetler ve sivil toplumla etkile\u015fim, insan haklar\u0131 gerekli \u00f6zeni ve insan haklar\u0131na ili\u015fkin yasal ve yumu\u015fak hukuk standartlar\u0131yla uyumlu operasyonel d\u00fczeyde \u015fikayet mekanizmalar\u0131 ve ihbar prosed\u00fcrlerinin geli\u015ftirilmesi yer almaktad\u0131r.<\/p>\n<\/div><\/div><\/div><\/div><\/div>\n","protected":false},"excerpt":{"rendered":"","protected":false},"author":2,"featured_media":0,"parent":0,"menu_order":0,"comment_status":"closed","ping_status":"closed","template":"100-width.php","meta":{"footnotes":""},"class_list":["post-1945","page","type-page","status-publish","hentry"],"yoast_head":"<!-- This site is optimized with the Yoast SEO plugin v26.0 - https:\/\/yoast.com\/wordpress\/plugins\/seo\/ -->\n<title>\u0130\u015f D\u00fcnyas\u0131 ve \u0130nsan Haklar\u0131 - Lege Law<\/title>\n<meta name=\"robots\" content=\"index, follow, max-snippet:-1, max-image-preview:large, max-video-preview:-1\" \/>\n<link rel=\"canonical\" href=\"https:\/\/www.legelaw.com\/tr\/is-dunyasi-ve-insan-haklari\/\" \/>\n<meta property=\"og:locale\" content=\"tr_TR\" \/>\n<meta property=\"og:type\" content=\"article\" \/>\n<meta property=\"og:title\" content=\"\u0130\u015f D\u00fcnyas\u0131 ve \u0130nsan Haklar\u0131 - Lege Law\" \/>\n<meta property=\"og:url\" content=\"https:\/\/www.legelaw.com\/tr\/is-dunyasi-ve-insan-haklari\/\" \/>\n<meta property=\"og:site_name\" content=\"Lege Law\" \/>\n<meta property=\"article:modified_time\" content=\"2024-08-13T22:10:54+00:00\" \/>\n<meta name=\"twitter:card\" content=\"summary_large_image\" \/>\n<meta name=\"twitter:label1\" content=\"Tahmini okuma s\u00fcresi\" \/>\n\t<meta name=\"twitter:data1\" content=\"1 dakika\" \/>\n<script type=\"application\/ld+json\" class=\"yoast-schema-graph\">{\"@context\":\"https:\/\/schema.org\",\"@graph\":[{\"@type\":\"WebPage\",\"@id\":\"https:\/\/www.legelaw.com\/tr\/is-dunyasi-ve-insan-haklari\/\",\"url\":\"https:\/\/www.legelaw.com\/tr\/is-dunyasi-ve-insan-haklari\/\",\"name\":\"\u0130\u015f D\u00fcnyas\u0131 ve \u0130nsan Haklar\u0131 - Lege Law\",\"isPartOf\":{\"@id\":\"https:\/\/www.legelaw.com\/tr\/#website\"},\"datePublished\":\"2024-08-12T19:32:19+00:00\",\"dateModified\":\"2024-08-13T22:10:54+00:00\",\"breadcrumb\":{\"@id\":\"https:\/\/www.legelaw.com\/tr\/is-dunyasi-ve-insan-haklari\/#breadcrumb\"},\"inLanguage\":\"tr\",\"potentialAction\":[{\"@type\":\"ReadAction\",\"target\":[\"https:\/\/www.legelaw.com\/tr\/is-dunyasi-ve-insan-haklari\/\"]}]},{\"@type\":\"BreadcrumbList\",\"@id\":\"https:\/\/www.legelaw.com\/tr\/is-dunyasi-ve-insan-haklari\/#breadcrumb\",\"itemListElement\":[{\"@type\":\"ListItem\",\"position\":1,\"name\":\"Home\",\"item\":\"https:\/\/www.legelaw.com\/tr\/\"},{\"@type\":\"ListItem\",\"position\":2,\"name\":\"\u0130\u015f D\u00fcnyas\u0131 ve \u0130nsan Haklar\u0131\"}]},{\"@type\":\"WebSite\",\"@id\":\"https:\/\/www.legelaw.com\/tr\/#website\",\"url\":\"https:\/\/www.legelaw.com\/tr\/\",\"name\":\"Lege Law\",\"description\":\"Attorneys at law\",\"potentialAction\":[{\"@type\":\"SearchAction\",\"target\":{\"@type\":\"EntryPoint\",\"urlTemplate\":\"https:\/\/www.legelaw.com\/tr\/?s={search_term_string}\"},\"query-input\":{\"@type\":\"PropertyValueSpecification\",\"valueRequired\":true,\"valueName\":\"search_term_string\"}}],\"inLanguage\":\"tr\"}]}<\/script>\n<!-- \/ Yoast SEO plugin. -->","yoast_head_json":{"title":"\u0130\u015f D\u00fcnyas\u0131 ve \u0130nsan Haklar\u0131 - Lege Law","robots":{"index":"index","follow":"follow","max-snippet":"max-snippet:-1","max-image-preview":"max-image-preview:large","max-video-preview":"max-video-preview:-1"},"canonical":"https:\/\/www.legelaw.com\/tr\/is-dunyasi-ve-insan-haklari\/","og_locale":"tr_TR","og_type":"article","og_title":"\u0130\u015f D\u00fcnyas\u0131 ve \u0130nsan Haklar\u0131 - Lege Law","og_url":"https:\/\/www.legelaw.com\/tr\/is-dunyasi-ve-insan-haklari\/","og_site_name":"Lege Law","article_modified_time":"2024-08-13T22:10:54+00:00","twitter_card":"summary_large_image","twitter_misc":{"Tahmini okuma s\u00fcresi":"1 dakika"},"schema":{"@context":"https:\/\/schema.org","@graph":[{"@type":"WebPage","@id":"https:\/\/www.legelaw.com\/tr\/is-dunyasi-ve-insan-haklari\/","url":"https:\/\/www.legelaw.com\/tr\/is-dunyasi-ve-insan-haklari\/","name":"\u0130\u015f D\u00fcnyas\u0131 ve \u0130nsan Haklar\u0131 - Lege Law","isPartOf":{"@id":"https:\/\/www.legelaw.com\/tr\/#website"},"datePublished":"2024-08-12T19:32:19+00:00","dateModified":"2024-08-13T22:10:54+00:00","breadcrumb":{"@id":"https:\/\/www.legelaw.com\/tr\/is-dunyasi-ve-insan-haklari\/#breadcrumb"},"inLanguage":"tr","potentialAction":[{"@type":"ReadAction","target":["https:\/\/www.legelaw.com\/tr\/is-dunyasi-ve-insan-haklari\/"]}]},{"@type":"BreadcrumbList","@id":"https:\/\/www.legelaw.com\/tr\/is-dunyasi-ve-insan-haklari\/#breadcrumb","itemListElement":[{"@type":"ListItem","position":1,"name":"Home","item":"https:\/\/www.legelaw.com\/tr\/"},{"@type":"ListItem","position":2,"name":"\u0130\u015f D\u00fcnyas\u0131 ve \u0130nsan Haklar\u0131"}]},{"@type":"WebSite","@id":"https:\/\/www.legelaw.com\/tr\/#website","url":"https:\/\/www.legelaw.com\/tr\/","name":"Lege Law","description":"Attorneys at law","potentialAction":[{"@type":"SearchAction","target":{"@type":"EntryPoint","urlTemplate":"https:\/\/www.legelaw.com\/tr\/?s={search_term_string}"},"query-input":{"@type":"PropertyValueSpecification","valueRequired":true,"valueName":"search_term_string"}}],"inLanguage":"tr"}]}},"_links":{"self":[{"href":"https:\/\/www.legelaw.com\/tr\/wp-json\/wp\/v2\/pages\/1945","targetHints":{"allow":["GET"]}}],"collection":[{"href":"https:\/\/www.legelaw.com\/tr\/wp-json\/wp\/v2\/pages"}],"about":[{"href":"https:\/\/www.legelaw.com\/tr\/wp-json\/wp\/v2\/types\/page"}],"author":[{"embeddable":true,"href":"https:\/\/www.legelaw.com\/tr\/wp-json\/wp\/v2\/users\/2"}],"replies":[{"embeddable":true,"href":"https:\/\/www.legelaw.com\/tr\/wp-json\/wp\/v2\/comments?post=1945"}],"version-history":[{"count":3,"href":"https:\/\/www.legelaw.com\/tr\/wp-json\/wp\/v2\/pages\/1945\/revisions"}],"predecessor-version":[{"id":2088,"href":"https:\/\/www.legelaw.com\/tr\/wp-json\/wp\/v2\/pages\/1945\/revisions\/2088"}],"wp:attachment":[{"href":"https:\/\/www.legelaw.com\/tr\/wp-json\/wp\/v2\/media?parent=1945"}],"curies":[{"name":"wp","href":"https:\/\/api.w.org\/{rel}","templated":true}]}}