{"id":1574,"date":"2024-07-25T18:24:42","date_gmt":"2024-07-25T15:24:42","guid":{"rendered":"https:\/\/www.legelaw.com\/?page_id=1574"},"modified":"2024-08-10T21:45:52","modified_gmt":"2024-08-10T18:45:52","slug":"risk-analizi-aydinlatma-metni","status":"publish","type":"page","link":"https:\/\/www.legelaw.com\/tr\/risk-analizi-aydinlatma-metni\/","title":{"rendered":"Risk Analizi Ayd\u0131nlatma Metni"},"content":{"rendered":"<div class=\"fusion-fullwidth fullwidth-box fusion-builder-row-1 fusion-flex-container has-pattern-background has-mask-background nonhundred-percent-fullwidth non-hundred-percent-height-scrolling\" style=\"--awb-border-radius-top-left:0px;--awb-border-radius-top-right:0px;--awb-border-radius-bottom-right:0px;--awb-border-radius-bottom-left:0px;--awb-margin-bottom:10px;--awb-flex-wrap:wrap;\" ><div class=\"fusion-builder-row fusion-row fusion-flex-align-items-flex-start fusion-flex-content-wrap\" style=\"max-width:1248px;margin-left: calc(-4% \/ 2 );margin-right: calc(-4% \/ 2 );\"><div class=\"fusion-layout-column fusion_builder_column fusion-builder-column-0 fusion_builder_column_1_1 1_1 fusion-flex-column\" style=\"--awb-bg-size:cover;--awb-width-large:100%;--awb-margin-top-large:0px;--awb-spacing-right-large:1.92%;--awb-margin-bottom-large:20px;--awb-spacing-left-large:1.92%;--awb-width-medium:100%;--awb-order-medium:0;--awb-spacing-right-medium:1.92%;--awb-spacing-left-medium:1.92%;--awb-width-small:100%;--awb-order-small:0;--awb-spacing-right-small:1.92%;--awb-spacing-left-small:1.92%;\"><div class=\"fusion-column-wrapper fusion-column-has-shadow fusion-flex-justify-content-flex-start fusion-content-layout-column\"><div class=\"fusion-text fusion-text-1\"><p style=\"text-align: center;\"><strong>R\u0130SK ANAL\u0130Z\u0130 TALEP EDENLERE A\u0130T K\u0130\u015e\u0130SEL VER\u0130LER\u0130N KORUNMASI VE \u0130\u015eLENMES\u0130 HAKKINDA AYDINLATMA METN\u0130\u00a0<\/strong><\/p>\n<p>Lege Ortak Avukatl\u0131k B\u00fcrosu (\u201cLEGE\u201d) olarak ki\u015fisel verilerinizin g\u00fcvenli\u011fi hususuna azami hassasiyet g\u00f6stermekteyiz. Bu bilin\u00e7le, LEGE b\u00fcnyesinde \u00e7al\u0131\u015fmak isteyen ve i\u015f ba\u015fvurusunda bulunan ger\u00e7ek ki\u015filere ait ki\u015fisel verilerin 6698 say\u0131l\u0131 Ki\u015fisel Verilerin Korunmas\u0131 Kanunu (\u201cKanun\u201d)\u2019na, Kanun\u2019a ba\u011fl\u0131 y\u00fcr\u00fcrl\u00fc\u011fe koyulan ve koyulacak ikincil d\u00fczenlemelere (y\u00f6netmelik, tebli\u011f, genelge) ve ba\u011flay\u0131c\u0131 nitelikteki Ki\u015fisel Verileri Koruma Kurulu taraf\u0131ndan al\u0131nm\u0131\u015f ve al\u0131nacak kararlara uygun olarak i\u015flenerek, muhafaza edilmesine b\u00fcy\u00fck \u00f6nem atfetmekteyiz. Bu sorumlulu\u011fumuzun tam idraki ile Kanun\u2019da tan\u0131ml\u0131 \u015fekli ile \u201cVeri Sorumlusu\u201d s\u0131fat\u0131yla, ki\u015fisel verilerinizi i\u015fe al\u0131m i\u015flemleri kapsam\u0131nda a\u015fa\u011f\u0131da izah edildi\u011fi surette ve mevzuat taraf\u0131ndan emredilen s\u0131n\u0131rlar \u00e7er\u00e7evesinde i\u015flemekteyiz. \u0130\u015fbu ayd\u0131nlatma metni hakk\u0131ndaki g\u00f6r\u00fc\u015f ve sorular\u0131n\u0131z\u0131, info@legelaw.com adresine g\u00f6nderece\u011finiz epostalar arac\u0131l\u0131\u011f\u0131yla LEGE\u2019ye iletebilirsiniz.<\/p>\n<p><strong>1. Veri Sorumlusuna \u0130li\u015fkin Bilgiler<\/strong><\/p>\n<p>LEGE Ortak Avukatl\u0131k B\u00fcrosu ad\u0131 alt\u0131nda \u201cTe\u015fvikiye Mah. \u015eakay\u0131k Sok. No:60 \u0130zmitli Apt. K:5 \u015ei\u015fli \/ \u0130stanbul\u201d adresinde mukim 51504 baro sicil numaral\u0131 Av. Mehmet Ko\u00e7 Veri Sorumlusudur.<\/p>\n<p><strong>2. Ki\u015fisel Verilerin \u0130\u015flenme Ama\u00e7lar\u0131<\/strong><\/p>\n<p>Ki\u015fisel verileriniz LEGE taraf\u0131ndan;<\/p>\n<ul>\n<li>6698 say\u0131l\u0131 Ki\u015fisel Verilerin Korunmas\u0131 Kanunu\u2019nda ve bu Kanun\u2019a ba\u011fl\u0131 \u00e7\u0131kar\u0131lan,<\/li>\n<li>ikinci d\u00fczenlemelerde belirtilen y\u00fck\u00fcml\u00fcl\u00fcklerimizi yerine getirmek,<\/li>\n<li>Gerekti\u011finde ilgili kamu kurum ve kurulu\u015flar\u0131n\u0131n, adli veya idari yarg\u0131 mercilerinin ve kolluk g\u00fc\u00e7lerinin ihtiyac\u0131 olan bilgileri sa\u011flamak,<\/li>\n<li>Risk analizinin yap\u0131lmas\u0131 ve taraf\u0131n\u0131za bildirimi,<\/li>\n<\/ul>\n<p>Ama\u00e7lar\u0131yla Kanun\u2019da belirtilen s\u0131n\u0131rlar \u00e7er\u00e7evesinde hukuka, d\u00fcr\u00fcstl\u00fck kurallar\u0131na uygun ve i\u015fbu ama\u00e7larla her daim ba\u011flant\u0131l\u0131, s\u0131n\u0131rl\u0131 ve \u00f6l\u00e7\u00fcl\u00fc \u015fekilde i\u015flenmektedir.<\/p>\n<p><strong>3. Ki\u015fisel Verilerin Aktar\u0131lmas\u0131 <\/strong><\/p>\n<p>Ki\u015fisel verileriniz, yukar\u0131da say\u0131lan ama\u00e7lar dahilinde, Kanun\u2019un 8\/2-a bendinde ve 9.maddesinde belirtilen \u015fartlara uygun olarak, ba\u015fta talebin ifas\u0131 nedeniyle LEGE \u00e7al\u0131\u015fanlar\u0131na, hosting firmas\u0131na, ilgili mevzuatta izin verilen ger\u00e7ek ve t\u00fczel ki\u015filere, yetkili di\u011fer kamu kurum ve kurulu\u015flar\u0131na, adli ve idari yarg\u0131 mercilerine yukar\u0131da say\u0131lan ama\u00e7lar\u0131n ger\u00e7ekle\u015ftirilmesi kapsam\u0131nda aktar\u0131labilmektedir.<\/p>\n<p><strong>4. Ki\u015fisel Verilerin Toplanma Y\u00f6ntemleri ve Hukuki Sebepleri <\/strong><\/p>\n<p>Ki\u015fisel verileriniz; LEGE taraf\u0131ndan, e-posta, telefon, internet sitesi ve ka\u011f\u0131t ortam\u0131nda tutulan formlar gibi vas\u0131talarla otomatik ve otomatik olmayan y\u00f6ntemlerle s\u00f6zl\u00fc, yaz\u0131l\u0131 veya elektronik ortamda toplanmaktad\u0131r. Bu kapsamda; ad-soyad,\u00a0 e-posta adresi, \u015firket bilgisi tipindeki ki\u015fisel verileriniz Kanun\u2019un 5. maddesinin 2\/d-e-f bentleri uyar\u0131nca ilgili ki\u015finin kendisi taraf\u0131ndan alenile\u015ftirilmi\u015f olmas\u0131 ve ilgili ki\u015finin temel hak ve h\u00fcrriyetlerine zarar vermemek kayd\u0131yla veri sorumlusunun me\u015fru menfaatleri i\u00e7in veri i\u015flemenin zorunlu olmas\u0131 hukuki sebeplerine dayal\u0131 olarak i\u015flenmektedir.<\/p>\n<p><strong>5. Veri Sahiplerinin Kanun Kapsam\u0131ndaki Haklar\u0131 <\/strong><\/p>\n<p>Diledi\u011finiz zaman LEGE\u2019ye ba\u015fvurarak;<\/p>\n<ul>\n<li>Ki\u015fisel verilerinizin i\u015flenip i\u015flenmedi\u011fini \u00f6\u011frenme,<\/li>\n<li>Ki\u015fisel verileriniz i\u015flenmi\u015fse buna ili\u015fkin bilgi talep etme,<\/li>\n<li>Ki\u015fisel verilerinizin i\u015flenme amac\u0131n\u0131 ve bunlar\u0131n amac\u0131na uygun kullan\u0131l\u0131p kullan\u0131lmad\u0131\u011f\u0131n\u0131 \u00f6\u011frenme,<\/li>\n<li>Yurt i\u00e7inde veya yurt d\u0131\u015f\u0131nda ki\u015fisel verilerinizin aktar\u0131ld\u0131\u011f\u0131 \u00fc\u00e7\u00fcnc\u00fc ki\u015fileri bilme,<\/li>\n<li>Ki\u015fisel verilerinizin eksik veya yanl\u0131\u015f i\u015flenmi\u015f olmas\u0131 h\u00e2linde bunlar\u0131n d\u00fczeltilmesini isteme,<\/li>\n<li>Kanun\u2019un 7. maddesinde \u00f6ng\u00f6r\u00fclen \u015fartlar \u00e7er\u00e7evesinde ki\u015fisel verilerin silinmesini veya yok edilmesini isteme,<\/li>\n<li>Kanun\u2019un 11. maddesinin (d) ve (e) bentleri uyar\u0131nca yap\u0131lan i\u015flemlerin, ki\u015fisel verilerinizin aktar\u0131ld\u0131\u011f\u0131 \u00fc\u00e7\u00fcnc\u00fc ki\u015filere bildirilmesini isteme,<\/li>\n<li>\u0130\u015flenen verilerinizin m\u00fcnhas\u0131ran otomatik sistemler vas\u0131tas\u0131yla analiz edilmesi suretiyle kendiniz aleyhine bir sonucun ortaya \u00e7\u0131kmas\u0131na itiraz etme,<\/li>\n<li>Ki\u015fisel verilerinizin kanuna ayk\u0131r\u0131 olarak i\u015flenmesi sebebiyle zarara u\u011framan\u0131z h\u00e2linde zarar\u0131n giderilmesini talep etme,<\/li>\n<\/ul>\n<p>Haklar\u0131n\u0131z\u0131 kullanmay\u0131 talep edebilirsiniz. Haklar\u0131n\u0131za ve Kanunun uygulanmas\u0131na ili\u015fkin taleplerinizi, ba\u015fvuru formunu doldurarak \u0131slak imzal\u0131 \u015fekilde \u201cTe\u015fvikiye Mah. \u015eakay\u0131k Sok. No:60 \u0130zmitli Apt. K:5 \u015ei\u015fli \/ \u0130stanbul\u201d adresine noter kanal\u0131yla, iadeli taahh\u00fctl\u00fc posta yoluyla veya \u015fahsi ba\u015fvurunuzla ya da elektronik ortamda doldurdu\u011funuz ba\u015fvuru formunu mobil imzan\u0131zla, g\u00fcvenli elektronik imzan\u0131zla imzalad\u0131ktan sonra KEP adresinizi veya LEGE\u2019in veri kay\u0131t sisteminde halihaz\u0131rda kay\u0131tl\u0131 olan e-posta adresinizi kullanarak info@legelaw.com adresine iletebilirsiniz. LEGE, bu kapsamdaki taleplere yaz\u0131l\u0131 olarak cevap verilecekse, on sayfaya kadar \u00fccret almadan; on sayfan\u0131n \u00fczerindeki her sayfa i\u00e7in 1 T\u00fcrk Liras\u0131 i\u015flem \u00fccreti alarak yan\u0131tland\u0131racakt\u0131r. Ba\u015fvuruya cevab\u0131n CD, flash bellek gibi bir kay\u0131t ortam\u0131nda verilmesi halinde LEGE taraf\u0131ndan talep edilebilecek \u00fccret kay\u0131t ortam\u0131n\u0131n maliyetini ge\u00e7meyecektir.<\/p>\n<p>Ki\u015fisel veri sahibi olarak sahip oldu\u011funuz ve yukar\u0131da belirtilen haklar\u0131n\u0131z\u0131 kullanmak i\u00e7in yapaca\u011f\u0131n\u0131z ve kullanmay\u0131 talep etti\u011finiz hakka ili\u015fkin a\u00e7\u0131klamalar\u0131n\u0131z\u0131 i\u00e7eren ba\u015fvuruda; talep etti\u011finiz hususun a\u00e7\u0131k ve anla\u015f\u0131l\u0131r olmas\u0131, talep etti\u011finiz konunun \u015fahs\u0131n\u0131z ile ilgili olmas\u0131 veya ba\u015fkas\u0131 ad\u0131na hareket ediyor iseniz bu konuda noter taraf\u0131ndan tasdiklenmi\u015f \u00f6zel vek\u00e2letnamenizi ibraz etmeniz gerekecektir. Ba\u015fvurular\u0131n\u0131zda, ad-soyad, imza, T.C. kimlik numaras\u0131, ikamet veya i\u015fyeri adresi, e-posta adresi, telefon ve faks numaras\u0131, talep konusu unsurlar\u0131n\u0131n bulunmas\u0131 \u201cVeri Sorumlusuna Ba\u015fvuru Usul ve Esaslar\u0131 Hakk\u0131nda Tebli\u011f\u201d uyar\u0131nca zorunludur. S\u00f6z konusu unsurlar\u0131 bar\u0131nd\u0131rmayan ba\u015fvurular LEGE taraf\u0131ndan reddedilecektir.<\/p>\n<p style=\"text-align: right;\"><strong>LEGE Ortak Avukatl\u0131k B\u00fcrosu <\/strong><\/p>\n<p style=\"text-align: right;\"><strong>ad\u0131na Av. Mehmet KO\u00c7<\/strong><\/p>\n<\/div><\/div><\/div><\/div><\/div>\n","protected":false},"excerpt":{"rendered":"","protected":false},"author":2,"featured_media":0,"parent":0,"menu_order":0,"comment_status":"closed","ping_status":"closed","template":"100-width.php","meta":{"footnotes":""},"class_list":["post-1574","page","type-page","status-publish","hentry"],"yoast_head":"<!-- This site is optimized with the Yoast SEO plugin v26.0 - https:\/\/yoast.com\/wordpress\/plugins\/seo\/ -->\n<title>Risk Analizi Ayd\u0131nlatma Metni - Lege Law<\/title>\n<meta name=\"description\" content=\"Lege olarak, m\u00fcvekkillerimize uluslararas\u0131 kalite standartlar\u0131nda hukuki \u00e7\u00f6z\u00fcmleri en h\u0131zl\u0131 \u015fekilde sunuyoruz.\" \/>\n<meta name=\"robots\" content=\"index, follow, max-snippet:-1, max-image-preview:large, max-video-preview:-1\" \/>\n<link rel=\"canonical\" href=\"https:\/\/www.legelaw.com\/tr\/risk-analizi-aydinlatma-metni\/\" \/>\n<meta property=\"og:locale\" content=\"tr_TR\" \/>\n<meta property=\"og:type\" content=\"article\" \/>\n<meta property=\"og:title\" content=\"Risk Analizi Ayd\u0131nlatma Metni - Lege Law\" \/>\n<meta property=\"og:description\" content=\"Lege olarak, m\u00fcvekkillerimize uluslararas\u0131 kalite standartlar\u0131nda hukuki \u00e7\u00f6z\u00fcmleri en h\u0131zl\u0131 \u015fekilde sunuyoruz.\" \/>\n<meta property=\"og:url\" content=\"https:\/\/www.legelaw.com\/tr\/risk-analizi-aydinlatma-metni\/\" \/>\n<meta property=\"og:site_name\" content=\"Lege Law\" \/>\n<meta property=\"article:modified_time\" content=\"2024-08-10T18:45:52+00:00\" \/>\n<meta name=\"twitter:card\" content=\"summary_large_image\" \/>\n<meta name=\"twitter:label1\" content=\"Tahmini okuma s\u00fcresi\" \/>\n\t<meta name=\"twitter:data1\" content=\"4 dakika\" \/>\n<script type=\"application\/ld+json\" class=\"yoast-schema-graph\">{\"@context\":\"https:\/\/schema.org\",\"@graph\":[{\"@type\":\"WebPage\",\"@id\":\"https:\/\/www.legelaw.com\/tr\/risk-analizi-aydinlatma-metni\/\",\"url\":\"https:\/\/www.legelaw.com\/tr\/risk-analizi-aydinlatma-metni\/\",\"name\":\"Risk Analizi Ayd\u0131nlatma Metni - Lege Law\",\"isPartOf\":{\"@id\":\"https:\/\/www.legelaw.com\/tr\/#website\"},\"datePublished\":\"2024-07-25T15:24:42+00:00\",\"dateModified\":\"2024-08-10T18:45:52+00:00\",\"description\":\"Lege olarak, m\u00fcvekkillerimize uluslararas\u0131 kalite standartlar\u0131nda hukuki \u00e7\u00f6z\u00fcmleri en h\u0131zl\u0131 \u015fekilde sunuyoruz.\",\"breadcrumb\":{\"@id\":\"https:\/\/www.legelaw.com\/tr\/risk-analizi-aydinlatma-metni\/#breadcrumb\"},\"inLanguage\":\"tr\",\"potentialAction\":[{\"@type\":\"ReadAction\",\"target\":[\"https:\/\/www.legelaw.com\/tr\/risk-analizi-aydinlatma-metni\/\"]}]},{\"@type\":\"BreadcrumbList\",\"@id\":\"https:\/\/www.legelaw.com\/tr\/risk-analizi-aydinlatma-metni\/#breadcrumb\",\"itemListElement\":[{\"@type\":\"ListItem\",\"position\":1,\"name\":\"Home\",\"item\":\"https:\/\/www.legelaw.com\/tr\/\"},{\"@type\":\"ListItem\",\"position\":2,\"name\":\"Risk Analizi Ayd\u0131nlatma Metni\"}]},{\"@type\":\"WebSite\",\"@id\":\"https:\/\/www.legelaw.com\/tr\/#website\",\"url\":\"https:\/\/www.legelaw.com\/tr\/\",\"name\":\"Lege Law\",\"description\":\"Attorneys at law\",\"potentialAction\":[{\"@type\":\"SearchAction\",\"target\":{\"@type\":\"EntryPoint\",\"urlTemplate\":\"https:\/\/www.legelaw.com\/tr\/?s={search_term_string}\"},\"query-input\":{\"@type\":\"PropertyValueSpecification\",\"valueRequired\":true,\"valueName\":\"search_term_string\"}}],\"inLanguage\":\"tr\"}]}<\/script>\n<!-- \/ Yoast SEO plugin. -->","yoast_head_json":{"title":"Risk Analizi Ayd\u0131nlatma Metni - Lege Law","description":"Lege olarak, m\u00fcvekkillerimize uluslararas\u0131 kalite standartlar\u0131nda hukuki \u00e7\u00f6z\u00fcmleri en h\u0131zl\u0131 \u015fekilde sunuyoruz.","robots":{"index":"index","follow":"follow","max-snippet":"max-snippet:-1","max-image-preview":"max-image-preview:large","max-video-preview":"max-video-preview:-1"},"canonical":"https:\/\/www.legelaw.com\/tr\/risk-analizi-aydinlatma-metni\/","og_locale":"tr_TR","og_type":"article","og_title":"Risk Analizi Ayd\u0131nlatma Metni - Lege Law","og_description":"Lege olarak, m\u00fcvekkillerimize uluslararas\u0131 kalite standartlar\u0131nda hukuki \u00e7\u00f6z\u00fcmleri en h\u0131zl\u0131 \u015fekilde sunuyoruz.","og_url":"https:\/\/www.legelaw.com\/tr\/risk-analizi-aydinlatma-metni\/","og_site_name":"Lege Law","article_modified_time":"2024-08-10T18:45:52+00:00","twitter_card":"summary_large_image","twitter_misc":{"Tahmini okuma s\u00fcresi":"4 dakika"},"schema":{"@context":"https:\/\/schema.org","@graph":[{"@type":"WebPage","@id":"https:\/\/www.legelaw.com\/tr\/risk-analizi-aydinlatma-metni\/","url":"https:\/\/www.legelaw.com\/tr\/risk-analizi-aydinlatma-metni\/","name":"Risk Analizi Ayd\u0131nlatma Metni - Lege Law","isPartOf":{"@id":"https:\/\/www.legelaw.com\/tr\/#website"},"datePublished":"2024-07-25T15:24:42+00:00","dateModified":"2024-08-10T18:45:52+00:00","description":"Lege olarak, m\u00fcvekkillerimize uluslararas\u0131 kalite standartlar\u0131nda hukuki \u00e7\u00f6z\u00fcmleri en h\u0131zl\u0131 \u015fekilde sunuyoruz.","breadcrumb":{"@id":"https:\/\/www.legelaw.com\/tr\/risk-analizi-aydinlatma-metni\/#breadcrumb"},"inLanguage":"tr","potentialAction":[{"@type":"ReadAction","target":["https:\/\/www.legelaw.com\/tr\/risk-analizi-aydinlatma-metni\/"]}]},{"@type":"BreadcrumbList","@id":"https:\/\/www.legelaw.com\/tr\/risk-analizi-aydinlatma-metni\/#breadcrumb","itemListElement":[{"@type":"ListItem","position":1,"name":"Home","item":"https:\/\/www.legelaw.com\/tr\/"},{"@type":"ListItem","position":2,"name":"Risk Analizi Ayd\u0131nlatma Metni"}]},{"@type":"WebSite","@id":"https:\/\/www.legelaw.com\/tr\/#website","url":"https:\/\/www.legelaw.com\/tr\/","name":"Lege Law","description":"Attorneys at law","potentialAction":[{"@type":"SearchAction","target":{"@type":"EntryPoint","urlTemplate":"https:\/\/www.legelaw.com\/tr\/?s={search_term_string}"},"query-input":{"@type":"PropertyValueSpecification","valueRequired":true,"valueName":"search_term_string"}}],"inLanguage":"tr"}]}},"_links":{"self":[{"href":"https:\/\/www.legelaw.com\/tr\/wp-json\/wp\/v2\/pages\/1574","targetHints":{"allow":["GET"]}}],"collection":[{"href":"https:\/\/www.legelaw.com\/tr\/wp-json\/wp\/v2\/pages"}],"about":[{"href":"https:\/\/www.legelaw.com\/tr\/wp-json\/wp\/v2\/types\/page"}],"author":[{"embeddable":true,"href":"https:\/\/www.legelaw.com\/tr\/wp-json\/wp\/v2\/users\/2"}],"replies":[{"embeddable":true,"href":"https:\/\/www.legelaw.com\/tr\/wp-json\/wp\/v2\/comments?post=1574"}],"version-history":[{"count":11,"href":"https:\/\/www.legelaw.com\/tr\/wp-json\/wp\/v2\/pages\/1574\/revisions"}],"predecessor-version":[{"id":1882,"href":"https:\/\/www.legelaw.com\/tr\/wp-json\/wp\/v2\/pages\/1574\/revisions\/1882"}],"wp:attachment":[{"href":"https:\/\/www.legelaw.com\/tr\/wp-json\/wp\/v2\/media?parent=1574"}],"curies":[{"name":"wp","href":"https:\/\/api.w.org\/{rel}","templated":true}]}}